{"id":8,"date":"2021-10-09T19:06:27","date_gmt":"2021-10-09T17:06:27","guid":{"rendered":"https:\/\/schiffshebewerk-niederfinow.com\/?page_id=8"},"modified":"2021-10-09T19:06:27","modified_gmt":"2021-10-09T17:06:27","slug":"contact","status":"publish","type":"page","link":"https:\/\/schiffshebewerk-niederfinow.com\/pl\/contact\/","title":{"rendered":"Kontakt"},"content":{"rendered":"<div class=\"wp-block-cover alignfull has-nv-site-bg-background-color has-background-dim\" style=\"min-height:300px;aspect-ratio:unset;\"><div class=\"wp-block-cover__inner-container is-layout-flow wp-block-cover-is-layout-flow\">\n<div class=\"wp-block-group\"><div class=\"wp-block-group__inner-container is-layout-flow wp-block-group-is-layout-flow\">\n<h1 class=\"has-text-align-left has-neve-text-color-color has-text-color wp-block-heading\">Get in touch<\/h1>\n<\/div><\/div>\n<\/div><\/div>\n\n\n\n<div class=\"wp-block-cover alignfull has-nv-light-bg-background-color has-background-dim\" style=\"min-height:420px;aspect-ratio:unset;\"><div class=\"wp-block-cover__inner-container is-layout-flow wp-block-cover-is-layout-flow\">\n<div style=\"height:80px\" aria-hidden=\"true\" class=\"wp-block-spacer\"><\/div>\n\n\n\n<div class=\"wp-block-columns is-layout-flex wp-container-core-columns-is-layout-1 wp-block-columns-is-layout-flex\">\n<div class=\"wp-block-column is-layout-flow wp-block-column-is-layout-flow\">\n<div style=\"height:24px\" aria-hidden=\"true\" class=\"wp-block-spacer\"><\/div>\n\n\n\n<div class=\"wp-block-image icon-style is-style-rounded\"><figure class=\"aligncenter is-resized\"><img decoding=\"async\" src=\"https:\/\/schiffshebewerk-niederfinow.com\/wp-content-784723398\/themes\/neve\/assets\/img\/starter-content\/icon-05.svg\" alt=\"\" width=\"48\" height=\"48\"\/><\/figure><\/div>\n\n\n\n<h3 class=\"has-text-align-center has-neve-text-color-color has-text-color wp-block-heading\">Call us<\/h3>\n\n\n\n<p class=\"has-text-align-center has-neve-text-color-color has-text-color\" style=\"font-size:15px\">509-728-8632 | Monday &#8211; Friday<\/p>\n\n\n\n<div style=\"height:24px\" aria-hidden=\"true\" class=\"wp-block-spacer\"><\/div>\n<\/div>\n\n\n\n<div class=\"wp-block-column is-layout-flow wp-block-column-is-layout-flow\">\n<div style=\"height:24px\" aria-hidden=\"true\" class=\"wp-block-spacer\"><\/div>\n\n\n<div class=\"wp-block-image icon-style is-style-rounded\"><figure class=\"aligncenter is-resized\"><img decoding=\"async\" src=\"https:\/\/schiffshebewerk-niederfinow.com\/wp-content-784723398\/themes\/neve\/assets\/img\/starter-content\/icon-06.svg\" alt=\"\" width=\"48\" height=\"48\"\/><\/figure><\/div>\n\n\n\n\n<h3 class=\"has-text-align-center has-neve-text-color-color has-text-color wp-block-heading\">Email<\/h3>\n\n\n\n<p class=\"has-text-align-center has-neve-text-color-color has-text-color\" style=\"font-size:15px\">info@example.com<\/p>\n\n\n\n<div style=\"height:24px\" aria-hidden=\"true\" class=\"wp-block-spacer\"><\/div>\n<\/div>\n\n\n\n<div class=\"wp-block-column is-layout-flow wp-block-column-is-layout-flow\">\n<div style=\"height:24px\" aria-hidden=\"true\" class=\"wp-block-spacer\"><\/div>\n\n\n<div class=\"wp-block-image icon-style is-style-rounded\"><figure class=\"aligncenter is-resized\"><img decoding=\"async\" src=\"https:\/\/schiffshebewerk-niederfinow.com\/wp-content-784723398\/themes\/neve\/assets\/img\/starter-content\/icon-04.svg\" alt=\"\" width=\"48\" height=\"48\"\/><\/figure><\/div>\n\n\n\n\n<h3 class=\"has-text-align-center has-neve-text-color-color has-text-color wp-block-heading\">Offices<\/h3>\n\n\n\n<p class=\"has-text-align-center has-neve-text-color-color has-text-color\" style=\"font-size:15px\">2982 Sun Valley Road, Pittsburgh<\/p>\n\n\n\n<div style=\"height:24px\" aria-hidden=\"true\" class=\"wp-block-spacer\"><\/div>\n<\/div>\n<\/div>\n\n\n\n<div style=\"height:30px\" aria-hidden=\"true\" class=\"wp-block-spacer\"><\/div>\n<\/div><\/div>\n\n\n\n<div class=\"wp-block-cover alignfull has-nv-dark-bg-background-color has-background-dim\" style=\"min-height:600px;aspect-ratio:unset;\"><div class=\"wp-block-cover__inner-container is-layout-flow wp-block-cover-is-layout-flow\">\n<div class=\"wp-block-group\"><div class=\"wp-block-group__inner-container is-layout-flow wp-block-group-is-layout-flow\">\n<div style=\"height:80px\" aria-hidden=\"true\" class=\"wp-block-spacer\"><\/div>\n\n\n\n<div class=\"wp-block-columns is-layout-flex wp-container-core-columns-is-layout-2 wp-block-columns-is-layout-flex\">\n<div class=\"wp-block-column is-vertically-aligned-center is-layout-flow wp-block-column-is-layout-flow\" style=\"flex-basis:50%\">\n<h2 class=\"has-nv-text-dark-bg-color has-text-color wp-block-heading\">Send us a message or Come visit us<\/h2>\n\n\n\n<p class=\"has-white-color has-text-color\">Lorem ipsum dolor sit amet, consectetur adipiscing elit. Ut elit tellus, luctus nec ullamcorper mattis, pulvinar dapibus leo.<\/p>\n<\/div>\n\n\n\n<div class=\"wp-block-column is-vertically-aligned-center is-layout-flow wp-block-column-is-layout-flow\" style=\"flex-basis:50%\">\n<figure class=\"wp-block-image\"><img decoding=\"async\" src=\"https:\/\/schiffshebewerk-niederfinow.com\/wp-content-784723398\/themes\/neve\/assets\/img\/starter-content\/map.png\" alt=\"\"\/><\/figure>\n<\/div>\n<\/div>\n\n\n\n<div style=\"height:40px\" aria-hidden=\"true\" class=\"wp-block-spacer\"><\/div>\n<\/div><\/div>\n<\/div><\/div>","protected":false},"excerpt":{"rendered":"","protected":false},"author":5,"featured_media":0,"parent":0,"menu_order":0,"comment_status":"closed","ping_status":"closed","template":"","meta":{"neve_meta_sidebar":"","neve_meta_container":"","neve_meta_enable_content_width":"on","neve_meta_content_width":100,"neve_meta_title_alignment":"","neve_meta_author_avatar":"","neve_post_elements_order":"","neve_meta_disable_header":"","neve_meta_disable_footer":"","neve_meta_disable_title":"on","footnotes":""},"class_list":["post-8","page","type-page","status-publish","hentry"],"yoast_head":"<!-- This site is optimized with the Yoast SEO plugin v26.8 - https:\/\/yoast.com\/product\/yoast-seo-wordpress\/ -->\n<title>Schiffshebewerk Niederfinow - Kontakt<\/title>\n<meta name=\"description\" content=\"&quot;Besuchen Sie die Schiffshebewerke Niederfinow, Deutschlands \u00e4ltestes noch arbeitendes Schiffshebewerk direkt neben dem neuen und modernsten Hebewerk. Erleben Sie spannende F\u00fchrungen, lernen Sie die Geschichte der Hebewerke kennen und genie\u00dfen Sie einzigartige Events. Perfekt f\u00fcr Familienausfl\u00fcge, Gruppenreisen und Technikbegeisterte.&quot;\" \/>\n<meta name=\"robots\" content=\"index, follow, max-snippet:-1, max-image-preview:large, max-video-preview:-1\" \/>\n<link rel=\"canonical\" href=\"https:\/\/schiffshebewerk-niederfinow.com\/pl\/contact\/\" \/>\n<meta property=\"og:locale\" content=\"pl_PL\" \/>\n<meta property=\"og:type\" content=\"article\" \/>\n<meta property=\"og:title\" content=\"Schiffshebewerk Niederfinow - Kontakt\" \/>\n<meta property=\"og:description\" content=\"&quot;Besuchen Sie die Schiffshebewerke Niederfinow, Deutschlands \u00e4ltestes noch arbeitendes Schiffshebewerk direkt neben dem neuen und modernsten Hebewerk. Erleben Sie spannende F\u00fchrungen, lernen Sie die Geschichte der Hebewerke kennen und genie\u00dfen Sie einzigartige Events. Perfekt f\u00fcr Familienausfl\u00fcge, Gruppenreisen und Technikbegeisterte.&quot;\" \/>\n<meta property=\"og:url\" content=\"https:\/\/schiffshebewerk-niederfinow.com\/pl\/contact\/\" \/>\n<meta property=\"og:site_name\" content=\"Schiffshebewerk Niederfinow\" \/>\n<meta property=\"og:image\" content=\"https:\/\/schiffshebewerk-niederfinow.com\/wp-content-784723398\/themes\/neve\/assets\/img\/starter-content\/icon-05.svg\" \/>\n<meta name=\"twitter:card\" content=\"summary_large_image\" \/>\n<script type=\"application\/ld+json\" class=\"yoast-schema-graph\">{\"@context\":\"https:\/\/schema.org\",\"@graph\":[{\"@type\":\"WebPage\",\"@id\":\"https:\/\/schiffshebewerk-niederfinow.com\/contact\/\",\"url\":\"https:\/\/schiffshebewerk-niederfinow.com\/contact\/\",\"name\":\"Schiffshebewerk Niederfinow - Kontakt\",\"isPartOf\":{\"@id\":\"https:\/\/schiffshebewerk-niederfinow.com\/#website\"},\"primaryImageOfPage\":{\"@id\":\"https:\/\/schiffshebewerk-niederfinow.com\/contact\/#primaryimage\"},\"image\":{\"@id\":\"https:\/\/schiffshebewerk-niederfinow.com\/contact\/#primaryimage\"},\"thumbnailUrl\":\"https:\/\/schiffshebewerk-niederfinow.com\/wp-content-784723398\/themes\/neve\/assets\/img\/starter-content\/icon-05.svg\",\"datePublished\":\"2021-10-09T17:06:27+00:00\",\"description\":\"\\\"Besuchen Sie die Schiffshebewerke Niederfinow, Deutschlands \u00e4ltestes noch arbeitendes Schiffshebewerk direkt neben dem neuen und modernsten Hebewerk. Erleben Sie spannende F\u00fchrungen, lernen Sie die Geschichte der Hebewerke kennen und genie\u00dfen Sie einzigartige Events. Perfekt f\u00fcr Familienausfl\u00fcge, Gruppenreisen und Technikbegeisterte.\\\"\",\"breadcrumb\":{\"@id\":\"https:\/\/schiffshebewerk-niederfinow.com\/contact\/#breadcrumb\"},\"inLanguage\":\"pl-PL\",\"potentialAction\":[{\"@type\":\"ReadAction\",\"target\":[\"https:\/\/schiffshebewerk-niederfinow.com\/contact\/\"]}]},{\"@type\":\"ImageObject\",\"inLanguage\":\"pl-PL\",\"@id\":\"https:\/\/schiffshebewerk-niederfinow.com\/contact\/#primaryimage\",\"url\":\"https:\/\/schiffshebewerk-niederfinow.com\/wp-content-784723398\/themes\/neve\/assets\/img\/starter-content\/icon-05.svg\",\"contentUrl\":\"https:\/\/schiffshebewerk-niederfinow.com\/wp-content-784723398\/themes\/neve\/assets\/img\/starter-content\/icon-05.svg\"},{\"@type\":\"BreadcrumbList\",\"@id\":\"https:\/\/schiffshebewerk-niederfinow.com\/contact\/#breadcrumb\",\"itemListElement\":[{\"@type\":\"ListItem\",\"position\":1,\"name\":\"Startseite\",\"item\":\"https:\/\/schiffshebewerk-niederfinow.com\/\"},{\"@type\":\"ListItem\",\"position\":2,\"name\":\"Kontakt\"}]},{\"@type\":\"WebSite\",\"@id\":\"https:\/\/schiffshebewerk-niederfinow.com\/#website\",\"url\":\"https:\/\/schiffshebewerk-niederfinow.com\/\",\"name\":\"Schiffshebewerk Niederfinow\",\"description\":\"\",\"publisher\":{\"@id\":\"https:\/\/schiffshebewerk-niederfinow.com\/#organization\"},\"potentialAction\":[{\"@type\":\"SearchAction\",\"target\":{\"@type\":\"EntryPoint\",\"urlTemplate\":\"https:\/\/schiffshebewerk-niederfinow.com\/?s={search_term_string}\"},\"query-input\":{\"@type\":\"PropertyValueSpecification\",\"valueRequired\":true,\"valueName\":\"search_term_string\"}}],\"inLanguage\":\"pl-PL\"},{\"@type\":\"Organization\",\"@id\":\"https:\/\/schiffshebewerk-niederfinow.com\/#organization\",\"name\":\"Schiffshebewerk Niederfinow\",\"url\":\"https:\/\/schiffshebewerk-niederfinow.com\/\",\"logo\":{\"@type\":\"ImageObject\",\"inLanguage\":\"pl-PL\",\"@id\":\"https:\/\/schiffshebewerk-niederfinow.com\/#\/schema\/logo\/image\/\",\"url\":\"https:\/\/schiffshebewerk-niederfinow.com\/wp-content-784723398\/uploads\/2021\/11\/cropped-cropped-SHW_Marke_final_small.png\",\"contentUrl\":\"https:\/\/schiffshebewerk-niederfinow.com\/wp-content-784723398\/uploads\/2021\/11\/cropped-cropped-SHW_Marke_final_small.png\",\"width\":180,\"height\":108,\"caption\":\"Schiffshebewerk Niederfinow\"},\"image\":{\"@id\":\"https:\/\/schiffshebewerk-niederfinow.com\/#\/schema\/logo\/image\/\"}}]}<\/script>\n<!-- \/ Yoast SEO plugin. -->","yoast_head_json":{"title":"Schiffshebewerk Niederfinow - Kontakt","description":"\"Besuchen Sie die Schiffshebewerke Niederfinow, Deutschlands \\u00e4ltestes noch arbeitendes Schiffshebewerk direkt neben dem neuen und modernsten Hebewerk. Erleben Sie spannende F\\u00fchrungen, lernen Sie die Geschichte der Hebewerke kennen und genie\\u00dfen Sie einzigartige Events. Perfekt f\\u00fcr Familienausfl\\u00fcge, Gruppenreisen und Technikbegeisterte.\"","robots":{"index":"index","follow":"follow","max-snippet":"max-snippet:-1","max-image-preview":"max-image-preview:large","max-video-preview":"max-video-preview:-1"},"canonical":"https:\/\/schiffshebewerk-niederfinow.com\/pl\/contact\/","og_locale":"pl_PL","og_type":"article","og_title":"Schiffshebewerk Niederfinow - Kontakt","og_description":"\"Besuchen Sie die Schiffshebewerke Niederfinow, Deutschlands \u00e4ltestes noch arbeitendes Schiffshebewerk direkt neben dem neuen und modernsten Hebewerk. Erleben Sie spannende F\u00fchrungen, lernen Sie die Geschichte der Hebewerke kennen und genie\u00dfen Sie einzigartige Events. Perfekt f\u00fcr Familienausfl\u00fcge, Gruppenreisen und Technikbegeisterte.\"","og_url":"https:\/\/schiffshebewerk-niederfinow.com\/pl\/contact\/","og_site_name":"Schiffshebewerk Niederfinow","og_image":[{"url":"https:\/\/schiffshebewerk-niederfinow.com\/wp-content-784723398\/themes\/neve\/assets\/img\/starter-content\/icon-05.svg","type":"","width":"","height":""}],"twitter_card":"summary_large_image","schema":{"@context":"https:\/\/schema.org","@graph":[{"@type":"WebPage","@id":"https:\/\/schiffshebewerk-niederfinow.com\/contact\/","url":"https:\/\/schiffshebewerk-niederfinow.com\/contact\/","name":"Schiffshebewerk Niederfinow - Kontakt","isPartOf":{"@id":"https:\/\/schiffshebewerk-niederfinow.com\/#website"},"primaryImageOfPage":{"@id":"https:\/\/schiffshebewerk-niederfinow.com\/contact\/#primaryimage"},"image":{"@id":"https:\/\/schiffshebewerk-niederfinow.com\/contact\/#primaryimage"},"thumbnailUrl":"https:\/\/schiffshebewerk-niederfinow.com\/wp-content-784723398\/themes\/neve\/assets\/img\/starter-content\/icon-05.svg","datePublished":"2021-10-09T17:06:27+00:00","description":"\"Besuchen Sie die Schiffshebewerke Niederfinow, Deutschlands \\u00e4ltestes noch arbeitendes Schiffshebewerk direkt neben dem neuen und modernsten Hebewerk. Erleben Sie spannende F\\u00fchrungen, lernen Sie die Geschichte der Hebewerke kennen und genie\\u00dfen Sie einzigartige Events. Perfekt f\\u00fcr Familienausfl\\u00fcge, Gruppenreisen und Technikbegeisterte.\"","breadcrumb":{"@id":"https:\/\/schiffshebewerk-niederfinow.com\/contact\/#breadcrumb"},"inLanguage":"pl-PL","potentialAction":[{"@type":"ReadAction","target":["https:\/\/schiffshebewerk-niederfinow.com\/contact\/"]}]},{"@type":"ImageObject","inLanguage":"pl-PL","@id":"https:\/\/schiffshebewerk-niederfinow.com\/contact\/#primaryimage","url":"https:\/\/schiffshebewerk-niederfinow.com\/wp-content-784723398\/themes\/neve\/assets\/img\/starter-content\/icon-05.svg","contentUrl":"https:\/\/schiffshebewerk-niederfinow.com\/wp-content-784723398\/themes\/neve\/assets\/img\/starter-content\/icon-05.svg"},{"@type":"BreadcrumbList","@id":"https:\/\/schiffshebewerk-niederfinow.com\/contact\/#breadcrumb","itemListElement":[{"@type":"ListItem","position":1,"name":"Startseite","item":"https:\/\/schiffshebewerk-niederfinow.com\/"},{"@type":"ListItem","position":2,"name":"Kontakt"}]},{"@type":"WebSite","@id":"https:\/\/schiffshebewerk-niederfinow.com\/#website","url":"https:\/\/schiffshebewerk-niederfinow.com\/","name":"Schiffshebewerk Niederfinow","description":"","publisher":{"@id":"https:\/\/schiffshebewerk-niederfinow.com\/#organization"},"potentialAction":[{"@type":"SearchAction","target":{"@type":"EntryPoint","urlTemplate":"https:\/\/schiffshebewerk-niederfinow.com\/?s={search_term_string}"},"query-input":{"@type":"PropertyValueSpecification","valueRequired":true,"valueName":"search_term_string"}}],"inLanguage":"pl-PL"},{"@type":"Organization","@id":"https:\/\/schiffshebewerk-niederfinow.com\/#organization","name":"Schiffshebewerk Niederfinow","url":"https:\/\/schiffshebewerk-niederfinow.com\/","logo":{"@type":"ImageObject","inLanguage":"pl-PL","@id":"https:\/\/schiffshebewerk-niederfinow.com\/#\/schema\/logo\/image\/","url":"https:\/\/schiffshebewerk-niederfinow.com\/wp-content-784723398\/uploads\/2021\/11\/cropped-cropped-SHW_Marke_final_small.png","contentUrl":"https:\/\/schiffshebewerk-niederfinow.com\/wp-content-784723398\/uploads\/2021\/11\/cropped-cropped-SHW_Marke_final_small.png","width":180,"height":108,"caption":"Schiffshebewerk Niederfinow"},"image":{"@id":"https:\/\/schiffshebewerk-niederfinow.com\/#\/schema\/logo\/image\/"}}]}},"_links":{"self":[{"href":"https:\/\/schiffshebewerk-niederfinow.com\/pl\/wp-json\/wp\/v2\/pages\/8","targetHints":{"allow":["GET"]}}],"collection":[{"href":"https:\/\/schiffshebewerk-niederfinow.com\/pl\/wp-json\/wp\/v2\/pages"}],"about":[{"href":"https:\/\/schiffshebewerk-niederfinow.com\/pl\/wp-json\/wp\/v2\/types\/page"}],"author":[{"embeddable":true,"href":"https:\/\/schiffshebewerk-niederfinow.com\/pl\/wp-json\/wp\/v2\/users\/5"}],"replies":[{"embeddable":true,"href":"https:\/\/schiffshebewerk-niederfinow.com\/pl\/wp-json\/wp\/v2\/comments?post=8"}],"version-history":[{"count":1,"href":"https:\/\/schiffshebewerk-niederfinow.com\/pl\/wp-json\/wp\/v2\/pages\/8\/revisions"}],"predecessor-version":[{"id":15,"href":"https:\/\/schiffshebewerk-niederfinow.com\/pl\/wp-json\/wp\/v2\/pages\/8\/revisions\/15"}],"wp:attachment":[{"href":"https:\/\/schiffshebewerk-niederfinow.com\/pl\/wp-json\/wp\/v2\/media?parent=8"}],"curies":[{"name":"wp","href":"https:\/\/api.w.org\/{rel}","templated":true}]}}