{"id":62,"date":"2021-10-10T11:23:11","date_gmt":"2021-10-10T09:23:11","guid":{"rendered":"https:\/\/schiffshebewerk-niederfinow.com\/?page_id=62"},"modified":"2024-12-29T17:01:23","modified_gmt":"2024-12-29T16:01:23","slug":"lageplan","status":"publish","type":"page","link":"https:\/\/schiffshebewerk-niederfinow.com\/pl\/lageplan\/","title":{"rendered":"Mapa"},"content":{"rendered":"<div data-elementor-type=\"wp-page\" data-elementor-id=\"62\" class=\"elementor elementor-62\">\n\t\t\t\t\t\t<section class=\"elementor-section elementor-top-section elementor-element elementor-element-e716f33 elementor-section-boxed elementor-section-height-default elementor-section-height-default\" data-id=\"e716f33\" data-element_type=\"section\">\n\t\t\t\t\t\t<div class=\"elementor-container elementor-column-gap-default\">\n\t\t\t\t\t<div class=\"elementor-column elementor-col-100 elementor-top-column elementor-element elementor-element-2195f24\" data-id=\"2195f24\" data-element_type=\"column\">\n\t\t\t<div class=\"elementor-widget-wrap elementor-element-populated\">\n\t\t\t\t\t\t<div class=\"elementor-element elementor-element-da2788c elementor-widget elementor-widget-heading\" data-id=\"da2788c\" data-element_type=\"widget\" data-widget_type=\"heading.default\">\n\t\t\t\t<div class=\"elementor-widget-container\">\n\t\t\t\t\t<h2 class=\"elementor-heading-title elementor-size-default\">Na miejscu<\/h2>\t\t\t\t<\/div>\n\t\t\t\t<\/div>\n\t\t\t\t\t<\/div>\n\t\t<\/div>\n\t\t\t\t\t<\/div>\n\t\t<\/section>\n\t\t\t\t<section class=\"elementor-section elementor-top-section elementor-element elementor-element-49a8964 elementor-section-boxed elementor-section-height-default elementor-section-height-default\" data-id=\"49a8964\" data-element_type=\"section\">\n\t\t\t\t\t\t<div class=\"elementor-container elementor-column-gap-default\">\n\t\t\t\t\t<div class=\"elementor-column elementor-col-100 elementor-top-column elementor-element elementor-element-16ac58a\" data-id=\"16ac58a\" data-element_type=\"column\">\n\t\t\t<div class=\"elementor-widget-wrap elementor-element-populated\">\n\t\t\t\t\t\t<div class=\"elementor-element elementor-element-dee8152 elementor-widget elementor-widget-image\" data-id=\"dee8152\" data-element_type=\"widget\" data-widget_type=\"image.default\">\n\t\t\t\t<div class=\"elementor-widget-container\">\n\t\t\t\t\t\t\t\t\t\t\t\t\t\t\t<img fetchpriority=\"high\" decoding=\"async\" width=\"2048\" height=\"1448\" src=\"https:\/\/schiffshebewerk-niederfinow.com\/wp-content-784723398\/uploads\/2023\/08\/zeichenflache-1-2048x1448.png\" class=\"attachment-2048x2048 size-2048x2048 wp-image-2798\" alt=\"Lageplan Hebewerke Niederfinow\" srcset=\"https:\/\/schiffshebewerk-niederfinow.com\/wp-content-784723398\/uploads\/2023\/08\/zeichenflache-1-2048x1448.png 2048w, https:\/\/schiffshebewerk-niederfinow.com\/wp-content-784723398\/uploads\/2023\/08\/zeichenflache-1-300x212.png 300w, https:\/\/schiffshebewerk-niederfinow.com\/wp-content-784723398\/uploads\/2023\/08\/zeichenflache-1-1024x724.png 1024w, https:\/\/schiffshebewerk-niederfinow.com\/wp-content-784723398\/uploads\/2023\/08\/zeichenflache-1-768x543.png 768w, https:\/\/schiffshebewerk-niederfinow.com\/wp-content-784723398\/uploads\/2023\/08\/zeichenflache-1-1536x1086.png 1536w, https:\/\/schiffshebewerk-niederfinow.com\/wp-content-784723398\/uploads\/2023\/08\/zeichenflache-1-18x12.png 18w\" sizes=\"(max-width: 2048px) 100vw, 2048px\" \/>\t\t\t\t\t\t\t\t\t\t\t\t\t\t\t<\/div>\n\t\t\t\t<\/div>\n\t\t\t\t\t<\/div>\n\t\t<\/div>\n\t\t\t\t\t<\/div>\n\t\t<\/section>\n\t\t\t\t<section class=\"elementor-section elementor-top-section elementor-element elementor-element-db0d240 elementor-section-boxed elementor-section-height-default elementor-section-height-default\" data-id=\"db0d240\" data-element_type=\"section\" data-settings=\"{&quot;background_background&quot;:&quot;classic&quot;}\">\n\t\t\t\t\t\t<div class=\"elementor-container elementor-column-gap-default\">\n\t\t\t\t\t<div class=\"elementor-column elementor-col-100 elementor-top-column elementor-element elementor-element-e8da3ea\" data-id=\"e8da3ea\" data-element_type=\"column\">\n\t\t\t<div class=\"elementor-widget-wrap elementor-element-populated\">\n\t\t\t\t\t\t<div class=\"elementor-element elementor-element-3ed1ceb elementor-widget elementor-widget-text-editor\" data-id=\"3ed1ceb\" data-element_type=\"widget\" data-widget_type=\"text-editor.default\">\n\t\t\t\t<div class=\"elementor-widget-container\">\n\t\t\t\t\t\t\t\t\t<h2>Dojazd<\/h2><p>Samochodem:<br \/>Z Eberswalde dojedziesz do nas samochodem w zaledwie 20 minut, z Berlina oko\u0142o godziny autostrad\u0105 A11.<\/p><p>Autobus i poci\u0105g:<br \/>Autobus linii 916 doje\u017cd\u017ca z Eberswalde bezpo\u015brednio do Hebewerk. Wi\u0119cej informacji o godzinach odjazd\u00f3w znajdziesz tutaj.<\/p><p>Oder m\u00f6chten Sie die Anreise mit einem Spaziergang entlang des Finowkanals verbinden? Vom Bahnhof Niederfinow f\u00fchrt ein reizvoller Wanderweg (ca. 2 KM) direkt zum Hebewerk. Mit dem Fahrrad ist besonders die Strecke auf dem alten Treidelweg zwischen Eberswalde und Niederfinow attraktiv.\u00a0<\/p>\t\t\t\t\t\t\t\t<\/div>\n\t\t\t\t<\/div>\n\t\t\t\t<div class=\"elementor-element elementor-element-8dae3ba elementor-widget__width-auto elementor-widget elementor-widget-button\" data-id=\"8dae3ba\" data-element_type=\"widget\" data-widget_type=\"button.default\">\n\t\t\t\t<div class=\"elementor-widget-container\">\n\t\t\t\t\t\t\t\t\t<div class=\"elementor-button-wrapper\">\n\t\t\t\t\t<a class=\"elementor-button elementor-button-link elementor-size-sm\" href=\"https:\/\/reiseauskunft.bahn.de\/bin\/query.exe\/dn?revia=yes&#038;existOptimizePrice-deactivated=1&#038;country=DEU&#038;dbkanal_007=L01_S01_D001_qf-bahn-svb-kl2_lz03&#038;start=1&#038;protocol=https%3A&#038;REQ0JourneyStopsS0A=1&#038;S=Eberswalde+Hbf&#038;REQ0JourneyStopsSID=A%3D1%40O%3DEberswalde+Hbf%40X%3D13797058%40Y%3D52834018%40U%3D80%40L%3D008010093%40B%3D1%40p%3D1637190518%40&#038;REQ0JourneyStopsZ0A=1&#038;Z=Schiffshebewerk%2C+Niederfinow&#038;REQ0JourneyStopsZID=A%3D1%40O%3DSchiffshebewerk%2C+Niederfinow%40X%3D13938781%40Y%3D52845938%40U%3D80%40L%3D000739976%40B%3D1%40p%3D1637190518%40&#038;returnDate=&#038;returnTime=&#038;returnTimesel=depart&#038;optimize=0&#038;auskunft_travelers_number=1&#038;tariffTravellerType.1=E&#038;tariffTravellerReductionClass.1=0&#038;tariffClass=2&#038;rtMode=DB-HYBRID&#038;externRequest=yes&#038;HWAI=JS%21js%3Dyes%21ajax%3Dyes%21&#038;externRequest=yes&#038;HWAI=JS%21js%3Dyes%21ajax%3Dyes%21#hfsseq1|eu.015883170.1637667338\" target=\"_blank\">\n\t\t\t\t\t\t<span class=\"elementor-button-content-wrapper\">\n\t\t\t\t\t\t\t\t\t<span class=\"elementor-button-text\">Poka\u017c po\u0142\u0105czenia<\/span>\n\t\t\t\t\t<\/span>\n\t\t\t\t\t<\/a>\n\t\t\t\t<\/div>\n\t\t\t\t\t\t\t\t<\/div>\n\t\t\t\t<\/div>\n\t\t\t\t<div class=\"elementor-element elementor-element-043aafe elementor-widget__width-auto elementor-widget elementor-widget-button\" data-id=\"043aafe\" data-element_type=\"widget\" data-widget_type=\"button.default\">\n\t\t\t\t<div class=\"elementor-widget-container\">\n\t\t\t\t\t\t\t\t\t<div class=\"elementor-button-wrapper\">\n\t\t\t\t\t<a class=\"elementor-button elementor-button-link elementor-size-sm\" href=\"https:\/\/www.google.de\/maps\/place\/Schiffshebewerk+Niederfinow\/@52.8495042,13.9390773,17z\/data=!3m1!4b1!4m5!3m4!1s0x47a9c15e126a2c71:0xc5310c66d6cfbed7!8m2!3d52.8495042!4d13.941266\" target=\"_blank\">\n\t\t\t\t\t\t<span class=\"elementor-button-content-wrapper\">\n\t\t\t\t\t\t\t\t\t<span class=\"elementor-button-text\">Auf Google-Maps anzeigen<\/span>\n\t\t\t\t\t<\/span>\n\t\t\t\t\t<\/a>\n\t\t\t\t<\/div>\n\t\t\t\t\t\t\t\t<\/div>\n\t\t\t\t<\/div>\n\t\t\t\t\t<\/div>\n\t\t<\/div>\n\t\t\t\t\t<\/div>\n\t\t<\/section>\n\t\t\t\t<section class=\"elementor-section elementor-top-section elementor-element elementor-element-f34df0f elementor-section-boxed elementor-section-height-default elementor-section-height-default\" data-id=\"f34df0f\" data-element_type=\"section\" data-settings=\"{&quot;background_background&quot;:&quot;classic&quot;}\">\n\t\t\t\t\t\t<div class=\"elementor-container elementor-column-gap-default\">\n\t\t\t\t\t<div class=\"elementor-column elementor-col-100 elementor-top-column elementor-element elementor-element-364e297\" data-id=\"364e297\" data-element_type=\"column\">\n\t\t\t<div class=\"elementor-widget-wrap elementor-element-populated\">\n\t\t\t\t\t\t<div class=\"elementor-element elementor-element-b7e0094 elementor-widget-divider--view-line elementor-widget elementor-widget-divider\" data-id=\"b7e0094\" data-element_type=\"widget\" data-widget_type=\"divider.default\">\n\t\t\t\t<div class=\"elementor-widget-container\">\n\t\t\t\t\t\t\t<div class=\"elementor-divider\">\n\t\t\t<span class=\"elementor-divider-separator\">\n\t\t\t\t\t\t<\/span>\n\t\t<\/div>\n\t\t\t\t\t\t<\/div>\n\t\t\t\t<\/div>\n\t\t\t\t\t<\/div>\n\t\t<\/div>\n\t\t\t\t\t<\/div>\n\t\t<\/section>\n\t\t\t\t<\/div>","protected":false},"excerpt":{"rendered":"<p>Auf dem Gel\u00e4nde Anfahrt Mit dem Auto:Von Eberswalde aus erreichen Sie uns mit dem Auto in nur 20 Minuten, von Berlin aus dauert die Fahrt \u00fcber die A11 ca. eine Stunde. Bus und Bahn:Der Bus der Linie 916 bringt Sie von Eberswalde direkt zum Hebewerk. Oder m\u00f6chten Sie die Anreise mit einem Spaziergang entlang des&hellip;&nbsp;<a href=\"https:\/\/schiffshebewerk-niederfinow.com\/pl\/lageplan\/\" class=\"\" rel=\"bookmark\">Czytaj dalej &raquo;<span class=\"screen-reader-text\">Mapa<\/span><\/a><\/p>","protected":false},"author":5,"featured_media":0,"parent":0,"menu_order":0,"comment_status":"closed","ping_status":"closed","template":"page-templates\/template-pagebuilder-full-width.php","meta":{"neve_meta_sidebar":"","neve_meta_container":"","neve_meta_enable_content_width":"","neve_meta_content_width":0,"neve_meta_title_alignment":"","neve_meta_author_avatar":"","neve_post_elements_order":"","neve_meta_disable_header":"","neve_meta_disable_footer":"","neve_meta_disable_title":"","footnotes":""},"class_list":["post-62","page","type-page","status-publish","hentry"],"yoast_head":"<!-- This site is optimized with the Yoast SEO plugin v26.8 - https:\/\/yoast.com\/product\/yoast-seo-wordpress\/ -->\n<title>Schiffshebewerk Niederfinow - Lageplan<\/title>\n<meta name=\"description\" content=\"&quot;Besuchen Sie die Schiffshebewerke Niederfinow, Deutschlands \u00e4ltestes noch arbeitendes Schiffshebewerk direkt neben dem neuen und modernsten Hebewerk. Erleben Sie spannende F\u00fchrungen, lernen Sie die Geschichte der Hebewerke kennen und genie\u00dfen Sie einzigartige Events. Perfekt f\u00fcr Familienausfl\u00fcge, Gruppenreisen und Technikbegeisterte.&quot;\" \/>\n<meta name=\"robots\" content=\"index, follow, max-snippet:-1, max-image-preview:large, max-video-preview:-1\" \/>\n<link rel=\"canonical\" href=\"https:\/\/schiffshebewerk-niederfinow.com\/pl\/lageplan\/\" \/>\n<meta property=\"og:locale\" content=\"pl_PL\" \/>\n<meta property=\"og:type\" content=\"article\" \/>\n<meta property=\"og:title\" content=\"Schiffshebewerk Niederfinow - Lageplan\" \/>\n<meta property=\"og:description\" content=\"&quot;Besuchen Sie die Schiffshebewerke Niederfinow, Deutschlands \u00e4ltestes noch arbeitendes Schiffshebewerk direkt neben dem neuen und modernsten Hebewerk. Erleben Sie spannende F\u00fchrungen, lernen Sie die Geschichte der Hebewerke kennen und genie\u00dfen Sie einzigartige Events. Perfekt f\u00fcr Familienausfl\u00fcge, Gruppenreisen und Technikbegeisterte.&quot;\" \/>\n<meta property=\"og:url\" content=\"https:\/\/schiffshebewerk-niederfinow.com\/pl\/lageplan\/\" \/>\n<meta property=\"og:site_name\" content=\"Schiffshebewerk Niederfinow\" \/>\n<meta property=\"article:modified_time\" content=\"2024-12-29T16:01:23+00:00\" \/>\n<meta property=\"og:image\" content=\"https:\/\/schiffshebewerk-niederfinow.com\/wp-content-784723398\/uploads\/2023\/08\/zeichenflache-1-2048x1448.png\" \/>\n<meta name=\"twitter:card\" content=\"summary_large_image\" \/>\n<meta name=\"twitter:label1\" content=\"Szacowany czas czytania\" \/>\n\t<meta name=\"twitter:data1\" content=\"1 minuta\" \/>\n<script type=\"application\/ld+json\" class=\"yoast-schema-graph\">{\"@context\":\"https:\/\/schema.org\",\"@graph\":[{\"@type\":\"WebPage\",\"@id\":\"https:\/\/schiffshebewerk-niederfinow.com\/lageplan\/\",\"url\":\"https:\/\/schiffshebewerk-niederfinow.com\/lageplan\/\",\"name\":\"Schiffshebewerk Niederfinow - Lageplan\",\"isPartOf\":{\"@id\":\"https:\/\/schiffshebewerk-niederfinow.com\/#website\"},\"primaryImageOfPage\":{\"@id\":\"https:\/\/schiffshebewerk-niederfinow.com\/lageplan\/#primaryimage\"},\"image\":{\"@id\":\"https:\/\/schiffshebewerk-niederfinow.com\/lageplan\/#primaryimage\"},\"thumbnailUrl\":\"https:\/\/schiffshebewerk-niederfinow.com\/wp-content-784723398\/uploads\/2023\/08\/zeichenflache-1-2048x1448.png\",\"datePublished\":\"2021-10-10T09:23:11+00:00\",\"dateModified\":\"2024-12-29T16:01:23+00:00\",\"description\":\"\\\"Besuchen Sie die Schiffshebewerke Niederfinow, Deutschlands \u00e4ltestes noch arbeitendes Schiffshebewerk direkt neben dem neuen und modernsten Hebewerk. Erleben Sie spannende F\u00fchrungen, lernen Sie die Geschichte der Hebewerke kennen und genie\u00dfen Sie einzigartige Events. Perfekt f\u00fcr Familienausfl\u00fcge, Gruppenreisen und Technikbegeisterte.\\\"\",\"breadcrumb\":{\"@id\":\"https:\/\/schiffshebewerk-niederfinow.com\/lageplan\/#breadcrumb\"},\"inLanguage\":\"pl-PL\",\"potentialAction\":[{\"@type\":\"ReadAction\",\"target\":[\"https:\/\/schiffshebewerk-niederfinow.com\/lageplan\/\"]}]},{\"@type\":\"ImageObject\",\"inLanguage\":\"pl-PL\",\"@id\":\"https:\/\/schiffshebewerk-niederfinow.com\/lageplan\/#primaryimage\",\"url\":\"https:\/\/schiffshebewerk-niederfinow.com\/wp-content-784723398\/uploads\/2023\/08\/zeichenflache-1-2048x1448.png\",\"contentUrl\":\"https:\/\/schiffshebewerk-niederfinow.com\/wp-content-784723398\/uploads\/2023\/08\/zeichenflache-1-2048x1448.png\"},{\"@type\":\"BreadcrumbList\",\"@id\":\"https:\/\/schiffshebewerk-niederfinow.com\/lageplan\/#breadcrumb\",\"itemListElement\":[{\"@type\":\"ListItem\",\"position\":1,\"name\":\"Startseite\",\"item\":\"https:\/\/schiffshebewerk-niederfinow.com\/\"},{\"@type\":\"ListItem\",\"position\":2,\"name\":\"Lageplan\"}]},{\"@type\":\"WebSite\",\"@id\":\"https:\/\/schiffshebewerk-niederfinow.com\/#website\",\"url\":\"https:\/\/schiffshebewerk-niederfinow.com\/\",\"name\":\"Schiffshebewerk Niederfinow\",\"description\":\"\",\"publisher\":{\"@id\":\"https:\/\/schiffshebewerk-niederfinow.com\/#organization\"},\"potentialAction\":[{\"@type\":\"SearchAction\",\"target\":{\"@type\":\"EntryPoint\",\"urlTemplate\":\"https:\/\/schiffshebewerk-niederfinow.com\/?s={search_term_string}\"},\"query-input\":{\"@type\":\"PropertyValueSpecification\",\"valueRequired\":true,\"valueName\":\"search_term_string\"}}],\"inLanguage\":\"pl-PL\"},{\"@type\":\"Organization\",\"@id\":\"https:\/\/schiffshebewerk-niederfinow.com\/#organization\",\"name\":\"Schiffshebewerk Niederfinow\",\"url\":\"https:\/\/schiffshebewerk-niederfinow.com\/\",\"logo\":{\"@type\":\"ImageObject\",\"inLanguage\":\"pl-PL\",\"@id\":\"https:\/\/schiffshebewerk-niederfinow.com\/#\/schema\/logo\/image\/\",\"url\":\"https:\/\/schiffshebewerk-niederfinow.com\/wp-content-784723398\/uploads\/2021\/11\/cropped-cropped-SHW_Marke_final_small.png\",\"contentUrl\":\"https:\/\/schiffshebewerk-niederfinow.com\/wp-content-784723398\/uploads\/2021\/11\/cropped-cropped-SHW_Marke_final_small.png\",\"width\":180,\"height\":108,\"caption\":\"Schiffshebewerk Niederfinow\"},\"image\":{\"@id\":\"https:\/\/schiffshebewerk-niederfinow.com\/#\/schema\/logo\/image\/\"}}]}<\/script>\n<!-- \/ Yoast SEO plugin. -->","yoast_head_json":{"title":"Schiffshebewerk Niederfinow - Lageplan","description":"\"Besuchen Sie die Schiffshebewerke Niederfinow, Deutschlands \\u00e4ltestes noch arbeitendes Schiffshebewerk direkt neben dem neuen und modernsten Hebewerk. Erleben Sie spannende F\\u00fchrungen, lernen Sie die Geschichte der Hebewerke kennen und genie\\u00dfen Sie einzigartige Events. Perfekt f\\u00fcr Familienausfl\\u00fcge, Gruppenreisen und Technikbegeisterte.\"","robots":{"index":"index","follow":"follow","max-snippet":"max-snippet:-1","max-image-preview":"max-image-preview:large","max-video-preview":"max-video-preview:-1"},"canonical":"https:\/\/schiffshebewerk-niederfinow.com\/pl\/lageplan\/","og_locale":"pl_PL","og_type":"article","og_title":"Schiffshebewerk Niederfinow - Lageplan","og_description":"\"Besuchen Sie die Schiffshebewerke Niederfinow, Deutschlands \u00e4ltestes noch arbeitendes Schiffshebewerk direkt neben dem neuen und modernsten Hebewerk. Erleben Sie spannende F\u00fchrungen, lernen Sie die Geschichte der Hebewerke kennen und genie\u00dfen Sie einzigartige Events. Perfekt f\u00fcr Familienausfl\u00fcge, Gruppenreisen und Technikbegeisterte.\"","og_url":"https:\/\/schiffshebewerk-niederfinow.com\/pl\/lageplan\/","og_site_name":"Schiffshebewerk Niederfinow","article_modified_time":"2024-12-29T16:01:23+00:00","og_image":[{"url":"https:\/\/schiffshebewerk-niederfinow.com\/wp-content-784723398\/uploads\/2023\/08\/zeichenflache-1-2048x1448.png","type":"","width":"","height":""}],"twitter_card":"summary_large_image","twitter_misc":{"Szacowany czas czytania":"1 minuta"},"schema":{"@context":"https:\/\/schema.org","@graph":[{"@type":"WebPage","@id":"https:\/\/schiffshebewerk-niederfinow.com\/lageplan\/","url":"https:\/\/schiffshebewerk-niederfinow.com\/lageplan\/","name":"Schiffshebewerk Niederfinow - Lageplan","isPartOf":{"@id":"https:\/\/schiffshebewerk-niederfinow.com\/#website"},"primaryImageOfPage":{"@id":"https:\/\/schiffshebewerk-niederfinow.com\/lageplan\/#primaryimage"},"image":{"@id":"https:\/\/schiffshebewerk-niederfinow.com\/lageplan\/#primaryimage"},"thumbnailUrl":"https:\/\/schiffshebewerk-niederfinow.com\/wp-content-784723398\/uploads\/2023\/08\/zeichenflache-1-2048x1448.png","datePublished":"2021-10-10T09:23:11+00:00","dateModified":"2024-12-29T16:01:23+00:00","description":"\"Besuchen Sie die Schiffshebewerke Niederfinow, Deutschlands \\u00e4ltestes noch arbeitendes Schiffshebewerk direkt neben dem neuen und modernsten Hebewerk. Erleben Sie spannende F\\u00fchrungen, lernen Sie die Geschichte der Hebewerke kennen und genie\\u00dfen Sie einzigartige Events. Perfekt f\\u00fcr Familienausfl\\u00fcge, Gruppenreisen und Technikbegeisterte.\"","breadcrumb":{"@id":"https:\/\/schiffshebewerk-niederfinow.com\/lageplan\/#breadcrumb"},"inLanguage":"pl-PL","potentialAction":[{"@type":"ReadAction","target":["https:\/\/schiffshebewerk-niederfinow.com\/lageplan\/"]}]},{"@type":"ImageObject","inLanguage":"pl-PL","@id":"https:\/\/schiffshebewerk-niederfinow.com\/lageplan\/#primaryimage","url":"https:\/\/schiffshebewerk-niederfinow.com\/wp-content-784723398\/uploads\/2023\/08\/zeichenflache-1-2048x1448.png","contentUrl":"https:\/\/schiffshebewerk-niederfinow.com\/wp-content-784723398\/uploads\/2023\/08\/zeichenflache-1-2048x1448.png"},{"@type":"BreadcrumbList","@id":"https:\/\/schiffshebewerk-niederfinow.com\/lageplan\/#breadcrumb","itemListElement":[{"@type":"ListItem","position":1,"name":"Startseite","item":"https:\/\/schiffshebewerk-niederfinow.com\/"},{"@type":"ListItem","position":2,"name":"Lageplan"}]},{"@type":"WebSite","@id":"https:\/\/schiffshebewerk-niederfinow.com\/#website","url":"https:\/\/schiffshebewerk-niederfinow.com\/","name":"Schiffshebewerk Niederfinow","description":"","publisher":{"@id":"https:\/\/schiffshebewerk-niederfinow.com\/#organization"},"potentialAction":[{"@type":"SearchAction","target":{"@type":"EntryPoint","urlTemplate":"https:\/\/schiffshebewerk-niederfinow.com\/?s={search_term_string}"},"query-input":{"@type":"PropertyValueSpecification","valueRequired":true,"valueName":"search_term_string"}}],"inLanguage":"pl-PL"},{"@type":"Organization","@id":"https:\/\/schiffshebewerk-niederfinow.com\/#organization","name":"Schiffshebewerk Niederfinow","url":"https:\/\/schiffshebewerk-niederfinow.com\/","logo":{"@type":"ImageObject","inLanguage":"pl-PL","@id":"https:\/\/schiffshebewerk-niederfinow.com\/#\/schema\/logo\/image\/","url":"https:\/\/schiffshebewerk-niederfinow.com\/wp-content-784723398\/uploads\/2021\/11\/cropped-cropped-SHW_Marke_final_small.png","contentUrl":"https:\/\/schiffshebewerk-niederfinow.com\/wp-content-784723398\/uploads\/2021\/11\/cropped-cropped-SHW_Marke_final_small.png","width":180,"height":108,"caption":"Schiffshebewerk Niederfinow"},"image":{"@id":"https:\/\/schiffshebewerk-niederfinow.com\/#\/schema\/logo\/image\/"}}]}},"_links":{"self":[{"href":"https:\/\/schiffshebewerk-niederfinow.com\/pl\/wp-json\/wp\/v2\/pages\/62","targetHints":{"allow":["GET"]}}],"collection":[{"href":"https:\/\/schiffshebewerk-niederfinow.com\/pl\/wp-json\/wp\/v2\/pages"}],"about":[{"href":"https:\/\/schiffshebewerk-niederfinow.com\/pl\/wp-json\/wp\/v2\/types\/page"}],"author":[{"embeddable":true,"href":"https:\/\/schiffshebewerk-niederfinow.com\/pl\/wp-json\/wp\/v2\/users\/5"}],"replies":[{"embeddable":true,"href":"https:\/\/schiffshebewerk-niederfinow.com\/pl\/wp-json\/wp\/v2\/comments?post=62"}],"version-history":[{"count":6,"href":"https:\/\/schiffshebewerk-niederfinow.com\/pl\/wp-json\/wp\/v2\/pages\/62\/revisions"}],"predecessor-version":[{"id":4034,"href":"https:\/\/schiffshebewerk-niederfinow.com\/pl\/wp-json\/wp\/v2\/pages\/62\/revisions\/4034"}],"wp:attachment":[{"href":"https:\/\/schiffshebewerk-niederfinow.com\/pl\/wp-json\/wp\/v2\/media?parent=62"}],"curies":[{"name":"wp","href":"https:\/\/api.w.org\/{rel}","templated":true}]}}