{"id":52,"date":"2021-10-28T13:41:00","date_gmt":"2021-10-28T11:41:00","guid":{"rendered":"https:\/\/schiffshebewerk-niederfinow.com\/?page_id=52"},"modified":"2025-01-03T11:36:20","modified_gmt":"2025-01-03T10:36:20","slug":"infozentrum","status":"publish","type":"page","link":"https:\/\/schiffshebewerk-niederfinow.com\/pl\/infozentrum\/","title":{"rendered":"Centrum Informacyjnym"},"content":{"rendered":"<h2>Infozentrum<\/h2>\n<p>Im Infozentrum erhalten Sie alle wichtigen Informationen f\u00fcr Ihren Aufenthalt. Sollten Sie Interesse an einer Besichtigung oder F\u00fchrung haben, k\u00f6nnen Sie am Schalter die entsprechenden Tickets erwerben. Die Sonderausstellung zum neuen Schiffshebewerk befindet sich ebenfalls im Infozentrum und kann kostenlos besucht werden.<\/p>\n<p>Bitte beachten Sie die Beschilderungen vor Ort und Hinweise zu kurzfristigen \u00c4nderungen.<\/p>\n<style>\/*! elementor - v3.9.2 - 21-12-2022 *\/<br \/>\n.elementor-widget-image{text-align:center}.elementor-widget-image a{display:inline-block}.elementor-widget-image a img[src$=\".svg\"]{width:48px}.elementor-widget-image img{vertical-align:middle;display:inline-block}<\/style>\n<p><img fetchpriority=\"high\" decoding=\"async\" src=\"https:\/\/schiffshebewerk-niederfinow.com\/wp-content-784723398\/uploads\/2021\/11\/infozentrum.jpg\" sizes=\"(max-width: 705px) 100vw, 705px\" srcset=\"https:\/\/schiffshebewerk-niederfinow.com\/wp-content-784723398\/uploads\/2021\/11\/infozentrum.jpg 705w, https:\/\/schiffshebewerk-niederfinow.com\/wp-content-784723398\/uploads\/2021\/11\/infozentrum-300x298.jpg 300w, https:\/\/schiffshebewerk-niederfinow.com\/wp-content-784723398\/uploads\/2021\/11\/infozentrum-150x150.jpg 150w, https:\/\/schiffshebewerk-niederfinow.com\/wp-content-784723398\/uploads\/2021\/11\/infozentrum-12x12.jpg 12w\" alt=\"Infozentrum von Au\u00dfen\" width=\"705\" height=\"700\" \/><\/p>\n<h3>\u00d6ffnungszeiten<\/h3>\n<p><b> 03.03.25 \u2013 31.10.25<br \/>\nt\u00e4glich 10 \u2013 18 Uhr<br \/>\n01.11.25 \u2013 04.01.26<br \/>\nt\u00e4glich 10 \u2013 16 Uhr<br \/>\n<\/b><\/p>\n<h3>Telefon<\/h3>\n<p>+49 (0) 33362 7182-50<\/p>\n<h3>E-Mail<\/h3>\n<p>schiffshebewerk@niederfinow.de<\/p>\n<h3>Adresse<\/h3>\n<p>Hebewerkstr. 70a<br \/>\n16248 Niederfinow<\/p>\n<p><img decoding=\"async\" src=\"https:\/\/schiffshebewerk-niederfinow.com\/wp-content-784723398\/uploads\/2021\/11\/schalter.jpg\" sizes=\"(max-width: 705px) 100vw, 705px\" srcset=\"https:\/\/schiffshebewerk-niederfinow.com\/wp-content-784723398\/uploads\/2021\/11\/schalter.jpg 705w, https:\/\/schiffshebewerk-niederfinow.com\/wp-content-784723398\/uploads\/2021\/11\/schalter-300x298.jpg 300w, https:\/\/schiffshebewerk-niederfinow.com\/wp-content-784723398\/uploads\/2021\/11\/schalter-150x150.jpg 150w, https:\/\/schiffshebewerk-niederfinow.com\/wp-content-784723398\/uploads\/2021\/11\/schalter-12x12.jpg 12w\" alt=\"Infozentrum Eingang\" width=\"705\" height=\"700\" \/><\/p>\n<h2>Ticketverkauf<\/h2>\n<p>Tickets erhalten Sie im Infozentrum sowie an den Kassenautomaten davor. Bitte beachten Sie, dass an den Kassenautomaten ausschlie\u00dflich Tickets f\u00fcr den Zugang \u00fcber das Drehkreuz erh\u00e4ltlich sind.<\/p>\n<p>Achtung: Das Drehkreuz ist nicht geeignet f\u00fcr Kinderwagen, Rollst\u00fchle, Rollatoren sowie gro\u00dfe Hunde. Tickets daf\u00fcr erhalten Sie nur im Infozentrum.<\/p>\n<p>Weitere Infos zu unseren Besichtigungen und F\u00fchrungen finden Sie hier:<\/p>\n<p><a role=\"button\" href=\"https:\/\/schiffshebewerk-niederfinow.com\/besichtigungen\/\"><br \/>\nBesichtigungen und F\u00fchrungen<br \/>\n<\/a><\/p>\n<h2>Sonderausstellung<\/h2>\n<p>Hier erhalten Sie alle Informationen zum Neuen Schiffshebewerk Niederfinow. Filme zeigen anschaulich den Bau der Anlage und den Ablauf einer Trogfahrt. Mit Hilfe von Modellen erschlie\u00dft sich dem Besucher die Lage und Funktionsweise des neuen Schiffshebewerkes.<\/p>\n<p>Neugierig? Hier finden Sie ein paar Impressionen unserer Sonderausstellung.<\/p>\n<style>\/*! elementor - v3.9.2 - 21-12-2022 *\/<br \/>\n.elementor-widget-image-carousel .swiper-container{position:static}.elementor-widget-image-carousel .swiper-container .swiper-slide figure{line-height:inherit}.elementor-widget-image-carousel .swiper-slide{text-align:center}.elementor-image-carousel-wrapper:not(.swiper-container-initialized) .swiper-slide{max-width:calc(100% \/ var(--e-image-carousel-slides-to-show, 3))}<\/style>\n<figure><img decoding=\"async\" src=\"https:\/\/schiffshebewerk-niederfinow.com\/wp-content-784723398\/uploads\/2021\/11\/IMG_4220-768x576.jpg\" alt=\"Infozentrum Modell neues Hebewerk\" \/><\/figure>\n<figure><img decoding=\"async\" src=\"https:\/\/schiffshebewerk-niederfinow.com\/wp-content-784723398\/uploads\/2021\/11\/IMG_4221-768x576.jpg\" alt=\"Infozentrum Bildschirme\" \/><\/figure>\n<figure><img decoding=\"async\" src=\"https:\/\/schiffshebewerk-niederfinow.com\/wp-content-784723398\/uploads\/2021\/11\/IMG_4222-768x576.jpg\" alt=\"Infozentrum Eingang\" \/><\/figure>\n<figure><img decoding=\"async\" src=\"https:\/\/schiffshebewerk-niederfinow.com\/wp-content-784723398\/uploads\/2021\/11\/IMG_4223-768x576.jpg\" alt=\"Infozentrum Modell Gewichte\" \/><\/figure>\n<figure><img decoding=\"async\" src=\"https:\/\/schiffshebewerk-niederfinow.com\/wp-content-784723398\/uploads\/2021\/11\/IMG_4224-768x576.jpg\" alt=\"Infozentrum Bildschirm\" \/><\/figure>\n<figure><img decoding=\"async\" src=\"https:\/\/schiffshebewerk-niederfinow.com\/wp-content-784723398\/uploads\/2021\/11\/IMG_4225-768x576.jpg\" alt=\"Infozentrum Modell\" \/><\/figure>\n","protected":false},"excerpt":{"rendered":"<p>Infozentrum Im Infozentrum erhalten Sie alle wichtigen Informationen f\u00fcr Ihren Aufenthalt. Sollten Sie Interesse an einer Besichtigung oder F\u00fchrung haben, k\u00f6nnen Sie am Schalter die entsprechenden Tickets erwerben. Die Sonderausstellung zum neuen Schiffshebewerk befindet sich ebenfalls im Infozentrum und kann kostenlos besucht werden. Bitte beachten Sie die Beschilderungen vor Ort und Hinweise zu kurzfristigen \u00c4nderungen.&hellip;&nbsp;<a href=\"https:\/\/schiffshebewerk-niederfinow.com\/pl\/infozentrum\/\" class=\"\" rel=\"bookmark\">Czytaj dalej &raquo;<span class=\"screen-reader-text\">Centrum Informacyjnym<\/span><\/a><\/p>","protected":false},"author":5,"featured_media":0,"parent":0,"menu_order":0,"comment_status":"closed","ping_status":"closed","template":"","meta":{"neve_meta_sidebar":"","neve_meta_container":"","neve_meta_enable_content_width":"on","neve_meta_content_width":100,"neve_meta_title_alignment":"","neve_meta_author_avatar":"","neve_post_elements_order":"","neve_meta_disable_header":"","neve_meta_disable_footer":"","neve_meta_disable_title":"on","footnotes":""},"class_list":["post-52","page","type-page","status-publish","hentry"],"yoast_head":"<!-- This site is optimized with the Yoast SEO plugin v26.8 - https:\/\/yoast.com\/product\/yoast-seo-wordpress\/ -->\n<title>Schiffshebewerk Niederfinow - Infozentrum<\/title>\n<meta name=\"description\" content=\"Besuchen Sie die Schiffshebewerke Niederfinow, Deutschlands \u00e4ltestes noch arbeitendes Schiffshebewerk direkt neben dem neuen und modernsten Hebewerk. Erleben Sie spannende F\u00fchrungen, lernen Sie die Geschichte der Hebewerke kennen und genie\u00dfen Sie einzigartige Events. Perfekt f\u00fcr Familienausfl\u00fcge, Gruppenreisen und Technikbegeisterte. #FaszinationTechnikErleben\" \/>\n<meta name=\"robots\" content=\"index, follow, max-snippet:-1, max-image-preview:large, max-video-preview:-1\" \/>\n<link rel=\"canonical\" href=\"https:\/\/schiffshebewerk-niederfinow.com\/pl\/infozentrum\/\" \/>\n<meta property=\"og:locale\" content=\"pl_PL\" \/>\n<meta property=\"og:type\" content=\"article\" \/>\n<meta property=\"og:title\" content=\"Schiffshebewerk Niederfinow - Infozentrum\" \/>\n<meta property=\"og:description\" content=\"Besuchen Sie die Schiffshebewerke Niederfinow, Deutschlands \u00e4ltestes noch arbeitendes Schiffshebewerk direkt neben dem neuen und modernsten Hebewerk. Erleben Sie spannende F\u00fchrungen, lernen Sie die Geschichte der Hebewerke kennen und genie\u00dfen Sie einzigartige Events. Perfekt f\u00fcr Familienausfl\u00fcge, Gruppenreisen und Technikbegeisterte. #FaszinationTechnikErleben\" \/>\n<meta property=\"og:url\" content=\"https:\/\/schiffshebewerk-niederfinow.com\/pl\/infozentrum\/\" \/>\n<meta property=\"og:site_name\" content=\"Schiffshebewerk Niederfinow\" \/>\n<meta property=\"article:modified_time\" content=\"2025-01-03T10:36:20+00:00\" \/>\n<meta property=\"og:image\" content=\"https:\/\/schiffshebewerk-niederfinow.com\/wp-content-784723398\/uploads\/2021\/11\/infozentrum.jpg\" \/>\n<meta name=\"twitter:card\" content=\"summary_large_image\" \/>\n<meta name=\"twitter:label1\" content=\"Szacowany czas czytania\" \/>\n\t<meta name=\"twitter:data1\" content=\"3 minuty\" \/>\n<script type=\"application\/ld+json\" class=\"yoast-schema-graph\">{\"@context\":\"https:\/\/schema.org\",\"@graph\":[{\"@type\":\"WebPage\",\"@id\":\"https:\/\/schiffshebewerk-niederfinow.com\/infozentrum\/\",\"url\":\"https:\/\/schiffshebewerk-niederfinow.com\/infozentrum\/\",\"name\":\"Schiffshebewerk Niederfinow - Infozentrum\",\"isPartOf\":{\"@id\":\"https:\/\/schiffshebewerk-niederfinow.com\/#website\"},\"primaryImageOfPage\":{\"@id\":\"https:\/\/schiffshebewerk-niederfinow.com\/infozentrum\/#primaryimage\"},\"image\":{\"@id\":\"https:\/\/schiffshebewerk-niederfinow.com\/infozentrum\/#primaryimage\"},\"thumbnailUrl\":\"https:\/\/schiffshebewerk-niederfinow.com\/wp-content-784723398\/uploads\/2021\/11\/infozentrum.jpg\",\"datePublished\":\"2021-10-28T11:41:00+00:00\",\"dateModified\":\"2025-01-03T10:36:20+00:00\",\"description\":\"Besuchen Sie die Schiffshebewerke Niederfinow, Deutschlands \u00e4ltestes noch arbeitendes Schiffshebewerk direkt neben dem neuen und modernsten Hebewerk. Erleben Sie spannende F\u00fchrungen, lernen Sie die Geschichte der Hebewerke kennen und genie\u00dfen Sie einzigartige Events. Perfekt f\u00fcr Familienausfl\u00fcge, Gruppenreisen und Technikbegeisterte. #FaszinationTechnikErleben\",\"breadcrumb\":{\"@id\":\"https:\/\/schiffshebewerk-niederfinow.com\/infozentrum\/#breadcrumb\"},\"inLanguage\":\"pl-PL\",\"potentialAction\":[{\"@type\":\"ReadAction\",\"target\":[\"https:\/\/schiffshebewerk-niederfinow.com\/infozentrum\/\"]}]},{\"@type\":\"ImageObject\",\"inLanguage\":\"pl-PL\",\"@id\":\"https:\/\/schiffshebewerk-niederfinow.com\/infozentrum\/#primaryimage\",\"url\":\"https:\/\/schiffshebewerk-niederfinow.com\/wp-content-784723398\/uploads\/2021\/11\/infozentrum.jpg\",\"contentUrl\":\"https:\/\/schiffshebewerk-niederfinow.com\/wp-content-784723398\/uploads\/2021\/11\/infozentrum.jpg\"},{\"@type\":\"BreadcrumbList\",\"@id\":\"https:\/\/schiffshebewerk-niederfinow.com\/infozentrum\/#breadcrumb\",\"itemListElement\":[{\"@type\":\"ListItem\",\"position\":1,\"name\":\"Startseite\",\"item\":\"https:\/\/schiffshebewerk-niederfinow.com\/\"},{\"@type\":\"ListItem\",\"position\":2,\"name\":\"Infozentrum\"}]},{\"@type\":\"WebSite\",\"@id\":\"https:\/\/schiffshebewerk-niederfinow.com\/#website\",\"url\":\"https:\/\/schiffshebewerk-niederfinow.com\/\",\"name\":\"Schiffshebewerk Niederfinow\",\"description\":\"\",\"publisher\":{\"@id\":\"https:\/\/schiffshebewerk-niederfinow.com\/#organization\"},\"potentialAction\":[{\"@type\":\"SearchAction\",\"target\":{\"@type\":\"EntryPoint\",\"urlTemplate\":\"https:\/\/schiffshebewerk-niederfinow.com\/?s={search_term_string}\"},\"query-input\":{\"@type\":\"PropertyValueSpecification\",\"valueRequired\":true,\"valueName\":\"search_term_string\"}}],\"inLanguage\":\"pl-PL\"},{\"@type\":\"Organization\",\"@id\":\"https:\/\/schiffshebewerk-niederfinow.com\/#organization\",\"name\":\"Schiffshebewerk Niederfinow\",\"url\":\"https:\/\/schiffshebewerk-niederfinow.com\/\",\"logo\":{\"@type\":\"ImageObject\",\"inLanguage\":\"pl-PL\",\"@id\":\"https:\/\/schiffshebewerk-niederfinow.com\/#\/schema\/logo\/image\/\",\"url\":\"https:\/\/schiffshebewerk-niederfinow.com\/wp-content-784723398\/uploads\/2021\/11\/cropped-cropped-SHW_Marke_final_small.png\",\"contentUrl\":\"https:\/\/schiffshebewerk-niederfinow.com\/wp-content-784723398\/uploads\/2021\/11\/cropped-cropped-SHW_Marke_final_small.png\",\"width\":180,\"height\":108,\"caption\":\"Schiffshebewerk Niederfinow\"},\"image\":{\"@id\":\"https:\/\/schiffshebewerk-niederfinow.com\/#\/schema\/logo\/image\/\"}}]}<\/script>\n<!-- \/ Yoast SEO plugin. -->","yoast_head_json":{"title":"Schiffshebewerk Niederfinow - Infozentrum","description":"Besuchen Sie die Schiffshebewerke Niederfinow, Deutschlands \u00e4ltestes noch arbeitendes Schiffshebewerk direkt neben dem neuen und modernsten Hebewerk. Erleben Sie spannende F\u00fchrungen, lernen Sie die Geschichte der Hebewerke kennen und genie\u00dfen Sie einzigartige Events. Perfekt f\u00fcr Familienausfl\u00fcge, Gruppenreisen und Technikbegeisterte. #FaszinationTechnikErleben","robots":{"index":"index","follow":"follow","max-snippet":"max-snippet:-1","max-image-preview":"max-image-preview:large","max-video-preview":"max-video-preview:-1"},"canonical":"https:\/\/schiffshebewerk-niederfinow.com\/pl\/infozentrum\/","og_locale":"pl_PL","og_type":"article","og_title":"Schiffshebewerk Niederfinow - Infozentrum","og_description":"Besuchen Sie die Schiffshebewerke Niederfinow, Deutschlands \u00e4ltestes noch arbeitendes Schiffshebewerk direkt neben dem neuen und modernsten Hebewerk. Erleben Sie spannende F\u00fchrungen, lernen Sie die Geschichte der Hebewerke kennen und genie\u00dfen Sie einzigartige Events. Perfekt f\u00fcr Familienausfl\u00fcge, Gruppenreisen und Technikbegeisterte. #FaszinationTechnikErleben","og_url":"https:\/\/schiffshebewerk-niederfinow.com\/pl\/infozentrum\/","og_site_name":"Schiffshebewerk Niederfinow","article_modified_time":"2025-01-03T10:36:20+00:00","og_image":[{"url":"https:\/\/schiffshebewerk-niederfinow.com\/wp-content-784723398\/uploads\/2021\/11\/infozentrum.jpg","type":"","width":"","height":""}],"twitter_card":"summary_large_image","twitter_misc":{"Szacowany czas czytania":"3 minuty"},"schema":{"@context":"https:\/\/schema.org","@graph":[{"@type":"WebPage","@id":"https:\/\/schiffshebewerk-niederfinow.com\/infozentrum\/","url":"https:\/\/schiffshebewerk-niederfinow.com\/infozentrum\/","name":"Schiffshebewerk Niederfinow - Infozentrum","isPartOf":{"@id":"https:\/\/schiffshebewerk-niederfinow.com\/#website"},"primaryImageOfPage":{"@id":"https:\/\/schiffshebewerk-niederfinow.com\/infozentrum\/#primaryimage"},"image":{"@id":"https:\/\/schiffshebewerk-niederfinow.com\/infozentrum\/#primaryimage"},"thumbnailUrl":"https:\/\/schiffshebewerk-niederfinow.com\/wp-content-784723398\/uploads\/2021\/11\/infozentrum.jpg","datePublished":"2021-10-28T11:41:00+00:00","dateModified":"2025-01-03T10:36:20+00:00","description":"Besuchen Sie die Schiffshebewerke Niederfinow, Deutschlands \u00e4ltestes noch arbeitendes Schiffshebewerk direkt neben dem neuen und modernsten Hebewerk. Erleben Sie spannende F\u00fchrungen, lernen Sie die Geschichte der Hebewerke kennen und genie\u00dfen Sie einzigartige Events. Perfekt f\u00fcr Familienausfl\u00fcge, Gruppenreisen und Technikbegeisterte. #FaszinationTechnikErleben","breadcrumb":{"@id":"https:\/\/schiffshebewerk-niederfinow.com\/infozentrum\/#breadcrumb"},"inLanguage":"pl-PL","potentialAction":[{"@type":"ReadAction","target":["https:\/\/schiffshebewerk-niederfinow.com\/infozentrum\/"]}]},{"@type":"ImageObject","inLanguage":"pl-PL","@id":"https:\/\/schiffshebewerk-niederfinow.com\/infozentrum\/#primaryimage","url":"https:\/\/schiffshebewerk-niederfinow.com\/wp-content-784723398\/uploads\/2021\/11\/infozentrum.jpg","contentUrl":"https:\/\/schiffshebewerk-niederfinow.com\/wp-content-784723398\/uploads\/2021\/11\/infozentrum.jpg"},{"@type":"BreadcrumbList","@id":"https:\/\/schiffshebewerk-niederfinow.com\/infozentrum\/#breadcrumb","itemListElement":[{"@type":"ListItem","position":1,"name":"Startseite","item":"https:\/\/schiffshebewerk-niederfinow.com\/"},{"@type":"ListItem","position":2,"name":"Infozentrum"}]},{"@type":"WebSite","@id":"https:\/\/schiffshebewerk-niederfinow.com\/#website","url":"https:\/\/schiffshebewerk-niederfinow.com\/","name":"Schiffshebewerk Niederfinow","description":"","publisher":{"@id":"https:\/\/schiffshebewerk-niederfinow.com\/#organization"},"potentialAction":[{"@type":"SearchAction","target":{"@type":"EntryPoint","urlTemplate":"https:\/\/schiffshebewerk-niederfinow.com\/?s={search_term_string}"},"query-input":{"@type":"PropertyValueSpecification","valueRequired":true,"valueName":"search_term_string"}}],"inLanguage":"pl-PL"},{"@type":"Organization","@id":"https:\/\/schiffshebewerk-niederfinow.com\/#organization","name":"Schiffshebewerk Niederfinow","url":"https:\/\/schiffshebewerk-niederfinow.com\/","logo":{"@type":"ImageObject","inLanguage":"pl-PL","@id":"https:\/\/schiffshebewerk-niederfinow.com\/#\/schema\/logo\/image\/","url":"https:\/\/schiffshebewerk-niederfinow.com\/wp-content-784723398\/uploads\/2021\/11\/cropped-cropped-SHW_Marke_final_small.png","contentUrl":"https:\/\/schiffshebewerk-niederfinow.com\/wp-content-784723398\/uploads\/2021\/11\/cropped-cropped-SHW_Marke_final_small.png","width":180,"height":108,"caption":"Schiffshebewerk Niederfinow"},"image":{"@id":"https:\/\/schiffshebewerk-niederfinow.com\/#\/schema\/logo\/image\/"}}]}},"_links":{"self":[{"href":"https:\/\/schiffshebewerk-niederfinow.com\/pl\/wp-json\/wp\/v2\/pages\/52","targetHints":{"allow":["GET"]}}],"collection":[{"href":"https:\/\/schiffshebewerk-niederfinow.com\/pl\/wp-json\/wp\/v2\/pages"}],"about":[{"href":"https:\/\/schiffshebewerk-niederfinow.com\/pl\/wp-json\/wp\/v2\/types\/page"}],"author":[{"embeddable":true,"href":"https:\/\/schiffshebewerk-niederfinow.com\/pl\/wp-json\/wp\/v2\/users\/5"}],"replies":[{"embeddable":true,"href":"https:\/\/schiffshebewerk-niederfinow.com\/pl\/wp-json\/wp\/v2\/comments?post=52"}],"version-history":[{"count":6,"href":"https:\/\/schiffshebewerk-niederfinow.com\/pl\/wp-json\/wp\/v2\/pages\/52\/revisions"}],"predecessor-version":[{"id":4070,"href":"https:\/\/schiffshebewerk-niederfinow.com\/pl\/wp-json\/wp\/v2\/pages\/52\/revisions\/4070"}],"wp:attachment":[{"href":"https:\/\/schiffshebewerk-niederfinow.com\/pl\/wp-json\/wp\/v2\/media?parent=52"}],"curies":[{"name":"wp","href":"https:\/\/api.w.org\/{rel}","templated":true}]}}