{"id":4806,"date":"2026-04-01T00:23:09","date_gmt":"2026-03-31T22:23:09","guid":{"rendered":"https:\/\/schiffshebewerk-niederfinow.com\/?page_id=4806"},"modified":"2026-04-01T00:38:12","modified_gmt":"2026-03-31T22:38:12","slug":"preise-und-leistungen","status":"publish","type":"page","link":"https:\/\/schiffshebewerk-niederfinow.com\/pl\/preise-und-leistungen\/","title":{"rendered":"Preise und Leistungen"},"content":{"rendered":"<div data-elementor-type=\"wp-page\" data-elementor-id=\"4806\" class=\"elementor elementor-4806\">\n\t\t\t\t\t\t<section class=\"elementor-section elementor-top-section elementor-element elementor-element-22e4d0b elementor-section-boxed elementor-section-height-default elementor-section-height-default\" data-id=\"22e4d0b\" data-element_type=\"section\">\n\t\t\t\t\t\t<div class=\"elementor-container elementor-column-gap-default\">\n\t\t\t\t\t<div class=\"elementor-column elementor-col-100 elementor-top-column elementor-element elementor-element-2cf5474\" data-id=\"2cf5474\" data-element_type=\"column\">\n\t\t\t<div class=\"elementor-widget-wrap elementor-element-populated\">\n\t\t\t\t\t\t<div class=\"elementor-element elementor-element-0cfc2ac elementor-widget elementor-widget-heading\" data-id=\"0cfc2ac\" data-element_type=\"widget\" data-widget_type=\"heading.default\">\n\t\t\t\t<div class=\"elementor-widget-container\">\n\t\t\t\t\t<h2 class=\"elementor-heading-title elementor-size-default\"><br>\u00dcbersicht \u00fcber die Preise und Leistungen in der Saison 2026<br><\/h2>\t\t\t\t<\/div>\n\t\t\t\t<\/div>\n\t\t\t\t\t<\/div>\n\t\t<\/div>\n\t\t\t\t\t<\/div>\n\t\t<\/section>\n\t\t\t\t<section class=\"elementor-section elementor-top-section elementor-element elementor-element-b23c753 elementor-section-boxed elementor-section-height-default elementor-section-height-default\" data-id=\"b23c753\" data-element_type=\"section\">\n\t\t\t\t\t\t<div class=\"elementor-container elementor-column-gap-default\">\n\t\t\t\t\t<div class=\"elementor-column elementor-col-100 elementor-top-column elementor-element elementor-element-cc7a6b8\" data-id=\"cc7a6b8\" data-element_type=\"column\">\n\t\t\t<div class=\"elementor-widget-wrap elementor-element-populated\">\n\t\t\t\t\t\t<div class=\"elementor-element elementor-element-7a0f35c elementor-widget elementor-widget-text-editor\" data-id=\"7a0f35c\" data-element_type=\"widget\" data-widget_type=\"text-editor.default\">\n\t\t\t\t<div class=\"elementor-widget-container\">\n\t\t\t\t\t\t\t\t\t<p><u>Preisliste Leistungen SHW Tourismus*<\/u><\/p><table width=\"0\"><tbody><tr><td><p>Nr.<\/p><\/td><td><p>Leistung<\/p><\/td><td><p>Tarifart<\/p><\/td><td><p>Preis (Brutto)<\/p><\/td><td><p>Incl. MwSt.<\/p><\/td><\/tr><tr><td><p>1a.<\/p><\/td><td><p>Parken KFZ<\/p><\/td><td><p>Tagesticket<\/p><\/td><td><p>4,00\u20ac<\/p><\/td><td><p>19%<\/p><\/td><\/tr><tr><td><p>1b.<\/p><\/td><td><p>Parken Motorrad<\/p><\/td><td><p>Tagesticket<\/p><\/td><td><p>2,00\u20ac<\/p><\/td><td><p>19%<\/p><\/td><\/tr><tr><td><p>2.<\/p><\/td><td><p>Bus<\/p><\/td><td><p>Tagesticket<\/p><\/td><td><p>10,00\u20ac<\/p><\/td><td><p>19%<\/p><\/td><\/tr><tr><td><p>3.<\/p><\/td><td><p>Stellplatz WoMo<\/p><\/td><td><p>24 Stunden<\/p><\/td><td><p>20,00\u20ac<\/p><\/td><td><p>19%<\/p><\/td><\/tr><tr><td><p>4.<\/p><\/td><td><p>Toilettengeb\u00fchr<\/p><\/td><td><p>p.P.<\/p><\/td><td><p>0,50\u20ac<\/p><\/td><td><p>19%<\/p><\/td><\/tr><tr><td><p>5.<\/p><\/td><td><p>Eintritt altes Hebewerk<\/p><\/td><td><p>Regul\u00e4r<\/p><\/td><td><p>7,00\u20ac<\/p><\/td><td><p>0%<\/p><\/td><\/tr><tr><td>\u00a0<\/td><td>\u00a0<\/td><td><p>Erm\u00e4\u00dfigt<\/p><\/td><td><p>5,00\u20ac<\/p><\/td><td><p>0%<\/p><\/td><\/tr><tr><td>\u00a0<\/td><td>\u00a0<\/td><td><p>Familie (2+3)<\/p><\/td><td><p>22,00\u20ac<\/p><\/td><td><p>0%<\/p><\/td><\/tr><tr><td><p>6.<\/p><\/td><td><p>Eintritt &amp; F\u00fchrung alt\/neu SHW<\/p><\/td><td><p>Regul\u00e4r<\/p><\/td><td><p>12,00\u20ac<\/p><\/td><td><p>0%<\/p><\/td><\/tr><tr><td>\u00a0<\/td><td>\u00a0<\/td><td><p>Erm\u00e4\u00dfigt<\/p><\/td><td><p>8,00\u20ac<\/p><\/td><td><p>0%<\/p><\/td><\/tr><tr><td>\u00a0<\/td><td>\u00a0<\/td><td><p>Familie (2+3)<\/p><\/td><td><p>38,00\u20ac<\/p><\/td><td><p>0%<\/p><\/td><\/tr><tr><td><p>7.<\/p><\/td><td><p>Sonderf\u00fchrungen<\/p><\/td><td><p>Pauschal<\/p><\/td><td><p>24,00\u20ac<\/p><\/td><td><p>0%<\/p><\/td><\/tr><tr><td><p>8.<\/p><\/td><td><p>Doppelf\u00fchrungen<\/p><\/td><td><p>Regul\u00e4r<\/p><\/td><td><p>24,00\u20ac<\/p><\/td><td><p>0%<\/p><\/td><\/tr><tr><td>\u00a0<\/td><td>\u00a0<\/td><td><p>Erm\u00e4\u00dfigt<\/p><\/td><td><p>16,00\u20ac<\/p><\/td><td><p>0%<\/p><\/td><\/tr><tr><td><p>9.<\/p><\/td><td><p>Eintritt Park<\/p><\/td><td><p>Regul\u00e4r<\/p><\/td><td><p>2,00\u20ac<\/p><\/td><td><p>19%<\/p><\/td><\/tr><tr><td>\u00a0<\/td><td>\u00a0<\/td><td><p>Erm\u00e4\u00dfigt<\/p><\/td><td><p>1,00\u20ac<\/p><\/td><td><p>19%<\/p><\/td><\/tr><tr><td>\u00a0<\/td><td>\u00a0<\/td><td><p>Saisonkarte<\/p><\/td><td><p>5,00\u20ac<\/p><\/td><td><p>19%<\/p><\/td><\/tr><tr><td><p>13.<\/p><\/td><td><p>Kutschenshuttle<\/p><\/td><td><p>Regul\u00e4r<\/p><\/td><td><p>3,00\u20ac<\/p><\/td><td><p>19%<\/p><\/td><\/tr><tr><td>\u00a0<\/td><td><p>je Teilstrecke<\/p><\/td><td><p>Erm\u00e4\u00dfigt<\/p><\/td><td><p>2,00\u20ac<\/p><\/td><td><p>19%<\/p><\/td><\/tr><tr><td><p>14.<\/p><\/td><td><p>Buspauschale<\/p><\/td><td><p>Pauschal\/Bus<\/p><\/td><td><p>210,00\u20ac<\/p><\/td><td><p>19%<\/p><\/td><\/tr><tr><td><p>15.<\/p><\/td><td><p>Saisonkarte<\/p><\/td><td><p>p.P.<\/p><\/td><td><p>18,00\u20ac<\/p><\/td><td><p>0%<\/p><\/td><\/tr><\/tbody><\/table><p>Preisliste Leistungen SHW Fahrgastschifffahrt*<\/p><table width=\"0\"><tbody><tr><td><p>Nr.<\/p><\/td><td><p>Leistung<\/p><\/td><td><p>Tarifart<\/p><\/td><td><p>Preis (Brutto)<\/p><\/td><td><p>incl. MwSt.<\/p><\/td><\/tr><tr><td><p>10.<\/p><\/td><td><p>Schiffstour<\/p><\/td><td><p>Regul\u00e4r<\/p><\/td><td><p>16,00\u20ac<\/p><\/td><td><p>7%<\/p><\/td><\/tr><tr><td>\u00a0<\/td><td>\u00a0<\/td><td><p>Erm\u00e4\u00dfigt<\/p><\/td><td><p>9,00\u20ac<\/p><\/td><td><p>7%<\/p><\/td><\/tr><tr><td><p>11.<\/p><\/td><td><p>Kombi Schiff + Zugang<\/p><\/td><td><p>Regul\u00e4r<\/p><\/td><td><p>21,00\u20ac<\/p><\/td><td><p>7%<\/p><\/td><\/tr><tr><td>\u00a0<\/td><td>\u00a0<\/td><td><p>Erm\u00e4\u00dfigt<\/p><\/td><td><p>14,00\u20ac<\/p><\/td><td><p>7%<\/p><\/td><\/tr><tr><td><p>12.<\/p><\/td><td><p>Kombi Schiff + F\u00fchrung<\/p><\/td><td><p>Regul\u00e4r<\/p><\/td><td><p>26,00\u20ac<\/p><\/td><td><p>7%<\/p><\/td><\/tr><tr><td>\u00a0<\/td><td>\u00a0<\/td><td><p>Erm\u00e4\u00dfigt<\/p><\/td><td><p>16,00\u20ac<\/p><\/td><td><p>7%<\/p><\/td><\/tr><\/tbody><\/table><p>*Es gelten jeweils die in den Leistungsbeschreibungen enthaltenen Bedingungen und Einschr\u00e4nkungen, sowie erg\u00e4nzend unsere AGBs.<\/p>\t\t\t\t\t\t\t\t<\/div>\n\t\t\t\t<\/div>\n\t\t\t\t\t<\/div>\n\t\t<\/div>\n\t\t\t\t\t<\/div>\n\t\t<\/section>\n\t\t\t\t<\/div>","protected":false},"excerpt":{"rendered":"<p>\u00dcbersicht \u00fcber die Preise und Leistungen in der Saison 2026 Preisliste Leistungen SHW Tourismus* Nr. Leistung Tarifart Preis (Brutto) Incl. MwSt. 1a. Parken KFZ Tagesticket 4,00\u20ac 19% 1b. Parken Motorrad Tagesticket 2,00\u20ac 19% 2. Bus Tagesticket 10,00\u20ac 19% 3. Stellplatz WoMo 24 Stunden 20,00\u20ac 19% 4. Toilettengeb\u00fchr p.P. 0,50\u20ac 19% 5. Eintritt altes Hebewerk Regul\u00e4r&hellip;&nbsp;<a href=\"https:\/\/schiffshebewerk-niederfinow.com\/pl\/preise-und-leistungen\/\" class=\"\" rel=\"bookmark\">Czytaj dalej &raquo;<span class=\"screen-reader-text\">Preise und Leistungen<\/span><\/a><\/p>","protected":false},"author":5,"featured_media":0,"parent":0,"menu_order":0,"comment_status":"closed","ping_status":"closed","template":"","meta":{"neve_meta_sidebar":"","neve_meta_container":"","neve_meta_enable_content_width":"","neve_meta_content_width":0,"neve_meta_title_alignment":"","neve_meta_author_avatar":"","neve_post_elements_order":"","neve_meta_disable_header":"","neve_meta_disable_footer":"","neve_meta_disable_title":"","footnotes":""},"class_list":["post-4806","page","type-page","status-publish","hentry"],"yoast_head":"<!-- This site is optimized with the Yoast SEO plugin v26.8 - https:\/\/yoast.com\/product\/yoast-seo-wordpress\/ -->\n<title>Schiffshebewerk Niederfinow - Preise und Leistungen<\/title>\n<meta name=\"description\" content=\"&quot;Besuchen Sie die Schiffshebewerke Niederfinow, Deutschlands \u00e4ltestes noch arbeitendes Schiffshebewerk direkt neben dem neuen und modernsten Hebewerk. Erleben Sie spannende F\u00fchrungen, lernen Sie die Geschichte der Hebewerke kennen und genie\u00dfen Sie einzigartige Events. Perfekt f\u00fcr Familienausfl\u00fcge, Gruppenreisen und Technikbegeisterte.&quot;\" \/>\n<meta name=\"robots\" content=\"index, follow, max-snippet:-1, max-image-preview:large, max-video-preview:-1\" \/>\n<link rel=\"canonical\" href=\"https:\/\/schiffshebewerk-niederfinow.com\/pl\/preise-und-leistungen\/\" \/>\n<meta property=\"og:locale\" content=\"pl_PL\" \/>\n<meta property=\"og:type\" content=\"article\" \/>\n<meta property=\"og:title\" content=\"Schiffshebewerk Niederfinow - Preise und Leistungen\" \/>\n<meta property=\"og:description\" content=\"&quot;Besuchen Sie die Schiffshebewerke Niederfinow, Deutschlands \u00e4ltestes noch arbeitendes Schiffshebewerk direkt neben dem neuen und modernsten Hebewerk. Erleben Sie spannende F\u00fchrungen, lernen Sie die Geschichte der Hebewerke kennen und genie\u00dfen Sie einzigartige Events. Perfekt f\u00fcr Familienausfl\u00fcge, Gruppenreisen und Technikbegeisterte.&quot;\" \/>\n<meta property=\"og:url\" content=\"https:\/\/schiffshebewerk-niederfinow.com\/pl\/preise-und-leistungen\/\" \/>\n<meta property=\"og:site_name\" content=\"Schiffshebewerk Niederfinow\" \/>\n<meta property=\"article:modified_time\" content=\"2026-03-31T22:38:12+00:00\" \/>\n<meta name=\"twitter:card\" content=\"summary_large_image\" \/>\n<meta name=\"twitter:label1\" content=\"Szacowany czas czytania\" \/>\n\t<meta name=\"twitter:data1\" content=\"1 minuta\" \/>\n<script type=\"application\/ld+json\" class=\"yoast-schema-graph\">{\"@context\":\"https:\/\/schema.org\",\"@graph\":[{\"@type\":\"WebPage\",\"@id\":\"https:\/\/schiffshebewerk-niederfinow.com\/preise-und-leistungen\/\",\"url\":\"https:\/\/schiffshebewerk-niederfinow.com\/preise-und-leistungen\/\",\"name\":\"Schiffshebewerk Niederfinow - Preise und Leistungen\",\"isPartOf\":{\"@id\":\"https:\/\/schiffshebewerk-niederfinow.com\/#website\"},\"datePublished\":\"2026-03-31T22:23:09+00:00\",\"dateModified\":\"2026-03-31T22:38:12+00:00\",\"description\":\"\\\"Besuchen Sie die Schiffshebewerke Niederfinow, Deutschlands \u00e4ltestes noch arbeitendes Schiffshebewerk direkt neben dem neuen und modernsten Hebewerk. Erleben Sie spannende F\u00fchrungen, lernen Sie die Geschichte der Hebewerke kennen und genie\u00dfen Sie einzigartige Events. Perfekt f\u00fcr Familienausfl\u00fcge, Gruppenreisen und Technikbegeisterte.\\\"\",\"breadcrumb\":{\"@id\":\"https:\/\/schiffshebewerk-niederfinow.com\/preise-und-leistungen\/#breadcrumb\"},\"inLanguage\":\"pl-PL\",\"potentialAction\":[{\"@type\":\"ReadAction\",\"target\":[\"https:\/\/schiffshebewerk-niederfinow.com\/preise-und-leistungen\/\"]}]},{\"@type\":\"BreadcrumbList\",\"@id\":\"https:\/\/schiffshebewerk-niederfinow.com\/preise-und-leistungen\/#breadcrumb\",\"itemListElement\":[{\"@type\":\"ListItem\",\"position\":1,\"name\":\"Startseite\",\"item\":\"https:\/\/schiffshebewerk-niederfinow.com\/\"},{\"@type\":\"ListItem\",\"position\":2,\"name\":\"Preise und Leistungen\"}]},{\"@type\":\"WebSite\",\"@id\":\"https:\/\/schiffshebewerk-niederfinow.com\/#website\",\"url\":\"https:\/\/schiffshebewerk-niederfinow.com\/\",\"name\":\"Schiffshebewerk Niederfinow\",\"description\":\"\",\"publisher\":{\"@id\":\"https:\/\/schiffshebewerk-niederfinow.com\/#organization\"},\"potentialAction\":[{\"@type\":\"SearchAction\",\"target\":{\"@type\":\"EntryPoint\",\"urlTemplate\":\"https:\/\/schiffshebewerk-niederfinow.com\/?s={search_term_string}\"},\"query-input\":{\"@type\":\"PropertyValueSpecification\",\"valueRequired\":true,\"valueName\":\"search_term_string\"}}],\"inLanguage\":\"pl-PL\"},{\"@type\":\"Organization\",\"@id\":\"https:\/\/schiffshebewerk-niederfinow.com\/#organization\",\"name\":\"Schiffshebewerk Niederfinow\",\"url\":\"https:\/\/schiffshebewerk-niederfinow.com\/\",\"logo\":{\"@type\":\"ImageObject\",\"inLanguage\":\"pl-PL\",\"@id\":\"https:\/\/schiffshebewerk-niederfinow.com\/#\/schema\/logo\/image\/\",\"url\":\"https:\/\/schiffshebewerk-niederfinow.com\/wp-content-784723398\/uploads\/2021\/11\/cropped-cropped-SHW_Marke_final_small.png\",\"contentUrl\":\"https:\/\/schiffshebewerk-niederfinow.com\/wp-content-784723398\/uploads\/2021\/11\/cropped-cropped-SHW_Marke_final_small.png\",\"width\":180,\"height\":108,\"caption\":\"Schiffshebewerk Niederfinow\"},\"image\":{\"@id\":\"https:\/\/schiffshebewerk-niederfinow.com\/#\/schema\/logo\/image\/\"}}]}<\/script>\n<!-- \/ Yoast SEO plugin. -->","yoast_head_json":{"title":"Schiffshebewerk Niederfinow - Preise und Leistungen","description":"\"Besuchen Sie die Schiffshebewerke Niederfinow, Deutschlands \\u00e4ltestes noch arbeitendes Schiffshebewerk direkt neben dem neuen und modernsten Hebewerk. Erleben Sie spannende F\\u00fchrungen, lernen Sie die Geschichte der Hebewerke kennen und genie\\u00dfen Sie einzigartige Events. Perfekt f\\u00fcr Familienausfl\\u00fcge, Gruppenreisen und Technikbegeisterte.\"","robots":{"index":"index","follow":"follow","max-snippet":"max-snippet:-1","max-image-preview":"max-image-preview:large","max-video-preview":"max-video-preview:-1"},"canonical":"https:\/\/schiffshebewerk-niederfinow.com\/pl\/preise-und-leistungen\/","og_locale":"pl_PL","og_type":"article","og_title":"Schiffshebewerk Niederfinow - Preise und Leistungen","og_description":"\"Besuchen Sie die Schiffshebewerke Niederfinow, Deutschlands \u00e4ltestes noch arbeitendes Schiffshebewerk direkt neben dem neuen und modernsten Hebewerk. Erleben Sie spannende F\u00fchrungen, lernen Sie die Geschichte der Hebewerke kennen und genie\u00dfen Sie einzigartige Events. Perfekt f\u00fcr Familienausfl\u00fcge, Gruppenreisen und Technikbegeisterte.\"","og_url":"https:\/\/schiffshebewerk-niederfinow.com\/pl\/preise-und-leistungen\/","og_site_name":"Schiffshebewerk Niederfinow","article_modified_time":"2026-03-31T22:38:12+00:00","twitter_card":"summary_large_image","twitter_misc":{"Szacowany czas czytania":"1 minuta"},"schema":{"@context":"https:\/\/schema.org","@graph":[{"@type":"WebPage","@id":"https:\/\/schiffshebewerk-niederfinow.com\/preise-und-leistungen\/","url":"https:\/\/schiffshebewerk-niederfinow.com\/preise-und-leistungen\/","name":"Schiffshebewerk Niederfinow - Preise und Leistungen","isPartOf":{"@id":"https:\/\/schiffshebewerk-niederfinow.com\/#website"},"datePublished":"2026-03-31T22:23:09+00:00","dateModified":"2026-03-31T22:38:12+00:00","description":"\"Besuchen Sie die Schiffshebewerke Niederfinow, Deutschlands \\u00e4ltestes noch arbeitendes Schiffshebewerk direkt neben dem neuen und modernsten Hebewerk. Erleben Sie spannende F\\u00fchrungen, lernen Sie die Geschichte der Hebewerke kennen und genie\\u00dfen Sie einzigartige Events. Perfekt f\\u00fcr Familienausfl\\u00fcge, Gruppenreisen und Technikbegeisterte.\"","breadcrumb":{"@id":"https:\/\/schiffshebewerk-niederfinow.com\/preise-und-leistungen\/#breadcrumb"},"inLanguage":"pl-PL","potentialAction":[{"@type":"ReadAction","target":["https:\/\/schiffshebewerk-niederfinow.com\/preise-und-leistungen\/"]}]},{"@type":"BreadcrumbList","@id":"https:\/\/schiffshebewerk-niederfinow.com\/preise-und-leistungen\/#breadcrumb","itemListElement":[{"@type":"ListItem","position":1,"name":"Startseite","item":"https:\/\/schiffshebewerk-niederfinow.com\/"},{"@type":"ListItem","position":2,"name":"Preise und Leistungen"}]},{"@type":"WebSite","@id":"https:\/\/schiffshebewerk-niederfinow.com\/#website","url":"https:\/\/schiffshebewerk-niederfinow.com\/","name":"Schiffshebewerk Niederfinow","description":"","publisher":{"@id":"https:\/\/schiffshebewerk-niederfinow.com\/#organization"},"potentialAction":[{"@type":"SearchAction","target":{"@type":"EntryPoint","urlTemplate":"https:\/\/schiffshebewerk-niederfinow.com\/?s={search_term_string}"},"query-input":{"@type":"PropertyValueSpecification","valueRequired":true,"valueName":"search_term_string"}}],"inLanguage":"pl-PL"},{"@type":"Organization","@id":"https:\/\/schiffshebewerk-niederfinow.com\/#organization","name":"Schiffshebewerk Niederfinow","url":"https:\/\/schiffshebewerk-niederfinow.com\/","logo":{"@type":"ImageObject","inLanguage":"pl-PL","@id":"https:\/\/schiffshebewerk-niederfinow.com\/#\/schema\/logo\/image\/","url":"https:\/\/schiffshebewerk-niederfinow.com\/wp-content-784723398\/uploads\/2021\/11\/cropped-cropped-SHW_Marke_final_small.png","contentUrl":"https:\/\/schiffshebewerk-niederfinow.com\/wp-content-784723398\/uploads\/2021\/11\/cropped-cropped-SHW_Marke_final_small.png","width":180,"height":108,"caption":"Schiffshebewerk Niederfinow"},"image":{"@id":"https:\/\/schiffshebewerk-niederfinow.com\/#\/schema\/logo\/image\/"}}]}},"_links":{"self":[{"href":"https:\/\/schiffshebewerk-niederfinow.com\/pl\/wp-json\/wp\/v2\/pages\/4806","targetHints":{"allow":["GET"]}}],"collection":[{"href":"https:\/\/schiffshebewerk-niederfinow.com\/pl\/wp-json\/wp\/v2\/pages"}],"about":[{"href":"https:\/\/schiffshebewerk-niederfinow.com\/pl\/wp-json\/wp\/v2\/types\/page"}],"author":[{"embeddable":true,"href":"https:\/\/schiffshebewerk-niederfinow.com\/pl\/wp-json\/wp\/v2\/users\/5"}],"replies":[{"embeddable":true,"href":"https:\/\/schiffshebewerk-niederfinow.com\/pl\/wp-json\/wp\/v2\/comments?post=4806"}],"version-history":[{"count":6,"href":"https:\/\/schiffshebewerk-niederfinow.com\/pl\/wp-json\/wp\/v2\/pages\/4806\/revisions"}],"predecessor-version":[{"id":4816,"href":"https:\/\/schiffshebewerk-niederfinow.com\/pl\/wp-json\/wp\/v2\/pages\/4806\/revisions\/4816"}],"wp:attachment":[{"href":"https:\/\/schiffshebewerk-niederfinow.com\/pl\/wp-json\/wp\/v2\/media?parent=4806"}],"curies":[{"name":"wp","href":"https:\/\/api.w.org\/{rel}","templated":true}]}}