{"id":4801,"date":"2026-03-31T23:45:40","date_gmt":"2026-03-31T21:45:40","guid":{"rendered":"https:\/\/schiffshebewerk-niederfinow.com\/?page_id=4801"},"modified":"2026-03-31T23:47:43","modified_gmt":"2026-03-31T21:47:43","slug":"pre","status":"publish","type":"page","link":"https:\/\/schiffshebewerk-niederfinow.com\/pl\/pre\/","title":{"rendered":"Pre"},"content":{"rendered":"<div data-elementor-type=\"wp-page\" data-elementor-id=\"4801\" class=\"elementor elementor-4801\">\n\t\t\t\t\t\t<section class=\"elementor-section elementor-top-section elementor-element elementor-element-a03d85a elementor-section-boxed elementor-section-height-default elementor-section-height-default\" data-id=\"a03d85a\" data-element_type=\"section\">\n\t\t\t\t\t\t<div class=\"elementor-container elementor-column-gap-default\">\n\t\t\t\t\t<div class=\"elementor-column elementor-col-100 elementor-top-column elementor-element elementor-element-b03ede0\" data-id=\"b03ede0\" data-element_type=\"column\">\n\t\t\t<div class=\"elementor-widget-wrap elementor-element-populated\">\n\t\t\t\t\t\t<div class=\"elementor-element elementor-element-dc342f5 elementor-widget elementor-widget-heading\" data-id=\"dc342f5\" data-element_type=\"widget\" data-widget_type=\"heading.default\">\n\t\t\t\t<div class=\"elementor-widget-container\">\n\t\t\t\t\t<h2 class=\"elementor-heading-title elementor-size-default\"><br>\u00dcbersicht Preise und Leistungen<\/h2>\t\t\t\t<\/div>\n\t\t\t\t<\/div>\n\t\t\t\t\t<\/div>\n\t\t<\/div>\n\t\t\t\t\t<\/div>\n\t\t<\/section>\n\t\t\t\t<section class=\"elementor-section elementor-top-section elementor-element elementor-element-aa59950 elementor-section-boxed elementor-section-height-default elementor-section-height-default\" data-id=\"aa59950\" data-element_type=\"section\">\n\t\t\t\t\t\t<div class=\"elementor-container elementor-column-gap-default\">\n\t\t\t\t\t<div class=\"elementor-column elementor-col-100 elementor-top-column elementor-element elementor-element-6f3e784\" data-id=\"6f3e784\" data-element_type=\"column\">\n\t\t\t<div class=\"elementor-widget-wrap elementor-element-populated\">\n\t\t\t\t\t\t<div class=\"elementor-element elementor-element-0faf104 elementor-widget elementor-widget-text-editor\" data-id=\"0faf104\" data-element_type=\"widget\" data-widget_type=\"text-editor.default\">\n\t\t\t\t<div class=\"elementor-widget-container\">\n\t\t\t\t\t\t\t\t\t<p>\u00dcbersicht \u00fcber Leistungen und Preise in der Saison 2026:<\/p><p>\u00a0<\/p>\t\t\t\t\t\t\t\t<\/div>\n\t\t\t\t<\/div>\n\t\t\t\t\t<\/div>\n\t\t<\/div>\n\t\t\t\t\t<\/div>\n\t\t<\/section>\n\t\t\t\t<\/div>","protected":false},"excerpt":{"rendered":"<p>\u00dcbersicht Preise und Leistungen \u00dcbersicht \u00fcber Leistungen und Preise in der Saison 2026: \u00a0<\/p>","protected":false},"author":5,"featured_media":0,"parent":0,"menu_order":0,"comment_status":"closed","ping_status":"closed","template":"page-templates\/template-pagebuilder-full-width.php","meta":{"neve_meta_sidebar":"","neve_meta_container":"","neve_meta_enable_content_width":"","neve_meta_content_width":0,"neve_meta_title_alignment":"","neve_meta_author_avatar":"","neve_post_elements_order":"","neve_meta_disable_header":"","neve_meta_disable_footer":"","neve_meta_disable_title":"","footnotes":""},"class_list":["post-4801","page","type-page","status-publish","hentry"],"yoast_head":"<!-- This site is optimized with the Yoast SEO plugin v26.8 - https:\/\/yoast.com\/product\/yoast-seo-wordpress\/ -->\n<title>Schiffshebewerk Niederfinow - Pre<\/title>\n<meta name=\"description\" content=\"&quot;Besuchen Sie die Schiffshebewerke Niederfinow, Deutschlands \u00e4ltestes noch arbeitendes Schiffshebewerk direkt neben dem neuen und modernsten Hebewerk. Erleben Sie spannende F\u00fchrungen, lernen Sie die Geschichte der Hebewerke kennen und genie\u00dfen Sie einzigartige Events. Perfekt f\u00fcr Familienausfl\u00fcge, Gruppenreisen und Technikbegeisterte.&quot;\" \/>\n<meta name=\"robots\" content=\"index, follow, max-snippet:-1, max-image-preview:large, max-video-preview:-1\" \/>\n<link rel=\"canonical\" href=\"https:\/\/schiffshebewerk-niederfinow.com\/pl\/pre\/\" \/>\n<meta property=\"og:locale\" content=\"pl_PL\" \/>\n<meta property=\"og:type\" content=\"article\" \/>\n<meta property=\"og:title\" content=\"Schiffshebewerk Niederfinow - Pre\" \/>\n<meta property=\"og:description\" content=\"&quot;Besuchen Sie die Schiffshebewerke Niederfinow, Deutschlands \u00e4ltestes noch arbeitendes Schiffshebewerk direkt neben dem neuen und modernsten Hebewerk. Erleben Sie spannende F\u00fchrungen, lernen Sie die Geschichte der Hebewerke kennen und genie\u00dfen Sie einzigartige Events. Perfekt f\u00fcr Familienausfl\u00fcge, Gruppenreisen und Technikbegeisterte.&quot;\" \/>\n<meta property=\"og:url\" content=\"https:\/\/schiffshebewerk-niederfinow.com\/pl\/pre\/\" \/>\n<meta property=\"og:site_name\" content=\"Schiffshebewerk Niederfinow\" \/>\n<meta property=\"article:modified_time\" content=\"2026-03-31T21:47:43+00:00\" \/>\n<meta name=\"twitter:card\" content=\"summary_large_image\" \/>\n<meta name=\"twitter:label1\" content=\"Szacowany czas czytania\" \/>\n\t<meta name=\"twitter:data1\" content=\"1 minuta\" \/>\n<script type=\"application\/ld+json\" class=\"yoast-schema-graph\">{\"@context\":\"https:\/\/schema.org\",\"@graph\":[{\"@type\":\"WebPage\",\"@id\":\"https:\/\/schiffshebewerk-niederfinow.com\/pre\/\",\"url\":\"https:\/\/schiffshebewerk-niederfinow.com\/pre\/\",\"name\":\"Schiffshebewerk Niederfinow - Pre\",\"isPartOf\":{\"@id\":\"https:\/\/schiffshebewerk-niederfinow.com\/#website\"},\"datePublished\":\"2026-03-31T21:45:40+00:00\",\"dateModified\":\"2026-03-31T21:47:43+00:00\",\"description\":\"\\\"Besuchen Sie die Schiffshebewerke Niederfinow, Deutschlands \u00e4ltestes noch arbeitendes Schiffshebewerk direkt neben dem neuen und modernsten Hebewerk. Erleben Sie spannende F\u00fchrungen, lernen Sie die Geschichte der Hebewerke kennen und genie\u00dfen Sie einzigartige Events. Perfekt f\u00fcr Familienausfl\u00fcge, Gruppenreisen und Technikbegeisterte.\\\"\",\"breadcrumb\":{\"@id\":\"https:\/\/schiffshebewerk-niederfinow.com\/pre\/#breadcrumb\"},\"inLanguage\":\"pl-PL\",\"potentialAction\":[{\"@type\":\"ReadAction\",\"target\":[\"https:\/\/schiffshebewerk-niederfinow.com\/pre\/\"]}]},{\"@type\":\"BreadcrumbList\",\"@id\":\"https:\/\/schiffshebewerk-niederfinow.com\/pre\/#breadcrumb\",\"itemListElement\":[{\"@type\":\"ListItem\",\"position\":1,\"name\":\"Startseite\",\"item\":\"https:\/\/schiffshebewerk-niederfinow.com\/\"},{\"@type\":\"ListItem\",\"position\":2,\"name\":\"Pre\"}]},{\"@type\":\"WebSite\",\"@id\":\"https:\/\/schiffshebewerk-niederfinow.com\/#website\",\"url\":\"https:\/\/schiffshebewerk-niederfinow.com\/\",\"name\":\"Schiffshebewerk Niederfinow\",\"description\":\"\",\"publisher\":{\"@id\":\"https:\/\/schiffshebewerk-niederfinow.com\/#organization\"},\"potentialAction\":[{\"@type\":\"SearchAction\",\"target\":{\"@type\":\"EntryPoint\",\"urlTemplate\":\"https:\/\/schiffshebewerk-niederfinow.com\/?s={search_term_string}\"},\"query-input\":{\"@type\":\"PropertyValueSpecification\",\"valueRequired\":true,\"valueName\":\"search_term_string\"}}],\"inLanguage\":\"pl-PL\"},{\"@type\":\"Organization\",\"@id\":\"https:\/\/schiffshebewerk-niederfinow.com\/#organization\",\"name\":\"Schiffshebewerk Niederfinow\",\"url\":\"https:\/\/schiffshebewerk-niederfinow.com\/\",\"logo\":{\"@type\":\"ImageObject\",\"inLanguage\":\"pl-PL\",\"@id\":\"https:\/\/schiffshebewerk-niederfinow.com\/#\/schema\/logo\/image\/\",\"url\":\"https:\/\/schiffshebewerk-niederfinow.com\/wp-content-784723398\/uploads\/2021\/11\/cropped-cropped-SHW_Marke_final_small.png\",\"contentUrl\":\"https:\/\/schiffshebewerk-niederfinow.com\/wp-content-784723398\/uploads\/2021\/11\/cropped-cropped-SHW_Marke_final_small.png\",\"width\":180,\"height\":108,\"caption\":\"Schiffshebewerk Niederfinow\"},\"image\":{\"@id\":\"https:\/\/schiffshebewerk-niederfinow.com\/#\/schema\/logo\/image\/\"}}]}<\/script>\n<!-- \/ Yoast SEO plugin. -->","yoast_head_json":{"title":"Schiffshebewerk Niederfinow - Pre","description":"\"Besuchen Sie die Schiffshebewerke Niederfinow, Deutschlands \\u00e4ltestes noch arbeitendes Schiffshebewerk direkt neben dem neuen und modernsten Hebewerk. Erleben Sie spannende F\\u00fchrungen, lernen Sie die Geschichte der Hebewerke kennen und genie\\u00dfen Sie einzigartige Events. Perfekt f\\u00fcr Familienausfl\\u00fcge, Gruppenreisen und Technikbegeisterte.\"","robots":{"index":"index","follow":"follow","max-snippet":"max-snippet:-1","max-image-preview":"max-image-preview:large","max-video-preview":"max-video-preview:-1"},"canonical":"https:\/\/schiffshebewerk-niederfinow.com\/pl\/pre\/","og_locale":"pl_PL","og_type":"article","og_title":"Schiffshebewerk Niederfinow - Pre","og_description":"\"Besuchen Sie die Schiffshebewerke Niederfinow, Deutschlands \u00e4ltestes noch arbeitendes Schiffshebewerk direkt neben dem neuen und modernsten Hebewerk. Erleben Sie spannende F\u00fchrungen, lernen Sie die Geschichte der Hebewerke kennen und genie\u00dfen Sie einzigartige Events. Perfekt f\u00fcr Familienausfl\u00fcge, Gruppenreisen und Technikbegeisterte.\"","og_url":"https:\/\/schiffshebewerk-niederfinow.com\/pl\/pre\/","og_site_name":"Schiffshebewerk Niederfinow","article_modified_time":"2026-03-31T21:47:43+00:00","twitter_card":"summary_large_image","twitter_misc":{"Szacowany czas czytania":"1 minuta"},"schema":{"@context":"https:\/\/schema.org","@graph":[{"@type":"WebPage","@id":"https:\/\/schiffshebewerk-niederfinow.com\/pre\/","url":"https:\/\/schiffshebewerk-niederfinow.com\/pre\/","name":"Schiffshebewerk Niederfinow - Pre","isPartOf":{"@id":"https:\/\/schiffshebewerk-niederfinow.com\/#website"},"datePublished":"2026-03-31T21:45:40+00:00","dateModified":"2026-03-31T21:47:43+00:00","description":"\"Besuchen Sie die Schiffshebewerke Niederfinow, Deutschlands \\u00e4ltestes noch arbeitendes Schiffshebewerk direkt neben dem neuen und modernsten Hebewerk. Erleben Sie spannende F\\u00fchrungen, lernen Sie die Geschichte der Hebewerke kennen und genie\\u00dfen Sie einzigartige Events. Perfekt f\\u00fcr Familienausfl\\u00fcge, Gruppenreisen und Technikbegeisterte.\"","breadcrumb":{"@id":"https:\/\/schiffshebewerk-niederfinow.com\/pre\/#breadcrumb"},"inLanguage":"pl-PL","potentialAction":[{"@type":"ReadAction","target":["https:\/\/schiffshebewerk-niederfinow.com\/pre\/"]}]},{"@type":"BreadcrumbList","@id":"https:\/\/schiffshebewerk-niederfinow.com\/pre\/#breadcrumb","itemListElement":[{"@type":"ListItem","position":1,"name":"Startseite","item":"https:\/\/schiffshebewerk-niederfinow.com\/"},{"@type":"ListItem","position":2,"name":"Pre"}]},{"@type":"WebSite","@id":"https:\/\/schiffshebewerk-niederfinow.com\/#website","url":"https:\/\/schiffshebewerk-niederfinow.com\/","name":"Schiffshebewerk Niederfinow","description":"","publisher":{"@id":"https:\/\/schiffshebewerk-niederfinow.com\/#organization"},"potentialAction":[{"@type":"SearchAction","target":{"@type":"EntryPoint","urlTemplate":"https:\/\/schiffshebewerk-niederfinow.com\/?s={search_term_string}"},"query-input":{"@type":"PropertyValueSpecification","valueRequired":true,"valueName":"search_term_string"}}],"inLanguage":"pl-PL"},{"@type":"Organization","@id":"https:\/\/schiffshebewerk-niederfinow.com\/#organization","name":"Schiffshebewerk Niederfinow","url":"https:\/\/schiffshebewerk-niederfinow.com\/","logo":{"@type":"ImageObject","inLanguage":"pl-PL","@id":"https:\/\/schiffshebewerk-niederfinow.com\/#\/schema\/logo\/image\/","url":"https:\/\/schiffshebewerk-niederfinow.com\/wp-content-784723398\/uploads\/2021\/11\/cropped-cropped-SHW_Marke_final_small.png","contentUrl":"https:\/\/schiffshebewerk-niederfinow.com\/wp-content-784723398\/uploads\/2021\/11\/cropped-cropped-SHW_Marke_final_small.png","width":180,"height":108,"caption":"Schiffshebewerk Niederfinow"},"image":{"@id":"https:\/\/schiffshebewerk-niederfinow.com\/#\/schema\/logo\/image\/"}}]}},"_links":{"self":[{"href":"https:\/\/schiffshebewerk-niederfinow.com\/pl\/wp-json\/wp\/v2\/pages\/4801","targetHints":{"allow":["GET"]}}],"collection":[{"href":"https:\/\/schiffshebewerk-niederfinow.com\/pl\/wp-json\/wp\/v2\/pages"}],"about":[{"href":"https:\/\/schiffshebewerk-niederfinow.com\/pl\/wp-json\/wp\/v2\/types\/page"}],"author":[{"embeddable":true,"href":"https:\/\/schiffshebewerk-niederfinow.com\/pl\/wp-json\/wp\/v2\/users\/5"}],"replies":[{"embeddable":true,"href":"https:\/\/schiffshebewerk-niederfinow.com\/pl\/wp-json\/wp\/v2\/comments?post=4801"}],"version-history":[{"count":4,"href":"https:\/\/schiffshebewerk-niederfinow.com\/pl\/wp-json\/wp\/v2\/pages\/4801\/revisions"}],"predecessor-version":[{"id":4805,"href":"https:\/\/schiffshebewerk-niederfinow.com\/pl\/wp-json\/wp\/v2\/pages\/4801\/revisions\/4805"}],"wp:attachment":[{"href":"https:\/\/schiffshebewerk-niederfinow.com\/pl\/wp-json\/wp\/v2\/media?parent=4801"}],"curies":[{"name":"wp","href":"https:\/\/api.w.org\/{rel}","templated":true}]}}