{"id":3166,"date":"2024-02-03T18:47:36","date_gmt":"2024-02-03T17:47:36","guid":{"rendered":"https:\/\/schiffshebewerk-niederfinow.com\/?page_id=3166"},"modified":"2025-03-08T15:00:59","modified_gmt":"2025-03-08T14:00:59","slug":"shw-fahrgastschifffahrt","status":"publish","type":"page","link":"https:\/\/schiffshebewerk-niederfinow.com\/pl\/shw-fahrgastschifffahrt\/","title":{"rendered":"SHW Fahrgastschifffahrt"},"content":{"rendered":"<div data-elementor-type=\"wp-page\" data-elementor-id=\"3166\" class=\"elementor elementor-3166\">\n\t\t\t\t\t\t<section class=\"elementor-section elementor-top-section elementor-element elementor-element-1b93b76 elementor-section-boxed elementor-section-height-default elementor-section-height-default\" data-id=\"1b93b76\" data-element_type=\"section\">\n\t\t\t\t\t\t<div class=\"elementor-container elementor-column-gap-default\">\n\t\t\t\t\t<div class=\"elementor-column elementor-col-100 elementor-top-column elementor-element elementor-element-b88afa4\" data-id=\"b88afa4\" data-element_type=\"column\">\n\t\t\t<div class=\"elementor-widget-wrap elementor-element-populated\">\n\t\t\t\t\t\t<div class=\"elementor-element elementor-element-279e567 elementor-widget elementor-widget-image\" data-id=\"279e567\" data-element_type=\"widget\" data-widget_type=\"image.default\">\n\t\t\t\t<div class=\"elementor-widget-container\">\n\t\t\t\t\t\t\t\t\t\t\t\t\t\t\t<img fetchpriority=\"high\" decoding=\"async\" width=\"1024\" height=\"1024\" src=\"https:\/\/schiffshebewerk-niederfinow.com\/wp-content-784723398\/uploads\/2024\/02\/shwfgs-var1small-2-1024x1024.jpg\" class=\"attachment-large size-large wp-image-3184\" alt=\"Logo der SHW Fahrgastschifffahrt Niederfinow GmbH\" srcset=\"https:\/\/schiffshebewerk-niederfinow.com\/wp-content-784723398\/uploads\/2024\/02\/shwfgs-var1small-2-1024x1024.jpg 1024w, https:\/\/schiffshebewerk-niederfinow.com\/wp-content-784723398\/uploads\/2024\/02\/shwfgs-var1small-2-300x300.jpg 300w, https:\/\/schiffshebewerk-niederfinow.com\/wp-content-784723398\/uploads\/2024\/02\/shwfgs-var1small-2-150x150.jpg 150w, https:\/\/schiffshebewerk-niederfinow.com\/wp-content-784723398\/uploads\/2024\/02\/shwfgs-var1small-2-768x768.jpg 768w, https:\/\/schiffshebewerk-niederfinow.com\/wp-content-784723398\/uploads\/2024\/02\/shwfgs-var1small-2-1536x1536.jpg 1536w, https:\/\/schiffshebewerk-niederfinow.com\/wp-content-784723398\/uploads\/2024\/02\/shwfgs-var1small-2-12x12.jpg 12w, https:\/\/schiffshebewerk-niederfinow.com\/wp-content-784723398\/uploads\/2024\/02\/shwfgs-var1small-2.jpg 1638w\" sizes=\"(max-width: 1024px) 100vw, 1024px\" \/>\t\t\t\t\t\t\t\t\t\t\t\t\t\t\t<\/div>\n\t\t\t\t<\/div>\n\t\t\t\t<div class=\"elementor-element elementor-element-7dc8699 elementor-widget elementor-widget-heading\" data-id=\"7dc8699\" data-element_type=\"widget\" data-widget_type=\"heading.default\">\n\t\t\t\t<div class=\"elementor-widget-container\">\n\t\t\t\t\t<h2 class=\"elementor-heading-title elementor-size-default\">SHW Fahrgastschifffahrt Niederfinow GmbH<\/h2>\t\t\t\t<\/div>\n\t\t\t\t<\/div>\n\t\t\t\t\t<\/div>\n\t\t<\/div>\n\t\t\t\t\t<\/div>\n\t\t<\/section>\n\t\t\t\t<section class=\"elementor-section elementor-top-section elementor-element elementor-element-3ddc6fa elementor-section-boxed elementor-section-height-default elementor-section-height-default\" data-id=\"3ddc6fa\" data-element_type=\"section\">\n\t\t\t\t\t\t<div class=\"elementor-container elementor-column-gap-default\">\n\t\t\t\t\t<div class=\"elementor-column elementor-col-100 elementor-top-column elementor-element elementor-element-8e4d15f\" data-id=\"8e4d15f\" data-element_type=\"column\">\n\t\t\t<div class=\"elementor-widget-wrap elementor-element-populated\">\n\t\t\t\t\t\t<div class=\"elementor-element elementor-element-c59613a elementor-widget elementor-widget-text-editor\" data-id=\"c59613a\" data-element_type=\"widget\" data-widget_type=\"text-editor.default\">\n\t\t\t\t<div class=\"elementor-widget-container\">\n\t\t\t\t\t\t\t\t\t<h2>Traditionsbetrieb &#8222;Fahrgastschiffahrt Neumann&#8220; seit Januar 2024 unter neuer Leitung<\/h2><p>Wir freuen uns, bekannt zu geben, dass mit dem Jahreswechsel die &#8222;Fahrgastschiffahrt Neumann&#8220; von der SHW Fahrgastschifffahrt Niederfinow GmbH erworben wurde. Der langj\u00e4hrige Betreiber, Frank Neumann, der den Betrieb in zweiter Generation leitet, hat sich mit seiner Familie im Rahmen einer vorzeitigen Nachfolgeregelung dazu entschlossen, die wirtschaftliche Verantwortung abzugeben. Die neu gegr\u00fcndete 100%ige Tochtergesellschaft der SHW Tourismus- und Wirtschaftsentwicklungsgesellschaft Niederfinow mbH hat nun die beiden Fahrgastschiffe und ihren Betrieb \u00fcbernommen. Jan M\u00f6nikes fungiert als Gesch\u00e4ftsf\u00fchrer und leitet zun\u00e4chst beide Unternehmen in Personalunion. Jana und Frank Neumann bleiben jedoch weiterhin an Bord und wollen gemeinsam mit dem langj\u00e4hrigen Schiffsf\u00fchrer Torsten Bohm in den kommenden Jahren eine neue, junge Mannschaft anleiten und unterst\u00fctzen.<\/p><p>Die Passagiere d\u00fcrfen sich trotz des Betriebs\u00fcbergangs somit auf Qualit\u00e4t und Gastfreundschaft freuen. Beide beliebten Schiffe, die FGS Freiherr von M\u00fcnchhausen II und die FGS Luise, werden auch in der kommenden Saison eingesetzt, um den Besuchern der Hebewerke unvergessliche Erlebnisse auf dem Kanal zu bieten. Die ersten Linienfahrten durch die Hebewerke sind f\u00fcr den 8. M\u00e4rz 2024 geplant &#8211;\u00a0 vorausgesetzt, dass die Wasserstra\u00dfen eisfrei sind.<\/p><p>Aufgrund der hohen Nachfrage sollen die Fahrpl\u00e4ne f\u00fcr Linien- und Sonderfahrten zudem erweitert werden. Zuk\u00fcnftig soll mindestens eines der Schiffe generell an allen 7 Tagen der Woche fahren. Die Abfahrten sind dann w\u00e4hrend der Saison t\u00e4glich um 11:00, 13:00 und 15:00 Uhr ab dem Unterhafen. Der bisher \u00fcbliche Ruhetag entf\u00e4llt w\u00e4hrend der Saison generell. Dies soll sicherstellen, dass insbesondere G\u00e4ste, die von weiter entfernt anreisen, flexibel planen k\u00f6nnen und die M\u00f6glichkeit haben, die Faszination der Technik und die landschaftliche Sch\u00f6nheit des Niederoderbruchs vom Wasser aus zu erleben.<\/p><p>Die neue Website des Unternehmens ist unter\u00a0<a href=\"http:\/\/schifffahrt-niederfinow.de\"><b>schifffahrt-niederfinow.de<\/b><\/a> erreichbar. Sie\u00a0bietet auch eine Online-Buchungsm\u00f6glichkeit. Dadurch k\u00f6nnen Interessierte Tickets bequem von zu Hause aus erwerben und ihren Ausflug im Voraus planen. Selbstverst\u00e4ndlich wird es weiterhin m\u00f6glich sein, Tickets spontan vor Ort an den Kassen zu erwerben, sowohl f\u00fcr die Schifffahrten als auch f\u00fcr die Besichtigung der Schiffshebewerke an Land. Dar\u00fcber hinaus werden Kombitickets eingef\u00fchrt, die ein noch attraktiveres Angebot bieten sollen. Die Hauptkasse der Fahrgastschifffahrt wird zuk\u00fcnftig in der Touristeninformation (TI) im historischen Krafthaus sein.\u00a0<\/p><p>Um internationalen G\u00e4sten gerecht zu werden, wirdan einem Ansagesystem gearbeitet, das Erkl\u00e4rungen nicht nur auf Deutsch, sondern auch auf Polnisch und Englisch erm\u00f6glicht. Dadurch k\u00f6nnen Besucher noch mehr \u00fcber die faszinierende Geschichte und Technik der Schiffshebewerke und die Landschaft des Oderbruchs erfahren.<\/p><p>Wir freuen uns darauf, Sie an Bord unserer Fahrgastschiffe begr\u00fc\u00dfen zu d\u00fcrfen und Ihnen unvergessliche Momente auf dem Wasser zu bereiten!<\/p><p>Anfragen und Reservierungen bitte per E-Mail an <a href=\"mailto:fahrgastschifffahrt@shwtouristik.com\" target=\"_new\">fahrgastschifffahrt@shwtouristik.com<\/a>.<\/p>\t\t\t\t\t\t\t\t<\/div>\n\t\t\t\t<\/div>\n\t\t\t\t\t<\/div>\n\t\t<\/div>\n\t\t\t\t\t<\/div>\n\t\t<\/section>\n\t\t\t\t<\/div>","protected":false},"excerpt":{"rendered":"<p>SHW Fahrgastschifffahrt Niederfinow GmbH Traditionsbetrieb &#8222;Fahrgastschiffahrt Neumann&#8220; seit Januar 2024 unter neuer Leitung Wir freuen uns, bekannt zu geben, dass mit dem Jahreswechsel die &#8222;Fahrgastschiffahrt Neumann&#8220; von der SHW Fahrgastschifffahrt Niederfinow GmbH erworben wurde. Der langj\u00e4hrige Betreiber, Frank Neumann, der den Betrieb in zweiter Generation leitet, hat sich mit seiner Familie im Rahmen einer vorzeitigen&hellip;&nbsp;<a href=\"https:\/\/schiffshebewerk-niederfinow.com\/pl\/shw-fahrgastschifffahrt\/\" class=\"\" rel=\"bookmark\">Czytaj dalej &raquo;<span class=\"screen-reader-text\">SHW Fahrgastschifffahrt<\/span><\/a><\/p>","protected":false},"author":5,"featured_media":0,"parent":0,"menu_order":0,"comment_status":"closed","ping_status":"closed","template":"page-templates\/template-pagebuilder-full-width.php","meta":{"neve_meta_sidebar":"","neve_meta_container":"","neve_meta_enable_content_width":"","neve_meta_content_width":0,"neve_meta_title_alignment":"","neve_meta_author_avatar":"","neve_post_elements_order":"","neve_meta_disable_header":"","neve_meta_disable_footer":"","neve_meta_disable_title":"","footnotes":""},"class_list":["post-3166","page","type-page","status-publish","hentry"],"yoast_head":"<!-- This site is optimized with the Yoast SEO plugin v26.8 - https:\/\/yoast.com\/product\/yoast-seo-wordpress\/ -->\n<title>Schiffshebewerk Niederfinow - SHW Fahrgastschifffahrt<\/title>\n<meta name=\"description\" content=\"&quot;Besuchen Sie die Schiffshebewerke Niederfinow, Deutschlands \u00e4ltestes noch arbeitendes Schiffshebewerk direkt neben dem neuen und modernsten Hebewerk. Erleben Sie spannende F\u00fchrungen, lernen Sie die Geschichte der Hebewerke kennen und genie\u00dfen Sie einzigartige Events. Perfekt f\u00fcr Familienausfl\u00fcge, Gruppenreisen und Technikbegeisterte.&quot;\" \/>\n<meta name=\"robots\" content=\"index, follow, max-snippet:-1, max-image-preview:large, max-video-preview:-1\" \/>\n<link rel=\"canonical\" href=\"https:\/\/schiffshebewerk-niederfinow.com\/pl\/shw-fahrgastschifffahrt\/\" \/>\n<meta property=\"og:locale\" content=\"pl_PL\" \/>\n<meta property=\"og:type\" content=\"article\" \/>\n<meta property=\"og:title\" content=\"Schiffshebewerk Niederfinow - SHW Fahrgastschifffahrt\" \/>\n<meta property=\"og:description\" content=\"&quot;Besuchen Sie die Schiffshebewerke Niederfinow, Deutschlands \u00e4ltestes noch arbeitendes Schiffshebewerk direkt neben dem neuen und modernsten Hebewerk. Erleben Sie spannende F\u00fchrungen, lernen Sie die Geschichte der Hebewerke kennen und genie\u00dfen Sie einzigartige Events. Perfekt f\u00fcr Familienausfl\u00fcge, Gruppenreisen und Technikbegeisterte.&quot;\" \/>\n<meta property=\"og:url\" content=\"https:\/\/schiffshebewerk-niederfinow.com\/pl\/shw-fahrgastschifffahrt\/\" \/>\n<meta property=\"og:site_name\" content=\"Schiffshebewerk Niederfinow\" \/>\n<meta property=\"article:modified_time\" content=\"2025-03-08T14:00:59+00:00\" \/>\n<meta property=\"og:image\" content=\"https:\/\/schiffshebewerk-niederfinow.com\/wp-content-784723398\/uploads\/2024\/02\/shwfgs-var1small-2.jpg\" \/>\n\t<meta property=\"og:image:width\" content=\"1638\" \/>\n\t<meta property=\"og:image:height\" content=\"1638\" \/>\n\t<meta property=\"og:image:type\" content=\"image\/jpeg\" \/>\n<meta name=\"twitter:card\" content=\"summary_large_image\" \/>\n<meta name=\"twitter:label1\" content=\"Szacowany czas czytania\" \/>\n\t<meta name=\"twitter:data1\" content=\"3 minuty\" \/>\n<script type=\"application\/ld+json\" class=\"yoast-schema-graph\">{\"@context\":\"https:\/\/schema.org\",\"@graph\":[{\"@type\":\"WebPage\",\"@id\":\"https:\/\/schiffshebewerk-niederfinow.com\/shw-fahrgastschifffahrt\/\",\"url\":\"https:\/\/schiffshebewerk-niederfinow.com\/shw-fahrgastschifffahrt\/\",\"name\":\"Schiffshebewerk Niederfinow - SHW Fahrgastschifffahrt\",\"isPartOf\":{\"@id\":\"https:\/\/schiffshebewerk-niederfinow.com\/#website\"},\"primaryImageOfPage\":{\"@id\":\"https:\/\/schiffshebewerk-niederfinow.com\/shw-fahrgastschifffahrt\/#primaryimage\"},\"image\":{\"@id\":\"https:\/\/schiffshebewerk-niederfinow.com\/shw-fahrgastschifffahrt\/#primaryimage\"},\"thumbnailUrl\":\"https:\/\/schiffshebewerk-niederfinow.com\/wp-content-784723398\/uploads\/2024\/02\/shwfgs-var1small-2-1024x1024.jpg\",\"datePublished\":\"2024-02-03T17:47:36+00:00\",\"dateModified\":\"2025-03-08T14:00:59+00:00\",\"description\":\"\\\"Besuchen Sie die Schiffshebewerke Niederfinow, Deutschlands \u00e4ltestes noch arbeitendes Schiffshebewerk direkt neben dem neuen und modernsten Hebewerk. Erleben Sie spannende F\u00fchrungen, lernen Sie die Geschichte der Hebewerke kennen und genie\u00dfen Sie einzigartige Events. Perfekt f\u00fcr Familienausfl\u00fcge, Gruppenreisen und Technikbegeisterte.\\\"\",\"breadcrumb\":{\"@id\":\"https:\/\/schiffshebewerk-niederfinow.com\/shw-fahrgastschifffahrt\/#breadcrumb\"},\"inLanguage\":\"pl-PL\",\"potentialAction\":[{\"@type\":\"ReadAction\",\"target\":[\"https:\/\/schiffshebewerk-niederfinow.com\/shw-fahrgastschifffahrt\/\"]}]},{\"@type\":\"ImageObject\",\"inLanguage\":\"pl-PL\",\"@id\":\"https:\/\/schiffshebewerk-niederfinow.com\/shw-fahrgastschifffahrt\/#primaryimage\",\"url\":\"https:\/\/schiffshebewerk-niederfinow.com\/wp-content-784723398\/uploads\/2024\/02\/shwfgs-var1small-2-1024x1024.jpg\",\"contentUrl\":\"https:\/\/schiffshebewerk-niederfinow.com\/wp-content-784723398\/uploads\/2024\/02\/shwfgs-var1small-2-1024x1024.jpg\"},{\"@type\":\"BreadcrumbList\",\"@id\":\"https:\/\/schiffshebewerk-niederfinow.com\/shw-fahrgastschifffahrt\/#breadcrumb\",\"itemListElement\":[{\"@type\":\"ListItem\",\"position\":1,\"name\":\"Startseite\",\"item\":\"https:\/\/schiffshebewerk-niederfinow.com\/\"},{\"@type\":\"ListItem\",\"position\":2,\"name\":\"SHW Fahrgastschifffahrt\"}]},{\"@type\":\"WebSite\",\"@id\":\"https:\/\/schiffshebewerk-niederfinow.com\/#website\",\"url\":\"https:\/\/schiffshebewerk-niederfinow.com\/\",\"name\":\"Schiffshebewerk Niederfinow\",\"description\":\"\",\"publisher\":{\"@id\":\"https:\/\/schiffshebewerk-niederfinow.com\/#organization\"},\"potentialAction\":[{\"@type\":\"SearchAction\",\"target\":{\"@type\":\"EntryPoint\",\"urlTemplate\":\"https:\/\/schiffshebewerk-niederfinow.com\/?s={search_term_string}\"},\"query-input\":{\"@type\":\"PropertyValueSpecification\",\"valueRequired\":true,\"valueName\":\"search_term_string\"}}],\"inLanguage\":\"pl-PL\"},{\"@type\":\"Organization\",\"@id\":\"https:\/\/schiffshebewerk-niederfinow.com\/#organization\",\"name\":\"Schiffshebewerk Niederfinow\",\"url\":\"https:\/\/schiffshebewerk-niederfinow.com\/\",\"logo\":{\"@type\":\"ImageObject\",\"inLanguage\":\"pl-PL\",\"@id\":\"https:\/\/schiffshebewerk-niederfinow.com\/#\/schema\/logo\/image\/\",\"url\":\"https:\/\/schiffshebewerk-niederfinow.com\/wp-content-784723398\/uploads\/2021\/11\/cropped-cropped-SHW_Marke_final_small.png\",\"contentUrl\":\"https:\/\/schiffshebewerk-niederfinow.com\/wp-content-784723398\/uploads\/2021\/11\/cropped-cropped-SHW_Marke_final_small.png\",\"width\":180,\"height\":108,\"caption\":\"Schiffshebewerk Niederfinow\"},\"image\":{\"@id\":\"https:\/\/schiffshebewerk-niederfinow.com\/#\/schema\/logo\/image\/\"}}]}<\/script>\n<!-- \/ Yoast SEO plugin. -->","yoast_head_json":{"title":"Schiffshebewerk Niederfinow - SHW Fahrgastschifffahrt","description":"\"Besuchen Sie die Schiffshebewerke Niederfinow, Deutschlands \\u00e4ltestes noch arbeitendes Schiffshebewerk direkt neben dem neuen und modernsten Hebewerk. Erleben Sie spannende F\\u00fchrungen, lernen Sie die Geschichte der Hebewerke kennen und genie\\u00dfen Sie einzigartige Events. Perfekt f\\u00fcr Familienausfl\\u00fcge, Gruppenreisen und Technikbegeisterte.\"","robots":{"index":"index","follow":"follow","max-snippet":"max-snippet:-1","max-image-preview":"max-image-preview:large","max-video-preview":"max-video-preview:-1"},"canonical":"https:\/\/schiffshebewerk-niederfinow.com\/pl\/shw-fahrgastschifffahrt\/","og_locale":"pl_PL","og_type":"article","og_title":"Schiffshebewerk Niederfinow - SHW Fahrgastschifffahrt","og_description":"\"Besuchen Sie die Schiffshebewerke Niederfinow, Deutschlands \u00e4ltestes noch arbeitendes Schiffshebewerk direkt neben dem neuen und modernsten Hebewerk. Erleben Sie spannende F\u00fchrungen, lernen Sie die Geschichte der Hebewerke kennen und genie\u00dfen Sie einzigartige Events. Perfekt f\u00fcr Familienausfl\u00fcge, Gruppenreisen und Technikbegeisterte.\"","og_url":"https:\/\/schiffshebewerk-niederfinow.com\/pl\/shw-fahrgastschifffahrt\/","og_site_name":"Schiffshebewerk Niederfinow","article_modified_time":"2025-03-08T14:00:59+00:00","og_image":[{"width":1638,"height":1638,"url":"https:\/\/schiffshebewerk-niederfinow.com\/wp-content-784723398\/uploads\/2024\/02\/shwfgs-var1small-2.jpg","type":"image\/jpeg"}],"twitter_card":"summary_large_image","twitter_misc":{"Szacowany czas czytania":"3 minuty"},"schema":{"@context":"https:\/\/schema.org","@graph":[{"@type":"WebPage","@id":"https:\/\/schiffshebewerk-niederfinow.com\/shw-fahrgastschifffahrt\/","url":"https:\/\/schiffshebewerk-niederfinow.com\/shw-fahrgastschifffahrt\/","name":"Schiffshebewerk Niederfinow - SHW Fahrgastschifffahrt","isPartOf":{"@id":"https:\/\/schiffshebewerk-niederfinow.com\/#website"},"primaryImageOfPage":{"@id":"https:\/\/schiffshebewerk-niederfinow.com\/shw-fahrgastschifffahrt\/#primaryimage"},"image":{"@id":"https:\/\/schiffshebewerk-niederfinow.com\/shw-fahrgastschifffahrt\/#primaryimage"},"thumbnailUrl":"https:\/\/schiffshebewerk-niederfinow.com\/wp-content-784723398\/uploads\/2024\/02\/shwfgs-var1small-2-1024x1024.jpg","datePublished":"2024-02-03T17:47:36+00:00","dateModified":"2025-03-08T14:00:59+00:00","description":"\"Besuchen Sie die Schiffshebewerke Niederfinow, Deutschlands \\u00e4ltestes noch arbeitendes Schiffshebewerk direkt neben dem neuen und modernsten Hebewerk. Erleben Sie spannende F\\u00fchrungen, lernen Sie die Geschichte der Hebewerke kennen und genie\\u00dfen Sie einzigartige Events. Perfekt f\\u00fcr Familienausfl\\u00fcge, Gruppenreisen und Technikbegeisterte.\"","breadcrumb":{"@id":"https:\/\/schiffshebewerk-niederfinow.com\/shw-fahrgastschifffahrt\/#breadcrumb"},"inLanguage":"pl-PL","potentialAction":[{"@type":"ReadAction","target":["https:\/\/schiffshebewerk-niederfinow.com\/shw-fahrgastschifffahrt\/"]}]},{"@type":"ImageObject","inLanguage":"pl-PL","@id":"https:\/\/schiffshebewerk-niederfinow.com\/shw-fahrgastschifffahrt\/#primaryimage","url":"https:\/\/schiffshebewerk-niederfinow.com\/wp-content-784723398\/uploads\/2024\/02\/shwfgs-var1small-2-1024x1024.jpg","contentUrl":"https:\/\/schiffshebewerk-niederfinow.com\/wp-content-784723398\/uploads\/2024\/02\/shwfgs-var1small-2-1024x1024.jpg"},{"@type":"BreadcrumbList","@id":"https:\/\/schiffshebewerk-niederfinow.com\/shw-fahrgastschifffahrt\/#breadcrumb","itemListElement":[{"@type":"ListItem","position":1,"name":"Startseite","item":"https:\/\/schiffshebewerk-niederfinow.com\/"},{"@type":"ListItem","position":2,"name":"SHW Fahrgastschifffahrt"}]},{"@type":"WebSite","@id":"https:\/\/schiffshebewerk-niederfinow.com\/#website","url":"https:\/\/schiffshebewerk-niederfinow.com\/","name":"Schiffshebewerk Niederfinow","description":"","publisher":{"@id":"https:\/\/schiffshebewerk-niederfinow.com\/#organization"},"potentialAction":[{"@type":"SearchAction","target":{"@type":"EntryPoint","urlTemplate":"https:\/\/schiffshebewerk-niederfinow.com\/?s={search_term_string}"},"query-input":{"@type":"PropertyValueSpecification","valueRequired":true,"valueName":"search_term_string"}}],"inLanguage":"pl-PL"},{"@type":"Organization","@id":"https:\/\/schiffshebewerk-niederfinow.com\/#organization","name":"Schiffshebewerk Niederfinow","url":"https:\/\/schiffshebewerk-niederfinow.com\/","logo":{"@type":"ImageObject","inLanguage":"pl-PL","@id":"https:\/\/schiffshebewerk-niederfinow.com\/#\/schema\/logo\/image\/","url":"https:\/\/schiffshebewerk-niederfinow.com\/wp-content-784723398\/uploads\/2021\/11\/cropped-cropped-SHW_Marke_final_small.png","contentUrl":"https:\/\/schiffshebewerk-niederfinow.com\/wp-content-784723398\/uploads\/2021\/11\/cropped-cropped-SHW_Marke_final_small.png","width":180,"height":108,"caption":"Schiffshebewerk Niederfinow"},"image":{"@id":"https:\/\/schiffshebewerk-niederfinow.com\/#\/schema\/logo\/image\/"}}]}},"_links":{"self":[{"href":"https:\/\/schiffshebewerk-niederfinow.com\/pl\/wp-json\/wp\/v2\/pages\/3166","targetHints":{"allow":["GET"]}}],"collection":[{"href":"https:\/\/schiffshebewerk-niederfinow.com\/pl\/wp-json\/wp\/v2\/pages"}],"about":[{"href":"https:\/\/schiffshebewerk-niederfinow.com\/pl\/wp-json\/wp\/v2\/types\/page"}],"author":[{"embeddable":true,"href":"https:\/\/schiffshebewerk-niederfinow.com\/pl\/wp-json\/wp\/v2\/users\/5"}],"replies":[{"embeddable":true,"href":"https:\/\/schiffshebewerk-niederfinow.com\/pl\/wp-json\/wp\/v2\/comments?post=3166"}],"version-history":[{"count":6,"href":"https:\/\/schiffshebewerk-niederfinow.com\/pl\/wp-json\/wp\/v2\/pages\/3166\/revisions"}],"predecessor-version":[{"id":4181,"href":"https:\/\/schiffshebewerk-niederfinow.com\/pl\/wp-json\/wp\/v2\/pages\/3166\/revisions\/4181"}],"wp:attachment":[{"href":"https:\/\/schiffshebewerk-niederfinow.com\/pl\/wp-json\/wp\/v2\/media?parent=3166"}],"curies":[{"name":"wp","href":"https:\/\/api.w.org\/{rel}","templated":true}]}}