{"id":2022,"date":"2022-08-31T15:54:28","date_gmt":"2022-08-31T13:54:28","guid":{"rendered":"https:\/\/schiffshebewerk-niederfinow.com\/?page_id=2022"},"modified":"2022-09-09T23:57:14","modified_gmt":"2022-09-09T21:57:14","slug":"elementor-2022","status":"publish","type":"page","link":"https:\/\/schiffshebewerk-niederfinow.com\/pl\/elementor-2022\/","title":{"rendered":"Er\u00f6ffnung neues Hebewerk"},"content":{"rendered":"<style>\/*! elementor - v3.7.3 - 29-08-2022 *\/<br \/>\n.elementor-heading-title{padding:0;margin:0;line-height:1}.elementor-widget-heading .elementor-heading-title[class*=elementor-size-]>a{color:inherit;font-size:inherit;line-height:inherit}.elementor-widget-heading .elementor-heading-title.elementor-size-small{font-size:15px}.elementor-widget-heading .elementor-heading-title.elementor-size-medium{font-size:19px}.elementor-widget-heading .elementor-heading-title.elementor-size-large{font-size:29px}.elementor-widget-heading .elementor-heading-title.elementor-size-xl{font-size:39px}.elementor-widget-heading .elementor-heading-title.elementor-size-xxl{font-size:59px}<\/style>\n<p><strong>Safe the Date:<\/strong><\/p>\n<h2>Feierliche Er\u00f6ffnung des neuen Schiffshebewerkes in Niederfinow<\/h2>\n<style>\/*! elementor - v3.7.3 - 29-08-2022 *\/<br \/>\n.elementor-widget-image{text-align:center}.elementor-widget-image a{display:inline-block}.elementor-widget-image a img[src$=\".svg\"]{width:48px}.elementor-widget-image img{vertical-align:middle;display:inline-block}<\/style>\n<p><img fetchpriority=\"high\" decoding=\"async\" src=\"https:\/\/schiffshebewerk-niederfinow.com\/wp-content-784723398\/uploads\/2022\/08\/schiffshebewerke-niederfinow-1024x624.jpg\" sizes=\"(max-width: 1024px) 100vw, 1024px\" srcset=\"https:\/\/schiffshebewerk-niederfinow.com\/wp-content-784723398\/uploads\/2022\/08\/schiffshebewerke-niederfinow-1024x624.jpg 1024w, https:\/\/schiffshebewerk-niederfinow.com\/wp-content-784723398\/uploads\/2022\/08\/schiffshebewerke-niederfinow-300x183.jpg 300w, https:\/\/schiffshebewerk-niederfinow.com\/wp-content-784723398\/uploads\/2022\/08\/schiffshebewerke-niederfinow-768x468.jpg 768w, https:\/\/schiffshebewerk-niederfinow.com\/wp-content-784723398\/uploads\/2022\/08\/schiffshebewerke-niederfinow-1536x935.jpg 1536w, https:\/\/schiffshebewerk-niederfinow.com\/wp-content-784723398\/uploads\/2022\/08\/schiffshebewerke-niederfinow-2048x1247.jpg 2048w, https:\/\/schiffshebewerk-niederfinow.com\/wp-content-784723398\/uploads\/2022\/08\/schiffshebewerke-niederfinow-18x12.jpg 18w\" alt=\"Schiffshebewerk Niederfinow\" width=\"1024\" height=\"624\"><\/p>\n<p>Safe the Date: Die feierliche&nbsp;<b style=\"color: var( --e-global-color-text ); font-family: var( --e-global-typography-text-font-family ), Sans-serif; background-color: var(--nv-site-bg); font-size: var(--bodyFontSize); letter-spacing: var(--bodyLetterSpacing); text-transform: var(--bodyTextTransform);\">Einweihung des neuen Schiffshebewerkes durch den Bundesminister f\u00fcr Verkehr Dr. Volker Wissing ist nunmehr f\u00fcr den 4. Oktober 2022 ab 13:30 geplant!&nbsp;<\/b><\/p>\n<p>Mit einem Budget von zuletzt 520 Mio. \u20ac hat die Wasserstra\u00dfen- und Schifffahrtsverwaltung des Bundes in Niederfinow ein neues Schiffshebewerk errichtet.&nbsp;Vorbehaltlich der noch vorzunehmenden Abnahmen soll die feierliche Einweihung nun am 4. Oktober 2022 ab 13:30 Uhr erfolgen.<\/p>\n<p>F\u00fcr den allgemeinen Schiffsverkehr wird die neue Anlage dann ab dem 5. Oktober 06:00 Uhr zur Verf\u00fcgung stehen.<\/p>\n<p>Zur Feier dieses Jahrhundertereignisse plant die SHW Touristik f\u00fcr die Tage vom 1. bis zum 6. Oktober 2022 dar\u00fcber hinaus ein vielf\u00e4ltiges und buntes Programm f\u00fcr die \u00d6ffentlichkeit. Weitere Infos hierzu folgen in den n\u00e4chsten Tagen auf dieser Website und durch Mitteilungen f\u00fcr die Presse.<\/p>\n<p>Anfragen von Presse, Sponsoren und Partnern gern via E-Mail unter schiffshebewerk@niederfinow.com.<\/p>\n","protected":false},"excerpt":{"rendered":"<p>Safe the Date: Feierliche Er\u00f6ffnung des neuen Schiffshebewerkes in Niederfinow Safe the Date: Die feierliche&nbsp;Einweihung des neuen Schiffshebewerkes durch den Bundesminister f\u00fcr Verkehr Dr. Volker Wissing ist nunmehr f\u00fcr den 4. Oktober 2022 ab 13:30 geplant!&nbsp; Mit einem Budget von zuletzt 520 Mio. \u20ac hat die Wasserstra\u00dfen- und Schifffahrtsverwaltung des Bundes in Niederfinow ein neues&hellip;&nbsp;<a href=\"https:\/\/schiffshebewerk-niederfinow.com\/pl\/elementor-2022\/\" class=\"\" rel=\"bookmark\">Czytaj dalej &raquo;<span class=\"screen-reader-text\">Er\u00f6ffnung neues Hebewerk<\/span><\/a><\/p>","protected":false},"author":5,"featured_media":0,"parent":0,"menu_order":0,"comment_status":"closed","ping_status":"closed","template":"page-templates\/template-pagebuilder-full-width.php","meta":{"neve_meta_sidebar":"","neve_meta_container":"","neve_meta_enable_content_width":"","neve_meta_content_width":0,"neve_meta_title_alignment":"","neve_meta_author_avatar":"","neve_post_elements_order":"","neve_meta_disable_header":"","neve_meta_disable_footer":"","neve_meta_disable_title":"","footnotes":""},"class_list":["post-2022","page","type-page","status-publish","hentry"],"yoast_head":"<!-- This site is optimized with the Yoast SEO plugin v26.8 - https:\/\/yoast.com\/product\/yoast-seo-wordpress\/ -->\n<title>Schiffshebewerk Niederfinow - Er\u00f6ffnung neues Hebewerk<\/title>\n<meta name=\"description\" content=\"&quot;Besuchen Sie die Schiffshebewerke Niederfinow, Deutschlands \u00e4ltestes noch arbeitendes Schiffshebewerk direkt neben dem neuen und modernsten Hebewerk. Erleben Sie spannende F\u00fchrungen, lernen Sie die Geschichte der Hebewerke kennen und genie\u00dfen Sie einzigartige Events. Perfekt f\u00fcr Familienausfl\u00fcge, Gruppenreisen und Technikbegeisterte.&quot;\" \/>\n<meta name=\"robots\" content=\"index, follow, max-snippet:-1, max-image-preview:large, max-video-preview:-1\" \/>\n<link rel=\"canonical\" href=\"https:\/\/schiffshebewerk-niederfinow.com\/pl\/elementor-2022\/\" \/>\n<meta property=\"og:locale\" content=\"pl_PL\" \/>\n<meta property=\"og:type\" content=\"article\" \/>\n<meta property=\"og:title\" content=\"Schiffshebewerk Niederfinow - Er\u00f6ffnung neues Hebewerk\" \/>\n<meta property=\"og:description\" content=\"&quot;Besuchen Sie die Schiffshebewerke Niederfinow, Deutschlands \u00e4ltestes noch arbeitendes Schiffshebewerk direkt neben dem neuen und modernsten Hebewerk. Erleben Sie spannende F\u00fchrungen, lernen Sie die Geschichte der Hebewerke kennen und genie\u00dfen Sie einzigartige Events. Perfekt f\u00fcr Familienausfl\u00fcge, Gruppenreisen und Technikbegeisterte.&quot;\" \/>\n<meta property=\"og:url\" content=\"https:\/\/schiffshebewerk-niederfinow.com\/pl\/elementor-2022\/\" \/>\n<meta property=\"og:site_name\" content=\"Schiffshebewerk Niederfinow\" \/>\n<meta property=\"article:modified_time\" content=\"2022-09-09T21:57:14+00:00\" \/>\n<meta property=\"og:image\" content=\"https:\/\/schiffshebewerk-niederfinow.com\/wp-content-784723398\/uploads\/2022\/08\/schiffshebewerke-niederfinow-1024x624.jpg\" \/>\n<meta name=\"twitter:card\" content=\"summary_large_image\" \/>\n<meta name=\"twitter:label1\" content=\"Szacowany czas czytania\" \/>\n\t<meta name=\"twitter:data1\" content=\"1 minuta\" \/>\n<script type=\"application\/ld+json\" class=\"yoast-schema-graph\">{\"@context\":\"https:\/\/schema.org\",\"@graph\":[{\"@type\":\"WebPage\",\"@id\":\"https:\/\/schiffshebewerk-niederfinow.com\/elementor-2022\/\",\"url\":\"https:\/\/schiffshebewerk-niederfinow.com\/elementor-2022\/\",\"name\":\"Schiffshebewerk Niederfinow - Er\u00f6ffnung neues Hebewerk\",\"isPartOf\":{\"@id\":\"https:\/\/schiffshebewerk-niederfinow.com\/#website\"},\"primaryImageOfPage\":{\"@id\":\"https:\/\/schiffshebewerk-niederfinow.com\/elementor-2022\/#primaryimage\"},\"image\":{\"@id\":\"https:\/\/schiffshebewerk-niederfinow.com\/elementor-2022\/#primaryimage\"},\"thumbnailUrl\":\"https:\/\/schiffshebewerk-niederfinow.com\/wp-content-784723398\/uploads\/2022\/08\/schiffshebewerke-niederfinow-1024x624.jpg\",\"datePublished\":\"2022-08-31T13:54:28+00:00\",\"dateModified\":\"2022-09-09T21:57:14+00:00\",\"description\":\"\\\"Besuchen Sie die Schiffshebewerke Niederfinow, Deutschlands \u00e4ltestes noch arbeitendes Schiffshebewerk direkt neben dem neuen und modernsten Hebewerk. Erleben Sie spannende F\u00fchrungen, lernen Sie die Geschichte der Hebewerke kennen und genie\u00dfen Sie einzigartige Events. Perfekt f\u00fcr Familienausfl\u00fcge, Gruppenreisen und Technikbegeisterte.\\\"\",\"breadcrumb\":{\"@id\":\"https:\/\/schiffshebewerk-niederfinow.com\/elementor-2022\/#breadcrumb\"},\"inLanguage\":\"pl-PL\",\"potentialAction\":[{\"@type\":\"ReadAction\",\"target\":[\"https:\/\/schiffshebewerk-niederfinow.com\/elementor-2022\/\"]}]},{\"@type\":\"ImageObject\",\"inLanguage\":\"pl-PL\",\"@id\":\"https:\/\/schiffshebewerk-niederfinow.com\/elementor-2022\/#primaryimage\",\"url\":\"https:\/\/schiffshebewerk-niederfinow.com\/wp-content-784723398\/uploads\/2022\/08\/schiffshebewerke-niederfinow-1024x624.jpg\",\"contentUrl\":\"https:\/\/schiffshebewerk-niederfinow.com\/wp-content-784723398\/uploads\/2022\/08\/schiffshebewerke-niederfinow-1024x624.jpg\"},{\"@type\":\"BreadcrumbList\",\"@id\":\"https:\/\/schiffshebewerk-niederfinow.com\/elementor-2022\/#breadcrumb\",\"itemListElement\":[{\"@type\":\"ListItem\",\"position\":1,\"name\":\"Startseite\",\"item\":\"https:\/\/schiffshebewerk-niederfinow.com\/\"},{\"@type\":\"ListItem\",\"position\":2,\"name\":\"Er\u00f6ffnung neues Hebewerk\"}]},{\"@type\":\"WebSite\",\"@id\":\"https:\/\/schiffshebewerk-niederfinow.com\/#website\",\"url\":\"https:\/\/schiffshebewerk-niederfinow.com\/\",\"name\":\"Schiffshebewerk Niederfinow\",\"description\":\"\",\"publisher\":{\"@id\":\"https:\/\/schiffshebewerk-niederfinow.com\/#organization\"},\"potentialAction\":[{\"@type\":\"SearchAction\",\"target\":{\"@type\":\"EntryPoint\",\"urlTemplate\":\"https:\/\/schiffshebewerk-niederfinow.com\/?s={search_term_string}\"},\"query-input\":{\"@type\":\"PropertyValueSpecification\",\"valueRequired\":true,\"valueName\":\"search_term_string\"}}],\"inLanguage\":\"pl-PL\"},{\"@type\":\"Organization\",\"@id\":\"https:\/\/schiffshebewerk-niederfinow.com\/#organization\",\"name\":\"Schiffshebewerk Niederfinow\",\"url\":\"https:\/\/schiffshebewerk-niederfinow.com\/\",\"logo\":{\"@type\":\"ImageObject\",\"inLanguage\":\"pl-PL\",\"@id\":\"https:\/\/schiffshebewerk-niederfinow.com\/#\/schema\/logo\/image\/\",\"url\":\"https:\/\/schiffshebewerk-niederfinow.com\/wp-content-784723398\/uploads\/2021\/11\/cropped-cropped-SHW_Marke_final_small.png\",\"contentUrl\":\"https:\/\/schiffshebewerk-niederfinow.com\/wp-content-784723398\/uploads\/2021\/11\/cropped-cropped-SHW_Marke_final_small.png\",\"width\":180,\"height\":108,\"caption\":\"Schiffshebewerk Niederfinow\"},\"image\":{\"@id\":\"https:\/\/schiffshebewerk-niederfinow.com\/#\/schema\/logo\/image\/\"}}]}<\/script>\n<!-- \/ Yoast SEO plugin. -->","yoast_head_json":{"title":"Schiffshebewerk Niederfinow - Er\u00f6ffnung neues Hebewerk","description":"\"Besuchen Sie die Schiffshebewerke Niederfinow, Deutschlands \\u00e4ltestes noch arbeitendes Schiffshebewerk direkt neben dem neuen und modernsten Hebewerk. Erleben Sie spannende F\\u00fchrungen, lernen Sie die Geschichte der Hebewerke kennen und genie\\u00dfen Sie einzigartige Events. Perfekt f\\u00fcr Familienausfl\\u00fcge, Gruppenreisen und Technikbegeisterte.\"","robots":{"index":"index","follow":"follow","max-snippet":"max-snippet:-1","max-image-preview":"max-image-preview:large","max-video-preview":"max-video-preview:-1"},"canonical":"https:\/\/schiffshebewerk-niederfinow.com\/pl\/elementor-2022\/","og_locale":"pl_PL","og_type":"article","og_title":"Schiffshebewerk Niederfinow - Er\u00f6ffnung neues Hebewerk","og_description":"\"Besuchen Sie die Schiffshebewerke Niederfinow, Deutschlands \u00e4ltestes noch arbeitendes Schiffshebewerk direkt neben dem neuen und modernsten Hebewerk. Erleben Sie spannende F\u00fchrungen, lernen Sie die Geschichte der Hebewerke kennen und genie\u00dfen Sie einzigartige Events. Perfekt f\u00fcr Familienausfl\u00fcge, Gruppenreisen und Technikbegeisterte.\"","og_url":"https:\/\/schiffshebewerk-niederfinow.com\/pl\/elementor-2022\/","og_site_name":"Schiffshebewerk Niederfinow","article_modified_time":"2022-09-09T21:57:14+00:00","og_image":[{"url":"https:\/\/schiffshebewerk-niederfinow.com\/wp-content-784723398\/uploads\/2022\/08\/schiffshebewerke-niederfinow-1024x624.jpg","type":"","width":"","height":""}],"twitter_card":"summary_large_image","twitter_misc":{"Szacowany czas czytania":"1 minuta"},"schema":{"@context":"https:\/\/schema.org","@graph":[{"@type":"WebPage","@id":"https:\/\/schiffshebewerk-niederfinow.com\/elementor-2022\/","url":"https:\/\/schiffshebewerk-niederfinow.com\/elementor-2022\/","name":"Schiffshebewerk Niederfinow - Er\u00f6ffnung neues Hebewerk","isPartOf":{"@id":"https:\/\/schiffshebewerk-niederfinow.com\/#website"},"primaryImageOfPage":{"@id":"https:\/\/schiffshebewerk-niederfinow.com\/elementor-2022\/#primaryimage"},"image":{"@id":"https:\/\/schiffshebewerk-niederfinow.com\/elementor-2022\/#primaryimage"},"thumbnailUrl":"https:\/\/schiffshebewerk-niederfinow.com\/wp-content-784723398\/uploads\/2022\/08\/schiffshebewerke-niederfinow-1024x624.jpg","datePublished":"2022-08-31T13:54:28+00:00","dateModified":"2022-09-09T21:57:14+00:00","description":"\"Besuchen Sie die Schiffshebewerke Niederfinow, Deutschlands \\u00e4ltestes noch arbeitendes Schiffshebewerk direkt neben dem neuen und modernsten Hebewerk. Erleben Sie spannende F\\u00fchrungen, lernen Sie die Geschichte der Hebewerke kennen und genie\\u00dfen Sie einzigartige Events. Perfekt f\\u00fcr Familienausfl\\u00fcge, Gruppenreisen und Technikbegeisterte.\"","breadcrumb":{"@id":"https:\/\/schiffshebewerk-niederfinow.com\/elementor-2022\/#breadcrumb"},"inLanguage":"pl-PL","potentialAction":[{"@type":"ReadAction","target":["https:\/\/schiffshebewerk-niederfinow.com\/elementor-2022\/"]}]},{"@type":"ImageObject","inLanguage":"pl-PL","@id":"https:\/\/schiffshebewerk-niederfinow.com\/elementor-2022\/#primaryimage","url":"https:\/\/schiffshebewerk-niederfinow.com\/wp-content-784723398\/uploads\/2022\/08\/schiffshebewerke-niederfinow-1024x624.jpg","contentUrl":"https:\/\/schiffshebewerk-niederfinow.com\/wp-content-784723398\/uploads\/2022\/08\/schiffshebewerke-niederfinow-1024x624.jpg"},{"@type":"BreadcrumbList","@id":"https:\/\/schiffshebewerk-niederfinow.com\/elementor-2022\/#breadcrumb","itemListElement":[{"@type":"ListItem","position":1,"name":"Startseite","item":"https:\/\/schiffshebewerk-niederfinow.com\/"},{"@type":"ListItem","position":2,"name":"Er\u00f6ffnung neues Hebewerk"}]},{"@type":"WebSite","@id":"https:\/\/schiffshebewerk-niederfinow.com\/#website","url":"https:\/\/schiffshebewerk-niederfinow.com\/","name":"Schiffshebewerk Niederfinow","description":"","publisher":{"@id":"https:\/\/schiffshebewerk-niederfinow.com\/#organization"},"potentialAction":[{"@type":"SearchAction","target":{"@type":"EntryPoint","urlTemplate":"https:\/\/schiffshebewerk-niederfinow.com\/?s={search_term_string}"},"query-input":{"@type":"PropertyValueSpecification","valueRequired":true,"valueName":"search_term_string"}}],"inLanguage":"pl-PL"},{"@type":"Organization","@id":"https:\/\/schiffshebewerk-niederfinow.com\/#organization","name":"Schiffshebewerk Niederfinow","url":"https:\/\/schiffshebewerk-niederfinow.com\/","logo":{"@type":"ImageObject","inLanguage":"pl-PL","@id":"https:\/\/schiffshebewerk-niederfinow.com\/#\/schema\/logo\/image\/","url":"https:\/\/schiffshebewerk-niederfinow.com\/wp-content-784723398\/uploads\/2021\/11\/cropped-cropped-SHW_Marke_final_small.png","contentUrl":"https:\/\/schiffshebewerk-niederfinow.com\/wp-content-784723398\/uploads\/2021\/11\/cropped-cropped-SHW_Marke_final_small.png","width":180,"height":108,"caption":"Schiffshebewerk Niederfinow"},"image":{"@id":"https:\/\/schiffshebewerk-niederfinow.com\/#\/schema\/logo\/image\/"}}]}},"_links":{"self":[{"href":"https:\/\/schiffshebewerk-niederfinow.com\/pl\/wp-json\/wp\/v2\/pages\/2022","targetHints":{"allow":["GET"]}}],"collection":[{"href":"https:\/\/schiffshebewerk-niederfinow.com\/pl\/wp-json\/wp\/v2\/pages"}],"about":[{"href":"https:\/\/schiffshebewerk-niederfinow.com\/pl\/wp-json\/wp\/v2\/types\/page"}],"author":[{"embeddable":true,"href":"https:\/\/schiffshebewerk-niederfinow.com\/pl\/wp-json\/wp\/v2\/users\/5"}],"replies":[{"embeddable":true,"href":"https:\/\/schiffshebewerk-niederfinow.com\/pl\/wp-json\/wp\/v2\/comments?post=2022"}],"version-history":[{"count":5,"href":"https:\/\/schiffshebewerk-niederfinow.com\/pl\/wp-json\/wp\/v2\/pages\/2022\/revisions"}],"predecessor-version":[{"id":2077,"href":"https:\/\/schiffshebewerk-niederfinow.com\/pl\/wp-json\/wp\/v2\/pages\/2022\/revisions\/2077"}],"wp:attachment":[{"href":"https:\/\/schiffshebewerk-niederfinow.com\/pl\/wp-json\/wp\/v2\/media?parent=2022"}],"curies":[{"name":"wp","href":"https:\/\/api.w.org\/{rel}","templated":true}]}}