{"id":1710,"date":"2022-02-22T19:52:48","date_gmt":"2022-02-22T18:52:48","guid":{"rendered":"https:\/\/schiffshebewerk-niederfinow.com\/?page_id=1710"},"modified":"2025-01-01T17:53:35","modified_gmt":"2025-01-01T16:53:35","slug":"ueber-uns","status":"publish","type":"page","link":"https:\/\/schiffshebewerk-niederfinow.com\/pl\/ueber-uns\/","title":{"rendered":"\u00dcber uns"},"content":{"rendered":"<p>Die SHW Tourismus- und Wirtschaftsentwicklungsgesellschaft Niederfinow mbH (kurz: SHW Touristik) wurde aufgrund des Beschlusses der Gemeindevertretung im Juni 2021 als kommunale Eigengesellschaft der Gemeinde Niederfinow im Amt Britz-Chorin-Oderberg gegr\u00fcndet. Die Gemeinde ist die einzige Gesellschafterin der GmbH. Als alleiniger Gesch\u00e4ftsf\u00fchrer wurde Herr Rechtsanwalt Jan M\u00f6nikes berufen. Die Gesellschaft ist beim Registergericht Frankfurt (Oder) eingetragen und hat seit dem 1.7.2021 auf Basis eines auf Dauer angelegten Kooperationsvertrages mit der Gemeinde Niederfinow und der Wasserstra\u00dfen- und Schifffahrtsverwaltung des Bundes (WSV) schrittweise die Bewirtschaftung aller f\u00fcr touristischen Betrieb vorhandenen und noch geplanten Fl\u00e4chen am Standort \u00fcbernommen.<\/p>\n\n\n\n<p>Zweck des Unternehmens ist die F\u00f6rderung des (Wasser-) Tourismus in der Gemeinde Niederfinow und der nachhaltigen wirtschaftlichen Entwicklung im Zusammenhang mit den auf dem Gebiet der Gemeinde gelegenen Schiffshebewerken und zugeh\u00f6rigen Fl\u00e4chen. Diesen Zweck soll die Gesellschaft insbesondere verwirklichen durch die Planung, Leitung und Organisation des Standortmarketings und Fremdenverkehrs im Zusammenhang mit den wasserbaulichen Denkmalen der Schiffshebewerke, der historischen Schleusentreppe und dem Finowkanal und alle damit verbundenen Aufgaben der touristischen Betreuung und der Organisation und der Steuerung touristischer Leistungen und Produkte, den Betrieb von Einrichtungen und Anlagen auf dem Gebiet der Gemeinde Niederfinow und die Zurverf\u00fcgungstellung von Informationsangeboten mit dem Ziel der F\u00f6rderung des Tourismus und der Vermittlung der \u00fcberragenden ingenieurs-, verkehrs- und wasserbaulichen Bedeutung des Standortes, seiner Geschichte und der heutigen Rolle in der Arbeit der Wasserstra\u00dfen- und Schifffahrtsverwaltung des Bundes (WSV), die Umsetzung von Projekten zur nachhaltigen wirtschaftlichen und touristischen Entwicklung des gesamten Areals der auf dem Gebiet der Gemeinde Niederfinow gelegenen Schiffshebewerke und der zugeh\u00f6rigen Fl\u00e4chen, insbesondere zum Schutz und zur Unterhaltung der technischen und wasserbaulichen Anlagen, um insbesondere das historische Schiffshebewerk auch f\u00fcr zuk\u00fcnftige Generationen als lebendiges Denkmal zu erhalten und damit einen Beitrag zur Heimatkunde und Heimatpflege zu leisten, auch mit Hilfe von Mitteln Dritter, die F\u00f6rderung, Planung und Durchf\u00fchrung von kulturellen, sportlichen, musealen oder \u00e4hnlichen Veranstaltungen, auch zur F\u00f6rderung der grenz\u00fcberschreitenden Attraktivit\u00e4t und nachhaltigen Entwicklung des Standortes, die Durchf\u00fchrung von Ma\u00dfnahmen, die dem Ziel dienen, die wirtschaftliche und regionale Entwicklung, das Gewerbe und Handwerk, den (Wasser-) Tourismus, die Kultur und den Schutz der nat\u00fcrlichen Umwelt im Gebiet der Gemeinde Niederfinow, auch mit \u00fcber\u00f6rtlichem Bezug, zu f\u00f6rdern.<\/p>\n\n\n\n<p>Daher betreibt die SHW Touristik mit ihren bis zu 50 Mitarbeiter*innen heute nicht nur das Infozentrum des WSV, das Museum und die Touristininformation im Krafthaus, sondern w\u00e4hrend der Saison auch die Besucherbereiche des alten und zuk\u00fcnftig auch des neuen Hebewerkes, sowie zahlreiche Angebote f\u00fcr Gruppen und Einzelbesucher. Auf ihren Fl\u00e4chen finden regelm\u00e4\u00dfig M\u00e4rkte und Events statt und befinden sich gastronomische Angebote. Insbesondere f\u00fcr die F\u00fchrung von G\u00e4sten durch die Hebewerke werden <a data-type=\"page\" href=\"https:\/\/schiffshebewerk-niederfinow.com\/pl\/category\/jobs\/\" target=\"_blank\" rel=\"noreferrer noopener\">zahlreiche Jobs <\/a>w\u00e4hrend der Saison angeboten.<\/p>\n\n\n\n<p><\/p>","protected":false},"excerpt":{"rendered":"<p>Die SHW Tourismus- und Wirtschaftsentwicklungsgesellschaft Niederfinow mbH (kurz: SHW Touristik) wurde aufgrund des Beschlusses der Gemeindevertretung im Juni 2021 als kommunale Eigengesellschaft der Gemeinde Niederfinow im Amt Britz-Chorin-Oderberg gegr\u00fcndet. Die Gemeinde ist die einzige Gesellschafterin der GmbH. Als alleiniger Gesch\u00e4ftsf\u00fchrer wurde Herr Rechtsanwalt Jan M\u00f6nikes berufen. Die Gesellschaft ist beim Registergericht Frankfurt (Oder) eingetragen und&hellip;&nbsp;<a href=\"https:\/\/schiffshebewerk-niederfinow.com\/pl\/ueber-uns\/\" class=\"\" rel=\"bookmark\">Czytaj dalej &raquo;<span class=\"screen-reader-text\">\u00dcber uns<\/span><\/a><\/p>","protected":false},"author":5,"featured_media":0,"parent":0,"menu_order":0,"comment_status":"closed","ping_status":"closed","template":"","meta":{"neve_meta_sidebar":"","neve_meta_container":"","neve_meta_enable_content_width":"","neve_meta_content_width":0,"neve_meta_title_alignment":"","neve_meta_author_avatar":"","neve_post_elements_order":"","neve_meta_disable_header":"","neve_meta_disable_footer":"","neve_meta_disable_title":"","footnotes":""},"class_list":["post-1710","page","type-page","status-publish","hentry"],"yoast_head":"<!-- This site is optimized with the Yoast SEO plugin v26.8 - https:\/\/yoast.com\/product\/yoast-seo-wordpress\/ -->\n<title>Schiffshebewerk Niederfinow - \u00dcber uns<\/title>\n<meta name=\"description\" content=\"&quot;Besuchen Sie die Schiffshebewerke Niederfinow, Deutschlands \u00e4ltestes noch arbeitendes Schiffshebewerk direkt neben dem neuen und modernsten Hebewerk. Erleben Sie spannende F\u00fchrungen, lernen Sie die Geschichte der Hebewerke kennen und genie\u00dfen Sie einzigartige Events. Perfekt f\u00fcr Familienausfl\u00fcge, Gruppenreisen und Technikbegeisterte.&quot;\" \/>\n<meta name=\"robots\" content=\"index, follow, max-snippet:-1, max-image-preview:large, max-video-preview:-1\" \/>\n<link rel=\"canonical\" href=\"https:\/\/schiffshebewerk-niederfinow.com\/pl\/ueber-uns\/\" \/>\n<meta property=\"og:locale\" content=\"pl_PL\" \/>\n<meta property=\"og:type\" content=\"article\" \/>\n<meta property=\"og:title\" content=\"Schiffshebewerk Niederfinow - \u00dcber uns\" \/>\n<meta property=\"og:description\" content=\"&quot;Besuchen Sie die Schiffshebewerke Niederfinow, Deutschlands \u00e4ltestes noch arbeitendes Schiffshebewerk direkt neben dem neuen und modernsten Hebewerk. Erleben Sie spannende F\u00fchrungen, lernen Sie die Geschichte der Hebewerke kennen und genie\u00dfen Sie einzigartige Events. Perfekt f\u00fcr Familienausfl\u00fcge, Gruppenreisen und Technikbegeisterte.&quot;\" \/>\n<meta property=\"og:url\" content=\"https:\/\/schiffshebewerk-niederfinow.com\/pl\/ueber-uns\/\" \/>\n<meta property=\"og:site_name\" content=\"Schiffshebewerk Niederfinow\" \/>\n<meta property=\"article:modified_time\" content=\"2025-01-01T16:53:35+00:00\" \/>\n<meta name=\"twitter:card\" content=\"summary_large_image\" \/>\n<meta name=\"twitter:label1\" content=\"Szacowany czas czytania\" \/>\n\t<meta name=\"twitter:data1\" content=\"3 minuty\" \/>\n<script type=\"application\/ld+json\" class=\"yoast-schema-graph\">{\"@context\":\"https:\/\/schema.org\",\"@graph\":[{\"@type\":\"WebPage\",\"@id\":\"https:\/\/schiffshebewerk-niederfinow.com\/ueber-uns\/\",\"url\":\"https:\/\/schiffshebewerk-niederfinow.com\/ueber-uns\/\",\"name\":\"Schiffshebewerk Niederfinow - \u00dcber uns\",\"isPartOf\":{\"@id\":\"https:\/\/schiffshebewerk-niederfinow.com\/#website\"},\"datePublished\":\"2022-02-22T18:52:48+00:00\",\"dateModified\":\"2025-01-01T16:53:35+00:00\",\"description\":\"\\\"Besuchen Sie die Schiffshebewerke Niederfinow, Deutschlands \u00e4ltestes noch arbeitendes Schiffshebewerk direkt neben dem neuen und modernsten Hebewerk. Erleben Sie spannende F\u00fchrungen, lernen Sie die Geschichte der Hebewerke kennen und genie\u00dfen Sie einzigartige Events. Perfekt f\u00fcr Familienausfl\u00fcge, Gruppenreisen und Technikbegeisterte.\\\"\",\"breadcrumb\":{\"@id\":\"https:\/\/schiffshebewerk-niederfinow.com\/ueber-uns\/#breadcrumb\"},\"inLanguage\":\"pl-PL\",\"potentialAction\":[{\"@type\":\"ReadAction\",\"target\":[\"https:\/\/schiffshebewerk-niederfinow.com\/ueber-uns\/\"]}]},{\"@type\":\"BreadcrumbList\",\"@id\":\"https:\/\/schiffshebewerk-niederfinow.com\/ueber-uns\/#breadcrumb\",\"itemListElement\":[{\"@type\":\"ListItem\",\"position\":1,\"name\":\"Startseite\",\"item\":\"https:\/\/schiffshebewerk-niederfinow.com\/\"},{\"@type\":\"ListItem\",\"position\":2,\"name\":\"\u00dcber uns\"}]},{\"@type\":\"WebSite\",\"@id\":\"https:\/\/schiffshebewerk-niederfinow.com\/#website\",\"url\":\"https:\/\/schiffshebewerk-niederfinow.com\/\",\"name\":\"Schiffshebewerk Niederfinow\",\"description\":\"\",\"publisher\":{\"@id\":\"https:\/\/schiffshebewerk-niederfinow.com\/#organization\"},\"potentialAction\":[{\"@type\":\"SearchAction\",\"target\":{\"@type\":\"EntryPoint\",\"urlTemplate\":\"https:\/\/schiffshebewerk-niederfinow.com\/?s={search_term_string}\"},\"query-input\":{\"@type\":\"PropertyValueSpecification\",\"valueRequired\":true,\"valueName\":\"search_term_string\"}}],\"inLanguage\":\"pl-PL\"},{\"@type\":\"Organization\",\"@id\":\"https:\/\/schiffshebewerk-niederfinow.com\/#organization\",\"name\":\"Schiffshebewerk Niederfinow\",\"url\":\"https:\/\/schiffshebewerk-niederfinow.com\/\",\"logo\":{\"@type\":\"ImageObject\",\"inLanguage\":\"pl-PL\",\"@id\":\"https:\/\/schiffshebewerk-niederfinow.com\/#\/schema\/logo\/image\/\",\"url\":\"https:\/\/schiffshebewerk-niederfinow.com\/wp-content-784723398\/uploads\/2021\/11\/cropped-cropped-SHW_Marke_final_small.png\",\"contentUrl\":\"https:\/\/schiffshebewerk-niederfinow.com\/wp-content-784723398\/uploads\/2021\/11\/cropped-cropped-SHW_Marke_final_small.png\",\"width\":180,\"height\":108,\"caption\":\"Schiffshebewerk Niederfinow\"},\"image\":{\"@id\":\"https:\/\/schiffshebewerk-niederfinow.com\/#\/schema\/logo\/image\/\"}}]}<\/script>\n<!-- \/ Yoast SEO plugin. -->","yoast_head_json":{"title":"Schiffshebewerk Niederfinow - \u00dcber uns","description":"\"Besuchen Sie die Schiffshebewerke Niederfinow, Deutschlands \\u00e4ltestes noch arbeitendes Schiffshebewerk direkt neben dem neuen und modernsten Hebewerk. Erleben Sie spannende F\\u00fchrungen, lernen Sie die Geschichte der Hebewerke kennen und genie\\u00dfen Sie einzigartige Events. Perfekt f\\u00fcr Familienausfl\\u00fcge, Gruppenreisen und Technikbegeisterte.\"","robots":{"index":"index","follow":"follow","max-snippet":"max-snippet:-1","max-image-preview":"max-image-preview:large","max-video-preview":"max-video-preview:-1"},"canonical":"https:\/\/schiffshebewerk-niederfinow.com\/pl\/ueber-uns\/","og_locale":"pl_PL","og_type":"article","og_title":"Schiffshebewerk Niederfinow - \u00dcber uns","og_description":"\"Besuchen Sie die Schiffshebewerke Niederfinow, Deutschlands \u00e4ltestes noch arbeitendes Schiffshebewerk direkt neben dem neuen und modernsten Hebewerk. Erleben Sie spannende F\u00fchrungen, lernen Sie die Geschichte der Hebewerke kennen und genie\u00dfen Sie einzigartige Events. Perfekt f\u00fcr Familienausfl\u00fcge, Gruppenreisen und Technikbegeisterte.\"","og_url":"https:\/\/schiffshebewerk-niederfinow.com\/pl\/ueber-uns\/","og_site_name":"Schiffshebewerk Niederfinow","article_modified_time":"2025-01-01T16:53:35+00:00","twitter_card":"summary_large_image","twitter_misc":{"Szacowany czas czytania":"3 minuty"},"schema":{"@context":"https:\/\/schema.org","@graph":[{"@type":"WebPage","@id":"https:\/\/schiffshebewerk-niederfinow.com\/ueber-uns\/","url":"https:\/\/schiffshebewerk-niederfinow.com\/ueber-uns\/","name":"Schiffshebewerk Niederfinow - \u00dcber uns","isPartOf":{"@id":"https:\/\/schiffshebewerk-niederfinow.com\/#website"},"datePublished":"2022-02-22T18:52:48+00:00","dateModified":"2025-01-01T16:53:35+00:00","description":"\"Besuchen Sie die Schiffshebewerke Niederfinow, Deutschlands \\u00e4ltestes noch arbeitendes Schiffshebewerk direkt neben dem neuen und modernsten Hebewerk. Erleben Sie spannende F\\u00fchrungen, lernen Sie die Geschichte der Hebewerke kennen und genie\\u00dfen Sie einzigartige Events. Perfekt f\\u00fcr Familienausfl\\u00fcge, Gruppenreisen und Technikbegeisterte.\"","breadcrumb":{"@id":"https:\/\/schiffshebewerk-niederfinow.com\/ueber-uns\/#breadcrumb"},"inLanguage":"pl-PL","potentialAction":[{"@type":"ReadAction","target":["https:\/\/schiffshebewerk-niederfinow.com\/ueber-uns\/"]}]},{"@type":"BreadcrumbList","@id":"https:\/\/schiffshebewerk-niederfinow.com\/ueber-uns\/#breadcrumb","itemListElement":[{"@type":"ListItem","position":1,"name":"Startseite","item":"https:\/\/schiffshebewerk-niederfinow.com\/"},{"@type":"ListItem","position":2,"name":"\u00dcber uns"}]},{"@type":"WebSite","@id":"https:\/\/schiffshebewerk-niederfinow.com\/#website","url":"https:\/\/schiffshebewerk-niederfinow.com\/","name":"Schiffshebewerk Niederfinow","description":"","publisher":{"@id":"https:\/\/schiffshebewerk-niederfinow.com\/#organization"},"potentialAction":[{"@type":"SearchAction","target":{"@type":"EntryPoint","urlTemplate":"https:\/\/schiffshebewerk-niederfinow.com\/?s={search_term_string}"},"query-input":{"@type":"PropertyValueSpecification","valueRequired":true,"valueName":"search_term_string"}}],"inLanguage":"pl-PL"},{"@type":"Organization","@id":"https:\/\/schiffshebewerk-niederfinow.com\/#organization","name":"Schiffshebewerk Niederfinow","url":"https:\/\/schiffshebewerk-niederfinow.com\/","logo":{"@type":"ImageObject","inLanguage":"pl-PL","@id":"https:\/\/schiffshebewerk-niederfinow.com\/#\/schema\/logo\/image\/","url":"https:\/\/schiffshebewerk-niederfinow.com\/wp-content-784723398\/uploads\/2021\/11\/cropped-cropped-SHW_Marke_final_small.png","contentUrl":"https:\/\/schiffshebewerk-niederfinow.com\/wp-content-784723398\/uploads\/2021\/11\/cropped-cropped-SHW_Marke_final_small.png","width":180,"height":108,"caption":"Schiffshebewerk Niederfinow"},"image":{"@id":"https:\/\/schiffshebewerk-niederfinow.com\/#\/schema\/logo\/image\/"}}]}},"_links":{"self":[{"href":"https:\/\/schiffshebewerk-niederfinow.com\/pl\/wp-json\/wp\/v2\/pages\/1710","targetHints":{"allow":["GET"]}}],"collection":[{"href":"https:\/\/schiffshebewerk-niederfinow.com\/pl\/wp-json\/wp\/v2\/pages"}],"about":[{"href":"https:\/\/schiffshebewerk-niederfinow.com\/pl\/wp-json\/wp\/v2\/types\/page"}],"author":[{"embeddable":true,"href":"https:\/\/schiffshebewerk-niederfinow.com\/pl\/wp-json\/wp\/v2\/users\/5"}],"replies":[{"embeddable":true,"href":"https:\/\/schiffshebewerk-niederfinow.com\/pl\/wp-json\/wp\/v2\/comments?post=1710"}],"version-history":[{"count":5,"href":"https:\/\/schiffshebewerk-niederfinow.com\/pl\/wp-json\/wp\/v2\/pages\/1710\/revisions"}],"predecessor-version":[{"id":4046,"href":"https:\/\/schiffshebewerk-niederfinow.com\/pl\/wp-json\/wp\/v2\/pages\/1710\/revisions\/4046"}],"wp:attachment":[{"href":"https:\/\/schiffshebewerk-niederfinow.com\/pl\/wp-json\/wp\/v2\/media?parent=1710"}],"curies":[{"name":"wp","href":"https:\/\/api.w.org\/{rel}","templated":true}]}}