{"id":1387,"date":"2021-12-02T13:51:23","date_gmt":"2021-12-02T12:51:23","guid":{"rendered":"https:\/\/schiffshebewerk-niederfinow.com\/?page_id=1387"},"modified":"2022-10-12T18:28:33","modified_gmt":"2022-10-12T16:28:33","slug":"datenschutz","status":"publish","type":"page","link":"https:\/\/schiffshebewerk-niederfinow.com\/pl\/datenschutz\/","title":{"rendered":""},"content":{"rendered":"<div data-elementor-type=\"wp-page\" data-elementor-id=\"1387\" class=\"elementor elementor-1387\">\n\t\t\t\t\t\t<section class=\"elementor-section elementor-top-section elementor-element elementor-element-414e7664 elementor-section-boxed elementor-section-height-default elementor-section-height-default\" data-id=\"414e7664\" data-element_type=\"section\">\n\t\t\t\t\t\t<div class=\"elementor-container elementor-column-gap-default\">\n\t\t\t\t\t<div class=\"elementor-column elementor-col-100 elementor-top-column elementor-element elementor-element-10ea07b1\" data-id=\"10ea07b1\" data-element_type=\"column\">\n\t\t\t<div class=\"elementor-widget-wrap elementor-element-populated\">\n\t\t\t\t\t\t<div class=\"elementor-element elementor-element-6b5ac0e0 elementor-widget elementor-widget-text-editor\" data-id=\"6b5ac0e0\" data-element_type=\"widget\" data-widget_type=\"text-editor.default\">\n\t\t\t\t<div class=\"elementor-widget-container\">\n\t\t\t\t\t\t\t\t\t<div>\n<h2><br><\/h2>\n<h2>Datenschutzerkl\u00e4rung<\/h2>\n<h3>1. Allgemeine Hinweise und Pflichtinformationen<\/h3>\n<p>Benennung der verantwortlichen Stelle<br>Die verantwortliche Stelle f\u00fcr die Datenverarbeitung&nbsp;ist:<\/p>\n<p>SHW Tourismus- und Wirtschaftsentwicklungsgesellschaft Niederfinow&nbsp;mbH<\/p>\n<p>Krafthaus \u2013 Lieper Schleuse&nbsp;6<br>D\u201116248 Niederfinow<\/p>\n<p>Tel.: +49 (0) 33362 7182\u201350<br>E\u2011Mail: schiffshebewerk@niederfinow.de<br>www.shwtouristik.com<\/p>\n<p>Registergericht: Amtsgericht Frankfurt (Oder)<br>Registernummer: HRB 18715&nbsp;FF<\/p>\n<p>Vertretungsberechtigter Gesch\u00e4ftsf\u00fchrer: Jan M\u00f6nikes<\/p>\n<p>Weitere Informationen \u00fcber die o.g. verantwortliche Stelle erhalten Sie im Impressum dieser Website: Impressum<\/p>\n<p>Allgemeine Hinweise<br>Diese Datenschutzerkl\u00e4rung soll Nutzer \u00fcber die Art, den Umfang und den Zweck der Erhebung und Verwendung personenbezogener Daten informieren.<\/p>\n<p>Wir nehmen den Schutz Ihrer pers\u00f6nlichen Daten sehr ernst und behandelt Ihre personenbezogenen Daten vertraulich und entsprechend der gesetzlichen Vorschriften.<\/p>\n<p>Wir weisen darauf hin, dass Daten\u00fcbertragungen im Internet Sicherheitsl\u00fccken aufweisen k\u00f6nnen. Aus diesem Grund kann ein Schutz der Daten vor dem Zugriff durch Dritte nicht vollumf\u00e4nglich garantiert werden.<\/p>\n<p>Personenbezogene&nbsp;Daten<br>Im Sinne dieser Datenschutzerkl\u00e4rung bezeichnet der Ausdruck \u201epersonenbezogene Daten\u201c alle Informationen, die sich auf eine identifizierte oder identifizierbare nat\u00fcrliche Person beziehen. Dazu geh\u00f6ren insbesondere alle Daten, die Ihrer Person technisch eindeutig zugeordnet werden k\u00f6nnen, also beispielsweise Ihr Name, Ihre E\u2011Mail-Adresse, IP-Adresse und Telefonnummer.<\/p>\n<p>Ihre personenbezogenen Daten nutzen und geben wir nur dann weiter, wenn dies im gesetzlichen Rahmen erlaubt ist oder wenn Sie in die Datenerhebung und \u2011nutzung einwilligen.<\/p>\n<p>Wir verarbeiten und speichern personenbezogene Daten nur f\u00fcr den Zeitraum, der zur Erreichung des Speicherungszwecks erforderlich ist oder sofern dies gesetzlich vorgeschrieben&nbsp;wurde.<\/p>\n<p>Rechtsgrundlagen<br>Daten, bei denen Ihre Einwilligung f\u00fcr einen bestimmten Verarbeitungszweck notwendig ist, verarbeiten wir auf Grundlage von Art. 6 I lit. a&nbsp;DSGVO.<\/p>\n<p>Ist die Verarbeitung personenbezogener Daten zur Erf\u00fcllung eines Vertrags erforderlich, so beruht die Verarbeitung auf Art. 6 I lit. b DSGVO. Gleiches gilt f\u00fcr solche Verarbeitungsvorg\u00e4nge die zur Durchf\u00fchrung vorvertraglicher Ma\u00dfnahmen erforderlich sind, etwa in F\u00e4llen von Anfragen zu unseren Produkten oder Leistungen.<\/p>\n<p>Unterliegen wir einer rechtlichen Verpflichtung durch welche eine Verarbeitung personenbezogener Daten erforderlich wird, so basiert die Verarbeitung auf Art. 6 I lit. c&nbsp;DSGVO.<\/p>\n<p>Verarbeitungsvorg\u00e4nge, die von keiner der vorgenannten Rechtsgrundlagen erfasst werden, basieren auf Art. 6 I lit. f DSGVO, sofern die Verarbeitung zur Wahrung unserer berechtigten Interessen oder denen eines Dritten erforderlich ist. Als berechtigtes Interesse kann insbesondere die Durchf\u00fchrung unserer Gesch\u00e4ftst\u00e4tigkeit und deren Bewerbung gelten.<\/p>\n<p>Widerruf Ihrer Einwilligung zur Datenverarbeitung<br>Nur mit Ihrer ausdr\u00fccklichen Einwilligung sind einige Vorg\u00e4nge der Datenverarbeitung m\u00f6glich. Ein Widerruf Ihrer bereits erteilten Einwilligung ist jederzeit m\u00f6glich. F\u00fcr den Widerruf gen\u00fcgt eine formlose Mitteilung per E\u2011Mail. Die Rechtm\u00e4\u00dfigkeit der bis zum Widerruf erfolgten Datenverarbeitung bleibt vom Widerruf unber\u00fchrt.<\/p>\n<p>Widerspruchsrecht<br>Nach Ma\u00dfgabe der gesetzlichen Vorschriften k\u00f6nnen Sie einer k\u00fcnftigen Verarbeitung Ihrer personenbezogenen Daten jederzeit widersprechen. Dieser Widerspruch kann insbesondere gegen die Datenverarbeitung zum Zwecke der Direktwerbung erfolgen.<\/p>\n<p>Recht auf Beschwerde bei der zust\u00e4ndigen Aufsichtsbeh\u00f6rde<br>Sie haben das Recht die Datenschutzaufsichtsbeh\u00f6rde anzurufen, um dort Informationen \u00fcber Ihre Rechte aufgrund des Bundesdatenschutzgesetzes (BDSG) und sonstiger Vorschriften \u00fcber den Datenschutz, einschlie\u00dflich der Datenschutzgrundverordnung (DSGVO), zu erhalten. Dar\u00fcber hinaus steht Ihnen als Betroffener im Falle eines datenschutzrechtlichen Versto\u00dfes ein Beschwerderecht bei der zust\u00e4ndigen Aufsichtsbeh\u00f6rde&nbsp;zu.<\/p>\n<p>Zust\u00e4ndige Aufsichtsbeh\u00f6rde f\u00fcr Brandenburg:<\/p>\n<p style=\"margin-bottom: 1rem; font-size: 16px; line-height: 1.6; text-rendering: optimizelegibility; font-family: &quot;Open Sans&quot;, Helvetica, Arial; color: rgb(22, 22, 22);\">Die Landesbeauftragte f\u00fcr den Datenschutz und f\u00fcr das Recht auf Akteneinsicht<br>Dagmar Hartge<br>Stahnsdorfer Damm 77<br>14532 Kleinmachnow<\/p><p style=\"margin-bottom: 1rem; font-size: 16px; line-height: 1.6; text-rendering: optimizelegibility; font-family: &quot;Open Sans&quot;, Helvetica, Arial; color: rgb(22, 22, 22);\">Telefon: 033203\/356-0<br>Telefax: 033203\/356-49<br>E-Mail:&nbsp;<a href=\"mailto:Poststelle@LDA.Brandenburg.de\" style=\"background-color: transparent; color: rgb(193, 59, 51); text-decoration-line: underline; line-height: inherit; font-size: 1rem;\">Poststelle@LDA.Brandenburg.de<\/a><\/p><p style=\"margin-bottom: 1rem; font-size: 16px; line-height: 1.6; text-rendering: optimizelegibility; font-family: &quot;Open Sans&quot;, Helvetica, Arial; color: rgb(22, 22, 22);\"><span style=\"color: var( --e-global-color-nvprimaryaccent ); font-family: var( --e-global-typography-text-font-family ), Sans-serif; font-weight: var( --e-global-typography-text-font-weight ); background-color: var(--nv-site-bg); font-size: var(--bodyFontSize); letter-spacing: var(--bodyLetterSpacing); text-transform: var(--bodyTextTransform);\"><br><\/span><\/p><p style=\"margin-bottom: 1rem; font-size: 16px; line-height: 1.6; text-rendering: optimizelegibility; font-family: &quot;Open Sans&quot;, Helvetica, Arial; color: rgb(22, 22, 22);\"><span style=\"color: var( --e-global-color-nvprimaryaccent ); font-family: var( --e-global-typography-text-font-family ), Sans-serif; font-weight: var( --e-global-typography-text-font-weight ); background-color: var(--nv-site-bg); font-size: var(--bodyFontSize); letter-spacing: var(--bodyLetterSpacing); text-transform: var(--bodyTextTransform);\">Recht auf Einschr\u00e4nkung der Verarbeitung<\/span><br><\/p><p>Sie haben das Recht, von uns die Einschr\u00e4nkung der Verarbeitung Ihrer personenbezogenen Daten zu verlangen, wenn eine der folgenden Voraussetzungen gegeben&nbsp;ist:<\/p>\n<p>die Richtigkeit der personenbezogenen Daten von der betroffenen Person bestritten wird, und zwar f\u00fcr eine Dauer, die es dem Verantwortlichen erm\u00f6glicht, die Richtigkeit der personenbezogenen Daten zu \u00fcberpr\u00fcfen,<br>die Verarbeitung unrechtm\u00e4\u00dfig ist und die betroffene Person die L\u00f6schung der personenbezogenen Daten ablehnt und stattdessen die Einschr\u00e4nkung der Nutzung der personenbezogenen Daten verlangt;<br>der Verantwortliche die personenbezogenen Daten f\u00fcr die Zwecke der Verarbeitung nicht l\u00e4nger ben\u00f6tigt, die betroffene Person sie jedoch zur Geltendmachung, Aus\u00fcbung oder Verteidigung von Rechtsanspr\u00fcchen ben\u00f6tigt,&nbsp;oder<br>die betroffene Person Widerspruch gegen die Verarbeitung gem\u00e4\u00df Artikel 21 Absatz 1 eingelegt hat, solange noch nicht feststeht, ob die berechtigten Gr\u00fcnde des Verantwortlichen gegen\u00fcber denen der betroffenen Person \u00fcberwiegen.<\/p>\n<p>Wurde die Verarbeitung Ihrer personenbezogenen Daten wie oben beschrieben eingeschr\u00e4nkt, so d\u00fcrfen diese Daten \u2013 von ihrer Speicherung abgesehen \u2013 nur mit Ihrer Einwilligung oder zur Geltendmachung, Aus\u00fcbung oder Verteidigung von Rechtsanspr\u00fcchen oder zum Schutz der Rechte einer anderen nat\u00fcrlichen oder juristischen Person oder aus Gr\u00fcnden eines wichtigen \u00f6ffentlichen Interesses der Union oder eines Mitgliedstaats verarbeitet werden.<\/p>\n<p>Recht auf Daten\u00fcbertragbarkeit<br>Ihnen steht das Recht zu, Daten, die wir auf Grundlage Ihrer Einwilligung oder in Erf\u00fcllung eines Vertrags automatisiert verarbeiten, an sich oder an Dritte aush\u00e4ndigen zu lassen. Die Bereitstellung erfolgt in einem maschinenlesbaren Format. Sofern Sie die direkte \u00dcbertragung der Daten an einen anderen Verantwortlichen verlangen, erfolgt dies nur, soweit es technisch machbar&nbsp;ist.<\/p>\n<p>Recht auf Auskunft, Berichtigung, Sperrung, L\u00f6schung<br>Sie haben jederzeit im Rahmen der geltenden gesetzlichen Bestimmungen das Recht auf unentgeltliche Auskunft \u00fcber Ihre gespeicherten personenbezogenen Daten, Herkunft der Daten, deren Empf\u00e4nger und den Zweck der Datenverarbeitung und ggf. ein Recht auf Vervollst\u00e4ndigung, Berichtigung, Sperrung oder L\u00f6schung dieser Daten. Diesbez\u00fcglich und auch zu weiteren Fragen zum Thema personenbezogener Daten k\u00f6nnen Sie sich jederzeit \u00fcber die im Impressum aufgef\u00fchrten Kontaktm\u00f6glichkeiten an uns wenden.<\/p>\n<p>SSL- bzw. TLS-Verschl\u00fcsselung<br>Aus Sicherheitsgr\u00fcnden und zum Schutz der \u00dcbertragung vertraulicher Inhalte, die Sie an uns als Seitenbetreiber senden, nutzt unsere Website eine SSL-bzw. TLS-Verschl\u00fcsselung. Damit werden Daten, die Sie an diese Website \u00fcbermitteln, verschl\u00fcsselt \u00fcbertragen. Sie erkennen eine verschl\u00fcsselte Verbindung an der \u201ehttps:\/\/\u201c Adresszeile Ihres Browsers und am Schloss-Symbol in der Browserzeile.<\/p>\n<h3>2. Datenerhebung<\/h3>\n<p>Server-Log-Dateien<br>In Server-Log-Dateien erhebt und speichert der Provider der Website automatisch Informationen, die Ihr Browser automatisch an uns \u00fcbermittelt. Dies&nbsp;sind:<\/p>\n<p>Aufgerufene Datei \/ besuchte&nbsp;Seite<br>Datum und Uhrzeit der Serveranfrage<br>\u00dcbertragene Datenmenge<br>Browsertyp und Browserversion<br>Verwendetes Betriebssystem<br>Referrer&nbsp;URL<br>Hostname des zugreifenden Rechners<br>IP-Adresse<\/p>\n<p>Es findet keine Zusammenf\u00fchrung dieser Daten mit anderen Datenquellen statt. Die Datenverarbeitung findet zum Zwecke der technisch fehlerfreien Bereitstellung der Website statt, dies gilt insbesondere f\u00fcr die Sicherstellung von Systemsicherheit und Systemstabilit\u00e4t und um Missbrauchsf\u00e4lle aufzukl\u00e4ren. Die gespeicherten Daten werden regelm\u00e4\u00dfig automatisiert gel\u00f6scht. M\u00fcssen Daten aus Beweisgr\u00fcnden aufgehoben werden, werden diese solange von der L\u00f6schung ausgenommen, bis der Fall endg\u00fcltig gekl\u00e4rt ist. Zwingende gesetzliche Bestimmungen bleiben davon unber\u00fchrt, dies gilt insbesondere f\u00fcr gesetzliche Aufbewahrungsfristen.<\/p>\n<p>Anfragen per E\u2011Mail, Telefon oder Telefax<br>Bei Kontaktaufnahme mit uns per E\u2011Mail, Telefon oder Telefax werden die von Ihnen mitgeteilten personenbezogenen Daten wie Name, Anschrift, Telefonnummer, Faxnummer und E\u2011Mail-Adresse von uns zum Zwecke der Bearbeitung Ihrer Anfrage gespeichert und verarbeitet. Diese Daten l\u00f6schen wir, nachdem die Speicherung durch abschlie\u00dfende Bearbeitung Ihrer Anfrage nicht mehr erforderlich ist. Zwingende gesetzliche Bestimmungen bleiben davon unber\u00fchrt, dies gilt insbesondere f\u00fcr gesetzliche Aufbewahrungsfristen.<\/p>\n<p>Quelle: Datenschutz-Konfigurator von mein-datenschutzbeauftragter.de<\/p>\n<\/div>\t\t\t\t\t\t\t\t<\/div>\n\t\t\t\t<\/div>\n\t\t\t\t\t<\/div>\n\t\t<\/div>\n\t\t\t\t\t<\/div>\n\t\t<\/section>\n\t\t\t\t<\/div>","protected":false},"excerpt":{"rendered":"<p>Datenschutzerkl\u00e4rung 1. Allgemeine Hinweise und Pflichtinformationen Benennung der verantwortlichen StelleDie verantwortliche Stelle f\u00fcr die Datenverarbeitung&nbsp;ist: SHW Tourismus- und Wirtschaftsentwicklungsgesellschaft Niederfinow&nbsp;mbH Krafthaus \u2013 Lieper Schleuse&nbsp;6D\u201116248 Niederfinow Tel.: +49 (0) 33362 7182\u201350E\u2011Mail: schiffshebewerk@niederfinow.dewww.shwtouristik.com Registergericht: Amtsgericht Frankfurt (Oder)Registernummer: HRB 18715&nbsp;FF Vertretungsberechtigter Gesch\u00e4ftsf\u00fchrer: Jan M\u00f6nikes Weitere Informationen \u00fcber die o.g. verantwortliche Stelle erhalten Sie im Impressum dieser Website: Impressum&hellip;&nbsp;<a href=\"https:\/\/schiffshebewerk-niederfinow.com\/pl\/datenschutz\/\" class=\"\" rel=\"bookmark\">Czytaj dalej &raquo;<span class=\"screen-reader-text\"><\/span><\/a><\/p>","protected":false},"author":5,"featured_media":0,"parent":0,"menu_order":0,"comment_status":"closed","ping_status":"open","template":"","meta":{"neve_meta_sidebar":"","neve_meta_container":"","neve_meta_enable_content_width":"","neve_meta_content_width":0,"neve_meta_title_alignment":"","neve_meta_author_avatar":"","neve_post_elements_order":"","neve_meta_disable_header":"","neve_meta_disable_footer":"","neve_meta_disable_title":"","footnotes":""},"class_list":["post-1387","page","type-page","status-publish","hentry"],"yoast_head":"<!-- This site is optimized with the Yoast SEO plugin v26.8 - https:\/\/yoast.com\/product\/yoast-seo-wordpress\/ -->\n<title>Schiffshebewerk Niederfinow -<\/title>\n<meta name=\"description\" content=\"&quot;Besuchen Sie die Schiffshebewerke Niederfinow, Deutschlands \u00e4ltestes noch arbeitendes Schiffshebewerk direkt neben dem neuen und modernsten Hebewerk. Erleben Sie spannende F\u00fchrungen, lernen Sie die Geschichte der Hebewerke kennen und genie\u00dfen Sie einzigartige Events. Perfekt f\u00fcr Familienausfl\u00fcge, Gruppenreisen und Technikbegeisterte.&quot;\" \/>\n<meta name=\"robots\" content=\"index, follow, max-snippet:-1, max-image-preview:large, max-video-preview:-1\" \/>\n<link rel=\"canonical\" href=\"https:\/\/schiffshebewerk-niederfinow.com\/pl\/datenschutz\/\" \/>\n<meta property=\"og:locale\" content=\"pl_PL\" \/>\n<meta property=\"og:type\" content=\"article\" \/>\n<meta property=\"og:title\" content=\"Schiffshebewerk Niederfinow -\" \/>\n<meta property=\"og:description\" content=\"&quot;Besuchen Sie die Schiffshebewerke Niederfinow, Deutschlands \u00e4ltestes noch arbeitendes Schiffshebewerk direkt neben dem neuen und modernsten Hebewerk. Erleben Sie spannende F\u00fchrungen, lernen Sie die Geschichte der Hebewerke kennen und genie\u00dfen Sie einzigartige Events. Perfekt f\u00fcr Familienausfl\u00fcge, Gruppenreisen und Technikbegeisterte.&quot;\" \/>\n<meta property=\"og:url\" content=\"https:\/\/schiffshebewerk-niederfinow.com\/pl\/datenschutz\/\" \/>\n<meta property=\"og:site_name\" content=\"Schiffshebewerk Niederfinow\" \/>\n<meta property=\"article:modified_time\" content=\"2022-10-12T16:28:33+00:00\" \/>\n<meta name=\"twitter:card\" content=\"summary_large_image\" \/>\n<meta name=\"twitter:label1\" content=\"Szacowany czas czytania\" \/>\n\t<meta name=\"twitter:data1\" content=\"6 minut\" \/>\n<script type=\"application\/ld+json\" class=\"yoast-schema-graph\">{\"@context\":\"https:\/\/schema.org\",\"@graph\":[{\"@type\":\"WebPage\",\"@id\":\"https:\/\/schiffshebewerk-niederfinow.com\/datenschutz\/\",\"url\":\"https:\/\/schiffshebewerk-niederfinow.com\/datenschutz\/\",\"name\":\"Schiffshebewerk Niederfinow -\",\"isPartOf\":{\"@id\":\"https:\/\/schiffshebewerk-niederfinow.com\/#website\"},\"datePublished\":\"2021-12-02T12:51:23+00:00\",\"dateModified\":\"2022-10-12T16:28:33+00:00\",\"description\":\"\\\"Besuchen Sie die Schiffshebewerke Niederfinow, Deutschlands \u00e4ltestes noch arbeitendes Schiffshebewerk direkt neben dem neuen und modernsten Hebewerk. Erleben Sie spannende F\u00fchrungen, lernen Sie die Geschichte der Hebewerke kennen und genie\u00dfen Sie einzigartige Events. Perfekt f\u00fcr Familienausfl\u00fcge, Gruppenreisen und Technikbegeisterte.\\\"\",\"inLanguage\":\"pl-PL\",\"potentialAction\":[{\"@type\":\"ReadAction\",\"target\":[\"https:\/\/schiffshebewerk-niederfinow.com\/datenschutz\/\"]}]},{\"@type\":\"WebSite\",\"@id\":\"https:\/\/schiffshebewerk-niederfinow.com\/#website\",\"url\":\"https:\/\/schiffshebewerk-niederfinow.com\/\",\"name\":\"Schiffshebewerk Niederfinow\",\"description\":\"\",\"publisher\":{\"@id\":\"https:\/\/schiffshebewerk-niederfinow.com\/#organization\"},\"potentialAction\":[{\"@type\":\"SearchAction\",\"target\":{\"@type\":\"EntryPoint\",\"urlTemplate\":\"https:\/\/schiffshebewerk-niederfinow.com\/?s={search_term_string}\"},\"query-input\":{\"@type\":\"PropertyValueSpecification\",\"valueRequired\":true,\"valueName\":\"search_term_string\"}}],\"inLanguage\":\"pl-PL\"},{\"@type\":\"Organization\",\"@id\":\"https:\/\/schiffshebewerk-niederfinow.com\/#organization\",\"name\":\"Schiffshebewerk Niederfinow\",\"url\":\"https:\/\/schiffshebewerk-niederfinow.com\/\",\"logo\":{\"@type\":\"ImageObject\",\"inLanguage\":\"pl-PL\",\"@id\":\"https:\/\/schiffshebewerk-niederfinow.com\/#\/schema\/logo\/image\/\",\"url\":\"https:\/\/schiffshebewerk-niederfinow.com\/wp-content-784723398\/uploads\/2021\/11\/cropped-cropped-SHW_Marke_final_small.png\",\"contentUrl\":\"https:\/\/schiffshebewerk-niederfinow.com\/wp-content-784723398\/uploads\/2021\/11\/cropped-cropped-SHW_Marke_final_small.png\",\"width\":180,\"height\":108,\"caption\":\"Schiffshebewerk Niederfinow\"},\"image\":{\"@id\":\"https:\/\/schiffshebewerk-niederfinow.com\/#\/schema\/logo\/image\/\"}}]}<\/script>\n<!-- \/ Yoast SEO plugin. -->","yoast_head_json":{"title":"Schiffshebewerk Niederfinow -","description":"\"Besuchen Sie die Schiffshebewerke Niederfinow, Deutschlands \\u00e4ltestes noch arbeitendes Schiffshebewerk direkt neben dem neuen und modernsten Hebewerk. Erleben Sie spannende F\\u00fchrungen, lernen Sie die Geschichte der Hebewerke kennen und genie\\u00dfen Sie einzigartige Events. Perfekt f\\u00fcr Familienausfl\\u00fcge, Gruppenreisen und Technikbegeisterte.\"","robots":{"index":"index","follow":"follow","max-snippet":"max-snippet:-1","max-image-preview":"max-image-preview:large","max-video-preview":"max-video-preview:-1"},"canonical":"https:\/\/schiffshebewerk-niederfinow.com\/pl\/datenschutz\/","og_locale":"pl_PL","og_type":"article","og_title":"Schiffshebewerk Niederfinow -","og_description":"\"Besuchen Sie die Schiffshebewerke Niederfinow, Deutschlands \u00e4ltestes noch arbeitendes Schiffshebewerk direkt neben dem neuen und modernsten Hebewerk. Erleben Sie spannende F\u00fchrungen, lernen Sie die Geschichte der Hebewerke kennen und genie\u00dfen Sie einzigartige Events. Perfekt f\u00fcr Familienausfl\u00fcge, Gruppenreisen und Technikbegeisterte.\"","og_url":"https:\/\/schiffshebewerk-niederfinow.com\/pl\/datenschutz\/","og_site_name":"Schiffshebewerk Niederfinow","article_modified_time":"2022-10-12T16:28:33+00:00","twitter_card":"summary_large_image","twitter_misc":{"Szacowany czas czytania":"6 minut"},"schema":{"@context":"https:\/\/schema.org","@graph":[{"@type":"WebPage","@id":"https:\/\/schiffshebewerk-niederfinow.com\/datenschutz\/","url":"https:\/\/schiffshebewerk-niederfinow.com\/datenschutz\/","name":"Schiffshebewerk Niederfinow -","isPartOf":{"@id":"https:\/\/schiffshebewerk-niederfinow.com\/#website"},"datePublished":"2021-12-02T12:51:23+00:00","dateModified":"2022-10-12T16:28:33+00:00","description":"\"Besuchen Sie die Schiffshebewerke Niederfinow, Deutschlands \\u00e4ltestes noch arbeitendes Schiffshebewerk direkt neben dem neuen und modernsten Hebewerk. Erleben Sie spannende F\\u00fchrungen, lernen Sie die Geschichte der Hebewerke kennen und genie\\u00dfen Sie einzigartige Events. Perfekt f\\u00fcr Familienausfl\\u00fcge, Gruppenreisen und Technikbegeisterte.\"","inLanguage":"pl-PL","potentialAction":[{"@type":"ReadAction","target":["https:\/\/schiffshebewerk-niederfinow.com\/datenschutz\/"]}]},{"@type":"WebSite","@id":"https:\/\/schiffshebewerk-niederfinow.com\/#website","url":"https:\/\/schiffshebewerk-niederfinow.com\/","name":"Schiffshebewerk Niederfinow","description":"","publisher":{"@id":"https:\/\/schiffshebewerk-niederfinow.com\/#organization"},"potentialAction":[{"@type":"SearchAction","target":{"@type":"EntryPoint","urlTemplate":"https:\/\/schiffshebewerk-niederfinow.com\/?s={search_term_string}"},"query-input":{"@type":"PropertyValueSpecification","valueRequired":true,"valueName":"search_term_string"}}],"inLanguage":"pl-PL"},{"@type":"Organization","@id":"https:\/\/schiffshebewerk-niederfinow.com\/#organization","name":"Schiffshebewerk Niederfinow","url":"https:\/\/schiffshebewerk-niederfinow.com\/","logo":{"@type":"ImageObject","inLanguage":"pl-PL","@id":"https:\/\/schiffshebewerk-niederfinow.com\/#\/schema\/logo\/image\/","url":"https:\/\/schiffshebewerk-niederfinow.com\/wp-content-784723398\/uploads\/2021\/11\/cropped-cropped-SHW_Marke_final_small.png","contentUrl":"https:\/\/schiffshebewerk-niederfinow.com\/wp-content-784723398\/uploads\/2021\/11\/cropped-cropped-SHW_Marke_final_small.png","width":180,"height":108,"caption":"Schiffshebewerk Niederfinow"},"image":{"@id":"https:\/\/schiffshebewerk-niederfinow.com\/#\/schema\/logo\/image\/"}}]}},"_links":{"self":[{"href":"https:\/\/schiffshebewerk-niederfinow.com\/pl\/wp-json\/wp\/v2\/pages\/1387","targetHints":{"allow":["GET"]}}],"collection":[{"href":"https:\/\/schiffshebewerk-niederfinow.com\/pl\/wp-json\/wp\/v2\/pages"}],"about":[{"href":"https:\/\/schiffshebewerk-niederfinow.com\/pl\/wp-json\/wp\/v2\/types\/page"}],"author":[{"embeddable":true,"href":"https:\/\/schiffshebewerk-niederfinow.com\/pl\/wp-json\/wp\/v2\/users\/5"}],"replies":[{"embeddable":true,"href":"https:\/\/schiffshebewerk-niederfinow.com\/pl\/wp-json\/wp\/v2\/comments?post=1387"}],"version-history":[{"count":7,"href":"https:\/\/schiffshebewerk-niederfinow.com\/pl\/wp-json\/wp\/v2\/pages\/1387\/revisions"}],"predecessor-version":[{"id":4676,"href":"https:\/\/schiffshebewerk-niederfinow.com\/pl\/wp-json\/wp\/v2\/pages\/1387\/revisions\/4676"}],"wp:attachment":[{"href":"https:\/\/schiffshebewerk-niederfinow.com\/pl\/wp-json\/wp\/v2\/media?parent=1387"}],"curies":[{"name":"wp","href":"https:\/\/api.w.org\/{rel}","templated":true}]}}