{"id":1185,"date":"2021-11-24T13:43:24","date_gmt":"2021-11-24T12:43:24","guid":{"rendered":"https:\/\/schiffshebewerk-niederfinow.com\/?page_id=1185"},"modified":"2023-03-31T10:19:54","modified_gmt":"2023-03-31T08:19:54","slug":"fuehrung-historisches-hebewerk","status":"publish","type":"page","link":"https:\/\/schiffshebewerk-niederfinow.com\/en\/fuehrung-historisches-hebewerk\/","title":{"rendered":"F\u00fchrung &#8222;Historisches Hebewerk&#8220;"},"content":{"rendered":"<h2>F\u00fchrung durch das historische Hebewerk<\/h2>\n<p>Die maximale Anzahl an Personen auf dem Gel\u00e4nde der Hebewerke ist limitiert. Die Besichtigung des alten Hebwerkes und des Besuchergel\u00e4ndes des neuen Hebewerkes ist <strong>individuell<\/strong> m\u00f6glich. Der Zugang <strong>ins<\/strong> neue Hebewerk ist dagegen dauerhaft nur im Rahmen von gef\u00fchrten Rundg\u00e4ngen gestattet. Diese starten t\u00e4glich zwischen 10:00 und 17:00 Uhr mindestens jede halbe Stunde. Tickets daf\u00fcr sind im Infozentrum erh\u00e4ltlich. Einer vorherigen Anmeldung bei Gruppen bis 15 Personen ist weder n\u00f6tig noch m\u00f6glich.<\/p>\n<p>F\u00fchrungen nur f\u00fcr das historische Schiffshebewerk werde aufgrund der gesunkenen Nachfrage zur Zeit nur noch im Rahmen der Sonderf\u00fchrung &#8222;Ins Herz des Hebewerkes&#8220; oder f\u00fcr Gruppen nach individueller Vereinbarung angeboten. Bei Interesse schreiben Sie daher bitte eine E-Mail an: <a href=\"mailto:visit@niederfinow.de\">visit@niederfinow.de<\/a><\/p>\n<style>\/*! elementor - v3.6.5 - 27-04-2022 *\/<br \/>\n.elementor-widget-image{text-align:center}.elementor-widget-image a{display:inline-block}.elementor-widget-image a img[src$=\".svg\"]{width:48px}.elementor-widget-image img{vertical-align:middle;display:inline-block}<\/style>\n<p><img fetchpriority=\"high\" decoding=\"async\" src=\"https:\/\/schiffshebewerk-niederfinow.com\/wp-content-784723398\/uploads\/2021\/11\/fuehrung_historisch.jpg\" sizes=\"(max-width: 705px) 100vw, 705px\" srcset=\"https:\/\/schiffshebewerk-niederfinow.com\/wp-content-784723398\/uploads\/2021\/11\/fuehrung_historisch.jpg 705w, https:\/\/schiffshebewerk-niederfinow.com\/wp-content-784723398\/uploads\/2021\/11\/fuehrung_historisch-300x298.jpg 300w, https:\/\/schiffshebewerk-niederfinow.com\/wp-content-784723398\/uploads\/2021\/11\/fuehrung_historisch-150x150.jpg 150w, https:\/\/schiffshebewerk-niederfinow.com\/wp-content-784723398\/uploads\/2021\/11\/fuehrung_historisch-12x12.jpg 12w\" alt=\"Guide zeigt auf einfahrendes Schiff\" width=\"705\" height=\"700\" \/><\/p>\n<h3>Tickets<\/h3>\n<p>Im Infozentrum &#8211; nur nach vorheriger Anmeldung\/ Vereinbarung<\/p>\n<h3>nicht barrierefrei<\/h3>\n<p>Der Zugang zum Hebewerk ist nicht durchg\u00e4ngig barrierefrei<\/p>\n<p><img decoding=\"async\" src=\"https:\/\/schiffshebewerk-niederfinow.com\/wp-content-784723398\/uploads\/2021\/11\/schalter.jpg\" sizes=\"(max-width: 705px) 100vw, 705px\" srcset=\"https:\/\/schiffshebewerk-niederfinow.com\/wp-content-784723398\/uploads\/2021\/11\/schalter.jpg 705w, https:\/\/schiffshebewerk-niederfinow.com\/wp-content-784723398\/uploads\/2021\/11\/schalter-300x298.jpg 300w, https:\/\/schiffshebewerk-niederfinow.com\/wp-content-784723398\/uploads\/2021\/11\/schalter-150x150.jpg 150w, https:\/\/schiffshebewerk-niederfinow.com\/wp-content-784723398\/uploads\/2021\/11\/schalter-12x12.jpg 12w\" alt=\"Infozentrum Eingang\" width=\"705\" height=\"700\" \/><\/p>\n<h2>Ticketverkauf<\/h2>\n<p>Tickets f\u00fcr individuelle Besichtigungen erhalten Sie im Infozentrum sowie an den Kassenautomaten davor. Bitte beachten Sie, dass an den Kassenautomaten ausschlie\u00dflich Tickets f\u00fcr den Zugang \u00fcber das Drehkreuz erh\u00e4ltlich sind.<\/p>\n<p>Achtung: Das Drehkreuz ist nicht geeignet f\u00fcr Kinderwagen, Rollst\u00fchle, Rollatoren sowie gro\u00dfe Hunde. Tickets daf\u00fcr erhalten Sie nur im Infozentrum.<\/p>\n<p>Weitere Infos zu unseren Besichtigungen und F\u00fchrungen finden Sie hier<\/p>\n<p><a role=\"button\" href=\"https:\/\/schiffshebewerk-niederfinow.com\/infozentrum2\/\"><br \/>\nInfozentrum<br \/>\n<\/a><\/p>\n<h2>Impressionen<\/h2>\n<p>Neugierig? Hier finden Sie Impressionen der gef\u00fchrten Tour.<\/p>\n<style>\/*! elementor - v3.6.5 - 27-04-2022 *\/<br \/>\n.elementor-widget-image-carousel .swiper-container{position:static}.elementor-widget-image-carousel .swiper-container .swiper-slide figure{line-height:inherit}.elementor-widget-image-carousel .swiper-slide{text-align:center}.elementor-image-carousel-wrapper:not(.swiper-container-initialized) .swiper-slide{max-width:calc(100% \/ var(--e-image-carousel-slides-to-show, 3))}<\/style>\n<figure><img decoding=\"async\" src=\"https:\/\/schiffshebewerk-niederfinow.com\/wp-content-784723398\/uploads\/2021\/11\/guide1-768x576.jpg\" alt=\"Guide zeigt auf einfahrendes Schiff\" \/><\/figure>\n<figure><img decoding=\"async\" src=\"https:\/\/schiffshebewerk-niederfinow.com\/wp-content-784723398\/uploads\/2021\/11\/guide2-1-768x576.jpg\" alt=\"Guide erkl\u00e4rt Mechanik f\u00fcr Trogfahrt\" \/><\/figure>\n<figure><img decoding=\"async\" src=\"https:\/\/schiffshebewerk-niederfinow.com\/wp-content-784723398\/uploads\/2021\/11\/IMG_5073-768x576.jpg\" alt=\"Guide zeigt Trogbr\u00fccke\" \/><\/figure>\n<figure><img decoding=\"async\" src=\"https:\/\/schiffshebewerk-niederfinow.com\/wp-content-784723398\/uploads\/2021\/11\/IMG_5108-768x576.jpg\" alt=\"Guide zeigt Trog\" \/><\/figure>\n<figure><img decoding=\"async\" src=\"https:\/\/schiffshebewerk-niederfinow.com\/wp-content-784723398\/uploads\/2021\/11\/IMG_5054-768x576.jpg\" alt=\"Guide zeigt Oderbruch\" \/><\/figure>\n<p>Zur\u00fcck<br \/>\nWeiter<\/p>\n","protected":false},"excerpt":{"rendered":"<p>F\u00fchrung durch das historische Hebewerk Die maximale Anzahl an Personen auf dem Gel\u00e4nde der Hebewerke ist limitiert. Die Besichtigung des alten Hebwerkes und des Besuchergel\u00e4ndes des neuen Hebewerkes ist individuell m\u00f6glich. Der Zugang ins neue Hebewerk ist dagegen dauerhaft nur im Rahmen von gef\u00fchrten Rundg\u00e4ngen gestattet. Diese starten t\u00e4glich zwischen 10:00 und 17:00 Uhr mindestens&hellip;&nbsp;<a href=\"https:\/\/schiffshebewerk-niederfinow.com\/en\/fuehrung-historisches-hebewerk\/\" class=\"\" rel=\"bookmark\">Read More &raquo;<span class=\"screen-reader-text\">F\u00fchrung &#8222;Historisches Hebewerk&#8220;<\/span><\/a><\/p>","protected":false},"author":5,"featured_media":0,"parent":0,"menu_order":0,"comment_status":"closed","ping_status":"closed","template":"","meta":{"neve_meta_sidebar":"","neve_meta_container":"","neve_meta_enable_content_width":"on","neve_meta_content_width":100,"neve_meta_title_alignment":"","neve_meta_author_avatar":"","neve_post_elements_order":"","neve_meta_disable_header":"","neve_meta_disable_footer":"","neve_meta_disable_title":"on","footnotes":""},"class_list":["post-1185","page","type-page","status-publish","hentry"],"yoast_head":"<!-- This site is optimized with the Yoast SEO plugin v26.8 - https:\/\/yoast.com\/product\/yoast-seo-wordpress\/ -->\n<title>Schiffshebewerk Niederfinow - F\u00fchrung &quot;Historisches Hebewerk&quot;<\/title>\n<meta name=\"description\" content=\"&quot;Besuchen Sie die Schiffshebewerke Niederfinow, Deutschlands \u00e4ltestes noch arbeitendes Schiffshebewerk direkt neben dem neuen und modernsten Hebewerk. Erleben Sie spannende F\u00fchrungen, lernen Sie die Geschichte der Hebewerke kennen und genie\u00dfen Sie einzigartige Events. Perfekt f\u00fcr Familienausfl\u00fcge, Gruppenreisen und Technikbegeisterte.&quot;\" \/>\n<meta name=\"robots\" content=\"index, follow, max-snippet:-1, max-image-preview:large, max-video-preview:-1\" \/>\n<link rel=\"canonical\" href=\"https:\/\/schiffshebewerk-niederfinow.com\/en\/fuehrung-historisches-hebewerk\/\" \/>\n<meta property=\"og:locale\" content=\"en_GB\" \/>\n<meta property=\"og:type\" content=\"article\" \/>\n<meta property=\"og:title\" content=\"Schiffshebewerk Niederfinow - F\u00fchrung &quot;Historisches Hebewerk&quot;\" \/>\n<meta property=\"og:description\" content=\"&quot;Besuchen Sie die Schiffshebewerke Niederfinow, Deutschlands \u00e4ltestes noch arbeitendes Schiffshebewerk direkt neben dem neuen und modernsten Hebewerk. Erleben Sie spannende F\u00fchrungen, lernen Sie die Geschichte der Hebewerke kennen und genie\u00dfen Sie einzigartige Events. Perfekt f\u00fcr Familienausfl\u00fcge, Gruppenreisen und Technikbegeisterte.&quot;\" \/>\n<meta property=\"og:url\" content=\"https:\/\/schiffshebewerk-niederfinow.com\/en\/fuehrung-historisches-hebewerk\/\" \/>\n<meta property=\"og:site_name\" content=\"Schiffshebewerk Niederfinow\" \/>\n<meta property=\"article:modified_time\" content=\"2023-03-31T08:19:54+00:00\" \/>\n<meta property=\"og:image\" content=\"https:\/\/schiffshebewerk-niederfinow.com\/wp-content-784723398\/uploads\/2021\/11\/fuehrung_historisch.jpg\" \/>\n<meta name=\"twitter:card\" content=\"summary_large_image\" \/>\n<meta name=\"twitter:label1\" content=\"Estimated reading time\" \/>\n\t<meta name=\"twitter:data1\" content=\"1 minute\" \/>\n<script type=\"application\/ld+json\" class=\"yoast-schema-graph\">{\"@context\":\"https:\/\/schema.org\",\"@graph\":[{\"@type\":\"WebPage\",\"@id\":\"https:\/\/schiffshebewerk-niederfinow.com\/fuehrung-historisches-hebewerk\/\",\"url\":\"https:\/\/schiffshebewerk-niederfinow.com\/fuehrung-historisches-hebewerk\/\",\"name\":\"Schiffshebewerk Niederfinow - F\u00fchrung \\\"Historisches Hebewerk\\\"\",\"isPartOf\":{\"@id\":\"https:\/\/schiffshebewerk-niederfinow.com\/#website\"},\"primaryImageOfPage\":{\"@id\":\"https:\/\/schiffshebewerk-niederfinow.com\/fuehrung-historisches-hebewerk\/#primaryimage\"},\"image\":{\"@id\":\"https:\/\/schiffshebewerk-niederfinow.com\/fuehrung-historisches-hebewerk\/#primaryimage\"},\"thumbnailUrl\":\"https:\/\/schiffshebewerk-niederfinow.com\/wp-content-784723398\/uploads\/2021\/11\/fuehrung_historisch.jpg\",\"datePublished\":\"2021-11-24T12:43:24+00:00\",\"dateModified\":\"2023-03-31T08:19:54+00:00\",\"description\":\"\\\"Besuchen Sie die Schiffshebewerke Niederfinow, Deutschlands \u00e4ltestes noch arbeitendes Schiffshebewerk direkt neben dem neuen und modernsten Hebewerk. Erleben Sie spannende F\u00fchrungen, lernen Sie die Geschichte der Hebewerke kennen und genie\u00dfen Sie einzigartige Events. Perfekt f\u00fcr Familienausfl\u00fcge, Gruppenreisen und Technikbegeisterte.\\\"\",\"breadcrumb\":{\"@id\":\"https:\/\/schiffshebewerk-niederfinow.com\/fuehrung-historisches-hebewerk\/#breadcrumb\"},\"inLanguage\":\"en-GB\",\"potentialAction\":[{\"@type\":\"ReadAction\",\"target\":[\"https:\/\/schiffshebewerk-niederfinow.com\/fuehrung-historisches-hebewerk\/\"]}]},{\"@type\":\"ImageObject\",\"inLanguage\":\"en-GB\",\"@id\":\"https:\/\/schiffshebewerk-niederfinow.com\/fuehrung-historisches-hebewerk\/#primaryimage\",\"url\":\"https:\/\/schiffshebewerk-niederfinow.com\/wp-content-784723398\/uploads\/2021\/11\/fuehrung_historisch.jpg\",\"contentUrl\":\"https:\/\/schiffshebewerk-niederfinow.com\/wp-content-784723398\/uploads\/2021\/11\/fuehrung_historisch.jpg\"},{\"@type\":\"BreadcrumbList\",\"@id\":\"https:\/\/schiffshebewerk-niederfinow.com\/fuehrung-historisches-hebewerk\/#breadcrumb\",\"itemListElement\":[{\"@type\":\"ListItem\",\"position\":1,\"name\":\"Startseite\",\"item\":\"https:\/\/schiffshebewerk-niederfinow.com\/\"},{\"@type\":\"ListItem\",\"position\":2,\"name\":\"F\u00fchrung &#8222;Historisches Hebewerk&#8220;\"}]},{\"@type\":\"WebSite\",\"@id\":\"https:\/\/schiffshebewerk-niederfinow.com\/#website\",\"url\":\"https:\/\/schiffshebewerk-niederfinow.com\/\",\"name\":\"Schiffshebewerk Niederfinow\",\"description\":\"\",\"publisher\":{\"@id\":\"https:\/\/schiffshebewerk-niederfinow.com\/#organization\"},\"potentialAction\":[{\"@type\":\"SearchAction\",\"target\":{\"@type\":\"EntryPoint\",\"urlTemplate\":\"https:\/\/schiffshebewerk-niederfinow.com\/?s={search_term_string}\"},\"query-input\":{\"@type\":\"PropertyValueSpecification\",\"valueRequired\":true,\"valueName\":\"search_term_string\"}}],\"inLanguage\":\"en-GB\"},{\"@type\":\"Organization\",\"@id\":\"https:\/\/schiffshebewerk-niederfinow.com\/#organization\",\"name\":\"Schiffshebewerk Niederfinow\",\"url\":\"https:\/\/schiffshebewerk-niederfinow.com\/\",\"logo\":{\"@type\":\"ImageObject\",\"inLanguage\":\"en-GB\",\"@id\":\"https:\/\/schiffshebewerk-niederfinow.com\/#\/schema\/logo\/image\/\",\"url\":\"https:\/\/schiffshebewerk-niederfinow.com\/wp-content-784723398\/uploads\/2021\/11\/cropped-cropped-SHW_Marke_final_small.png\",\"contentUrl\":\"https:\/\/schiffshebewerk-niederfinow.com\/wp-content-784723398\/uploads\/2021\/11\/cropped-cropped-SHW_Marke_final_small.png\",\"width\":180,\"height\":108,\"caption\":\"Schiffshebewerk Niederfinow\"},\"image\":{\"@id\":\"https:\/\/schiffshebewerk-niederfinow.com\/#\/schema\/logo\/image\/\"}}]}<\/script>\n<!-- \/ Yoast SEO plugin. -->","yoast_head_json":{"title":"Schiffshebewerk Niederfinow - F\u00fchrung \"Historisches Hebewerk\"","description":"\"Besuchen Sie die Schiffshebewerke Niederfinow, Deutschlands \\u00e4ltestes noch arbeitendes Schiffshebewerk direkt neben dem neuen und modernsten Hebewerk. Erleben Sie spannende F\\u00fchrungen, lernen Sie die Geschichte der Hebewerke kennen und genie\\u00dfen Sie einzigartige Events. Perfekt f\\u00fcr Familienausfl\\u00fcge, Gruppenreisen und Technikbegeisterte.\"","robots":{"index":"index","follow":"follow","max-snippet":"max-snippet:-1","max-image-preview":"max-image-preview:large","max-video-preview":"max-video-preview:-1"},"canonical":"https:\/\/schiffshebewerk-niederfinow.com\/en\/fuehrung-historisches-hebewerk\/","og_locale":"en_GB","og_type":"article","og_title":"Schiffshebewerk Niederfinow - F\u00fchrung \"Historisches Hebewerk\"","og_description":"\"Besuchen Sie die Schiffshebewerke Niederfinow, Deutschlands \u00e4ltestes noch arbeitendes Schiffshebewerk direkt neben dem neuen und modernsten Hebewerk. Erleben Sie spannende F\u00fchrungen, lernen Sie die Geschichte der Hebewerke kennen und genie\u00dfen Sie einzigartige Events. Perfekt f\u00fcr Familienausfl\u00fcge, Gruppenreisen und Technikbegeisterte.\"","og_url":"https:\/\/schiffshebewerk-niederfinow.com\/en\/fuehrung-historisches-hebewerk\/","og_site_name":"Schiffshebewerk Niederfinow","article_modified_time":"2023-03-31T08:19:54+00:00","og_image":[{"url":"https:\/\/schiffshebewerk-niederfinow.com\/wp-content-784723398\/uploads\/2021\/11\/fuehrung_historisch.jpg","type":"","width":"","height":""}],"twitter_card":"summary_large_image","twitter_misc":{"Estimated reading time":"1 minute"},"schema":{"@context":"https:\/\/schema.org","@graph":[{"@type":"WebPage","@id":"https:\/\/schiffshebewerk-niederfinow.com\/fuehrung-historisches-hebewerk\/","url":"https:\/\/schiffshebewerk-niederfinow.com\/fuehrung-historisches-hebewerk\/","name":"Schiffshebewerk Niederfinow - F\u00fchrung \"Historisches Hebewerk\"","isPartOf":{"@id":"https:\/\/schiffshebewerk-niederfinow.com\/#website"},"primaryImageOfPage":{"@id":"https:\/\/schiffshebewerk-niederfinow.com\/fuehrung-historisches-hebewerk\/#primaryimage"},"image":{"@id":"https:\/\/schiffshebewerk-niederfinow.com\/fuehrung-historisches-hebewerk\/#primaryimage"},"thumbnailUrl":"https:\/\/schiffshebewerk-niederfinow.com\/wp-content-784723398\/uploads\/2021\/11\/fuehrung_historisch.jpg","datePublished":"2021-11-24T12:43:24+00:00","dateModified":"2023-03-31T08:19:54+00:00","description":"\"Besuchen Sie die Schiffshebewerke Niederfinow, Deutschlands \\u00e4ltestes noch arbeitendes Schiffshebewerk direkt neben dem neuen und modernsten Hebewerk. Erleben Sie spannende F\\u00fchrungen, lernen Sie die Geschichte der Hebewerke kennen und genie\\u00dfen Sie einzigartige Events. Perfekt f\\u00fcr Familienausfl\\u00fcge, Gruppenreisen und Technikbegeisterte.\"","breadcrumb":{"@id":"https:\/\/schiffshebewerk-niederfinow.com\/fuehrung-historisches-hebewerk\/#breadcrumb"},"inLanguage":"en-GB","potentialAction":[{"@type":"ReadAction","target":["https:\/\/schiffshebewerk-niederfinow.com\/fuehrung-historisches-hebewerk\/"]}]},{"@type":"ImageObject","inLanguage":"en-GB","@id":"https:\/\/schiffshebewerk-niederfinow.com\/fuehrung-historisches-hebewerk\/#primaryimage","url":"https:\/\/schiffshebewerk-niederfinow.com\/wp-content-784723398\/uploads\/2021\/11\/fuehrung_historisch.jpg","contentUrl":"https:\/\/schiffshebewerk-niederfinow.com\/wp-content-784723398\/uploads\/2021\/11\/fuehrung_historisch.jpg"},{"@type":"BreadcrumbList","@id":"https:\/\/schiffshebewerk-niederfinow.com\/fuehrung-historisches-hebewerk\/#breadcrumb","itemListElement":[{"@type":"ListItem","position":1,"name":"Startseite","item":"https:\/\/schiffshebewerk-niederfinow.com\/"},{"@type":"ListItem","position":2,"name":"F\u00fchrung &#8222;Historisches Hebewerk&#8220;"}]},{"@type":"WebSite","@id":"https:\/\/schiffshebewerk-niederfinow.com\/#website","url":"https:\/\/schiffshebewerk-niederfinow.com\/","name":"Schiffshebewerk Niederfinow","description":"","publisher":{"@id":"https:\/\/schiffshebewerk-niederfinow.com\/#organization"},"potentialAction":[{"@type":"SearchAction","target":{"@type":"EntryPoint","urlTemplate":"https:\/\/schiffshebewerk-niederfinow.com\/?s={search_term_string}"},"query-input":{"@type":"PropertyValueSpecification","valueRequired":true,"valueName":"search_term_string"}}],"inLanguage":"en-GB"},{"@type":"Organization","@id":"https:\/\/schiffshebewerk-niederfinow.com\/#organization","name":"Schiffshebewerk Niederfinow","url":"https:\/\/schiffshebewerk-niederfinow.com\/","logo":{"@type":"ImageObject","inLanguage":"en-GB","@id":"https:\/\/schiffshebewerk-niederfinow.com\/#\/schema\/logo\/image\/","url":"https:\/\/schiffshebewerk-niederfinow.com\/wp-content-784723398\/uploads\/2021\/11\/cropped-cropped-SHW_Marke_final_small.png","contentUrl":"https:\/\/schiffshebewerk-niederfinow.com\/wp-content-784723398\/uploads\/2021\/11\/cropped-cropped-SHW_Marke_final_small.png","width":180,"height":108,"caption":"Schiffshebewerk Niederfinow"},"image":{"@id":"https:\/\/schiffshebewerk-niederfinow.com\/#\/schema\/logo\/image\/"}}]}},"_links":{"self":[{"href":"https:\/\/schiffshebewerk-niederfinow.com\/en\/wp-json\/wp\/v2\/pages\/1185","targetHints":{"allow":["GET"]}}],"collection":[{"href":"https:\/\/schiffshebewerk-niederfinow.com\/en\/wp-json\/wp\/v2\/pages"}],"about":[{"href":"https:\/\/schiffshebewerk-niederfinow.com\/en\/wp-json\/wp\/v2\/types\/page"}],"author":[{"embeddable":true,"href":"https:\/\/schiffshebewerk-niederfinow.com\/en\/wp-json\/wp\/v2\/users\/5"}],"replies":[{"embeddable":true,"href":"https:\/\/schiffshebewerk-niederfinow.com\/en\/wp-json\/wp\/v2\/comments?post=1185"}],"version-history":[{"count":5,"href":"https:\/\/schiffshebewerk-niederfinow.com\/en\/wp-json\/wp\/v2\/pages\/1185\/revisions"}],"predecessor-version":[{"id":2537,"href":"https:\/\/schiffshebewerk-niederfinow.com\/en\/wp-json\/wp\/v2\/pages\/1185\/revisions\/2537"}],"wp:attachment":[{"href":"https:\/\/schiffshebewerk-niederfinow.com\/en\/wp-json\/wp\/v2\/media?parent=1185"}],"curies":[{"name":"wp","href":"https:\/\/api.w.org\/{rel}","templated":true}]}}